{"id":3286,"date":"2022-12-03T17:19:03","date_gmt":"2022-12-03T16:19:03","guid":{"rendered":"https:\/\/www.sainttropez.aeroport.fr\/rayol-gardens"},"modified":"2025-04-21T23:20:42","modified_gmt":"2025-04-21T22:20:42","slug":"rayol-gardens","status":"publish","type":"page","link":"https:\/\/www.sainttropez.aeroport.fr\/en\/discover-the-peninsula\/rayol-gardens","title":{"rendered":"Rayol Gardens"},"content":{"rendered":"\n<div class=\"wp-block-group alignwide has-w-background-color has-background is-layout-flow wp-block-group-is-layout-flow\">\n<p class=\"wp-block-paragraph\">At the foot of the Massif des Maures, Domaine du Rayol represents an exceptional natural and architectural heritage. In 1989, the Conservatoire du Littoral commissioned landscape architect Gilles Cl\u00e9ment to restore the site. He designed the Jardin des M\u00e9diterran\u00e9es, an evocation of the world&#8217;s Mediterranean landscapes.<\/p>\n\n\n\n<p class=\"wp-block-paragraph\">The Domaine du Rayol is a 20-hectare protected natural area, owned by the Conservatoire du Littoral, located at Le Rayol-Canadel-sur-Mer, at the foot of the Massif des Maures and facing the Iles d&#8217;Hy\u00e8res, in the Var region between Le Lavandou and Saint-Tropez.<\/p>\n\n\n\n<figure class=\"wp-block-image alignfull size-full\"><img loading=\"lazy\" decoding=\"async\" width=\"940\" height=\"553\" data-tippy-content=\"les-jardins-du-rayol-2\" src=\"https:\/\/www.sainttropez.aeroport.fr\/app\/uploads\/2022\/12\/les-jardins-du-rayol-2.jpg\" alt=\"\" class=\"wp-image-1714\" srcset=\"https:\/\/www.sainttropez.aeroport.fr\/app\/uploads\/2022\/12\/les-jardins-du-rayol-2.jpg 940w, https:\/\/www.sainttropez.aeroport.fr\/app\/uploads\/2022\/12\/les-jardins-du-rayol-2-300x176.jpg 300w, https:\/\/www.sainttropez.aeroport.fr\/app\/uploads\/2022\/12\/les-jardins-du-rayol-2-768x452.jpg 768w\" sizes=\"auto, (max-width: 940px) 100vw, 940px\" \/><\/figure>\n\n\n\n<p class=\"wp-block-paragraph\">To discover this garden is to feel some of the emotions experienced by a botanical explorer as he surveys the planet!<\/p>\n\n\n\n<p class=\"wp-block-paragraph\">Domaine du Rayol welcomes you every day of the year. Permanent exhibitions, guided discovery tours, themed tours, workshops, seasonal celebrations, a plant festival, a marine trail and musical evenings in summer. On-site: Caf\u00e9 des Jardiniers, specialist bookshop, ecological nursery.<\/p>\n\n\n\n<figure class=\"wp-block-image alignfull size-full\"><img loading=\"lazy\" decoding=\"async\" width=\"940\" height=\"553\" data-tippy-content=\"le-rayol-jardins-0-94-photo-bertrand\" src=\"https:\/\/www.sainttropez.aeroport.fr\/app\/uploads\/2022\/12\/le-rayol-jardins-0-94-photo-bertrand.jpg\" alt=\"\" class=\"wp-image-1716\" srcset=\"https:\/\/www.sainttropez.aeroport.fr\/app\/uploads\/2022\/12\/le-rayol-jardins-0-94-photo-bertrand.jpg 940w, https:\/\/www.sainttropez.aeroport.fr\/app\/uploads\/2022\/12\/le-rayol-jardins-0-94-photo-bertrand-300x176.jpg 300w, https:\/\/www.sainttropez.aeroport.fr\/app\/uploads\/2022\/12\/le-rayol-jardins-0-94-photo-bertrand-768x452.jpg 768w\" sizes=\"auto, (max-width: 940px) 100vw, 940px\" \/><\/figure>\n\n\n\n<p class=\"wp-block-paragraph\"><strong>Rayol Gardens<\/strong><\/p>\n\n\n\n<p class=\"wp-block-paragraph\">Avenue des Belges<br\/>83820 Rayol-Canadel-sur-Mer<br\/>Tel. 04 98 04 44 00<br\/>Fax 04 98 04 44 01<\/p>\n\n\n\n<p class=\"wp-block-paragraph\">Latitude: 43.1554 &#8211; Longitude: 6.48061<\/p>\n<\/div>\n","protected":false},"excerpt":{"rendered":"<p>At the foot of the Massif des Maures, Domaine du Rayol represents an exceptional natural and architectural heritage. In 1989, the Conservatoire du Littoral commissioned landscape architect Gilles Cl\u00e9ment to restore the site. He designed the Jardin des M\u00e9diterran\u00e9es, an evocation of the world&#8217;s Mediterranean landscapes. The Domaine du Rayol is a 20-hectare protected natural&#8230;<\/p>\n","protected":false},"author":1,"featured_media":1713,"parent":3299,"menu_order":45,"comment_status":"closed","ping_status":"closed","template":"","meta":{"_acf_changed":false,"_crdt_document":"","footnotes":""},"class_list":["post-3286","page","type-page","status-publish","has-post-thumbnail","hentry"],"acf":{"autoplay":false,"delay":"","video_mp4":false,"video_webm":false,"poster_image":false,"nugget":false,"partner":false,"tab":false,"address":false},"_links":{"self":[{"href":"https:\/\/www.sainttropez.aeroport.fr\/en\/wp-json\/wp\/v2\/pages\/3286","targetHints":{"allow":["GET"]}}],"collection":[{"href":"https:\/\/www.sainttropez.aeroport.fr\/en\/wp-json\/wp\/v2\/pages"}],"about":[{"href":"https:\/\/www.sainttropez.aeroport.fr\/en\/wp-json\/wp\/v2\/types\/page"}],"author":[{"embeddable":true,"href":"https:\/\/www.sainttropez.aeroport.fr\/en\/wp-json\/wp\/v2\/users\/1"}],"replies":[{"embeddable":true,"href":"https:\/\/www.sainttropez.aeroport.fr\/en\/wp-json\/wp\/v2\/comments?post=3286"}],"version-history":[{"count":4,"href":"https:\/\/www.sainttropez.aeroport.fr\/en\/wp-json\/wp\/v2\/pages\/3286\/revisions"}],"predecessor-version":[{"id":3472,"href":"https:\/\/www.sainttropez.aeroport.fr\/en\/wp-json\/wp\/v2\/pages\/3286\/revisions\/3472"}],"up":[{"embeddable":true,"href":"https:\/\/www.sainttropez.aeroport.fr\/en\/wp-json\/wp\/v2\/pages\/3299"}],"wp:featuredmedia":[{"embeddable":true,"href":"https:\/\/www.sainttropez.aeroport.fr\/en\/wp-json\/wp\/v2\/media\/1713"}],"wp:attachment":[{"href":"https:\/\/www.sainttropez.aeroport.fr\/en\/wp-json\/wp\/v2\/media?parent=3286"}],"curies":[{"name":"wp","href":"https:\/\/api.w.org\/{rel}","templated":true}]}}