{"id":3295,"date":"2022-11-27T23:40:44","date_gmt":"2022-11-27T22:40:44","guid":{"rendered":"https:\/\/www.sainttropez.aeroport.fr\/flying-in"},"modified":"2026-02-06T14:19:45","modified_gmt":"2026-02-06T13:19:45","slug":"flying-in","status":"publish","type":"page","link":"https:\/\/www.sainttropez.aeroport.fr\/en\/pilots-companies\/flying-in","title":{"rendered":"Flying in"},"content":{"rendered":"\n<div class=\"wp-block-group alignwide has-w-background-color has-background is-layout-flow wp-block-group-is-layout-flow\">\n<p class=\"wp-block-paragraph\">For a &#8220;group 2&#8221; aircraft as indicated in the AIP, the pilot flying must undergo local training with an approved instructor.<\/p>\n\n\n\n<p class=\"wp-block-paragraph\">Contact DSAC &#8211;<\/p>\n\n\n\n<p class=\"wp-block-paragraph\"><a href=\"mailto:Dsac-se-dossiers-la-mole-bf@aviation-civile.gouv.fr\">Dsac-se-dossiers-la-mole-bf@aviation-civile.gouv.fr<\/a><\/p>\n\n\n\n<p class=\"wp-block-paragraph\">To request a flight you must create an account on MY Handling :<\/p>\n\n\n\n<p class=\"wp-block-paragraph\"><a href=\"https:\/\/cy.myhandlingsoftware.com\">https:\/\/cy.myhandlingsoftware.com<\/a><\/p>\n\n\n\n<p class=\"wp-block-paragraph\">Contact us if necessary:<\/p>\n\n\n\n<p class=\"wp-block-paragraph\">OPERATIONS <a href=\"mailto:operations@sainttropez.aeroport.fr\">operations@sainttropez.aeroport.fr<\/a><\/p>\n\n\n\n<p class=\"wp-block-paragraph\">RECEPTION <a href=\"mailto:reception@sainttropez.aeroport.fr\">reception@sainttropez.aeroport.fr<\/a><\/p>\n\n\n\n<p class=\"wp-block-paragraph\">Before any flight, it is important to take note of publications and NOTAMs.<\/p>\n\n\n\n<p class=\"wp-block-paragraph\">For &#8220;group 1&#8221; aircraft with an MTOW exceeding 5.7 T or turbojet aircraft, it is compulsory to submit a file to the French civil aviation authorities via the link below.  <\/p>\n\n\n\n<p class=\"wp-block-paragraph\"><a href=\"https:\/\/www.demarches-simplifiees.fr\/commencer\/dossier-d-acces-a-l-aerodrome-de-la-mole-exploitant\">https:\/\/www.demarches-simplifiees.fr\/commencer\/dossier-d-acces-a-l-aerodrome-de-la-mole-exploitant<\/a><\/p>\n\n\n\n<p class=\"wp-block-paragraph\">After acknowledgement of receipt, you must make a training flight with a civil aviation instructor pilot.<\/p>\n\n\n\n<p class=\"wp-block-paragraph\"><strong><a href=\"https:\/\/www.legifrance.gouv.fr\/affichTexte.do?cidTexte=JORFTEXT000038850822&amp;categorieLien=id\" target=\"_blank\" rel=\"noreferrer noopener\">Download<\/a><\/strong> Order of July 25, 2019 concerning the approval of the La M\u00f4le aerodrome<br\/><a href=\"https:\/\/www.sainttropez.aeroport.fr\/app\/uploads\/2021\/01\/Arrete-du-23-juillet-2020-modifiant-larrete-du-25-juillet-2019-portant-agrement-de-laerodrome-de-La-Mole.pdf\" data-type=\"attachment\" data-id=\"1525\" target=\"_blank\" rel=\"noreferrer noopener\"><strong>Download<\/strong>  <\/a>Arr\u00eat\u00e9 du 23 juillet 2020 modifiant l&#8217;arr\u00eat\u00e9 du 25 juillet 2019 portant sur l&#8217;agr\u00e9ment de l&#8217;a\u00e9rodrome de La M\u00f4le (French only)<\/p>\n\n\n\n<figure class=\"wp-block-video\"><video height=\"1080\" style=\"aspect-ratio: 1920 \/ 1080;\" width=\"1920\" controls=\"\" src=\"https:\/\/www.sainttropez.aeroport.fr\/app\/uploads\/2025\/05\/tour-de-piste-vdef-1.mp4\"><\/video><\/figure>\n<\/div>\n","protected":false},"excerpt":{"rendered":"<p>For a &#8220;group 2&#8221; aircraft as indicated in the AIP, the pilot flying must undergo local training with an approved instructor. Contact DSAC &#8211; Dsac-se-dossiers-la-mole-bf@aviation-civile.gouv.fr To request a flight you must create an account on MY Handling : https:\/\/cy.myhandlingsoftware.com Contact us if necessary: OPERATIONS operations@sainttropez.aeroport.fr RECEPTION reception@sainttropez.aeroport.fr Before any flight, it is important to take&#8230;<\/p>\n","protected":false},"author":1,"featured_media":0,"parent":3296,"menu_order":32,"comment_status":"closed","ping_status":"closed","template":"","meta":{"_acf_changed":false,"_crdt_document":"","footnotes":""},"class_list":["post-3295","page","type-page","status-publish","hentry"],"acf":{"autoplay":false,"delay":"","video_mp4":false,"video_webm":false,"poster_image":false,"nugget":false,"partner":false,"tab":false,"address":false},"_links":{"self":[{"href":"https:\/\/www.sainttropez.aeroport.fr\/en\/wp-json\/wp\/v2\/pages\/3295","targetHints":{"allow":["GET"]}}],"collection":[{"href":"https:\/\/www.sainttropez.aeroport.fr\/en\/wp-json\/wp\/v2\/pages"}],"about":[{"href":"https:\/\/www.sainttropez.aeroport.fr\/en\/wp-json\/wp\/v2\/types\/page"}],"author":[{"embeddable":true,"href":"https:\/\/www.sainttropez.aeroport.fr\/en\/wp-json\/wp\/v2\/users\/1"}],"replies":[{"embeddable":true,"href":"https:\/\/www.sainttropez.aeroport.fr\/en\/wp-json\/wp\/v2\/comments?post=3295"}],"version-history":[{"count":5,"href":"https:\/\/www.sainttropez.aeroport.fr\/en\/wp-json\/wp\/v2\/pages\/3295\/revisions"}],"predecessor-version":[{"id":3785,"href":"https:\/\/www.sainttropez.aeroport.fr\/en\/wp-json\/wp\/v2\/pages\/3295\/revisions\/3785"}],"up":[{"embeddable":true,"href":"https:\/\/www.sainttropez.aeroport.fr\/en\/wp-json\/wp\/v2\/pages\/3296"}],"wp:attachment":[{"href":"https:\/\/www.sainttropez.aeroport.fr\/en\/wp-json\/wp\/v2\/media?parent=3295"}],"curies":[{"name":"wp","href":"https:\/\/api.w.org\/{rel}","templated":true}]}}