{"id":3302,"date":"2022-11-26T23:53:35","date_gmt":"2022-11-26T22:53:35","guid":{"rendered":"https:\/\/www.sainttropez.aeroport.fr\/terms-of-use"},"modified":"2025-04-21T23:21:19","modified_gmt":"2025-04-21T22:21:19","slug":"terms-of-use","status":"publish","type":"page","link":"https:\/\/www.sainttropez.aeroport.fr\/en\/terms-of-use","title":{"rendered":"Terms of use"},"content":{"rendered":"\n<div class=\"wp-block-group alignwide has-w-background-color has-background is-layout-flow wp-block-group-is-layout-flow\">\n<p class=\"wp-block-paragraph\"><strong>Owner of the https:\/\/www.sainttropez.aeroport.fr\/ website:<\/strong><br\/>A\u00e9roport du Golfe de Saint-Tropez<br\/>31 Route du Canadel<br\/>83310 La Mole<br\/>Tel. +33 (0) 494 547 640<br\/>Fax +33 (0) 494 495 808<\/p>\n\n\n\n<p class=\"wp-block-paragraph\"><strong>Chairman of the Management Board &#8211; A\u00e9roports de la c\u00f4te d&#8217;Azur :<\/strong> Franck GOLDNADEL<\/p>\n\n\n\n<p class=\"wp-block-paragraph\"><strong>Director of Golfe de Saint-Tropez Airport: <\/strong>Joseph AZZAZ  <\/p>\n\n\n\n<p class=\"wp-block-paragraph\"><strong>Publication manager: <\/strong>Joseph AZZAZ<br\/><br\/><strong>Editor:<\/strong><br\/>Xavier Germain<br\/><br\/><strong>Site design:<\/strong><br\/>Franck M\u00e9zi\u00e8re &#8211; Webdesign &amp; development &#8211; <a href=\"http:\/\/meziere.net\/\">meziere.net<\/a><br\/><br\/><strong>Hosting :<\/strong><br\/>GANDI SAS, Soci\u00e9t\u00e9 par Actions Simplifi\u00e9e with a capital of 300.000\u20ac, headquartered at <br\/>63-65 boulevard Massena \u00e0 Paris (75013) FRANCE, <br\/>registered under number 423 093 459 RCS PARIS<br\/><br\/><strong>Photographs:<\/strong> eb, Julien cochet, AGST<br\/><br\/>This website is an original intellectual creation and therefore falls within the scope of copyright protection. Its content is also protected by intellectual and\/or industrial property rights. Any person who infringes the intellectual property rights attached to the various objects on this website is guilty of the offence of counterfeiting and is liable to the penal sanctions provided for by law.<br\/><br\/>Data processing:<br\/>The information collected is processed electronically for the purpose of replying to you.<br\/><br\/>In accordance with the French Data Protection Act of January 6, 1978, amended in 2004, you have the right to access and rectify any information concerning you. To exercise this right, please contact A\u00e9roport du Golfe de Saint-Tropez<br\/>31 Route du Canadel &#8211; 83310 La Mole.<br\/><br\/>You may also, for legitimate reasons, object to the processing of your personal data.<\/p>\n<\/div>\n","protected":false},"excerpt":{"rendered":"<p>Owner of the https:\/\/www.sainttropez.aeroport.fr\/ website:A\u00e9roport du Golfe de Saint-Tropez31 Route du Canadel83310 La MoleTel. +33 (0) 494 547 640Fax +33 (0) 494 495 808 Chairman of the Management Board &#8211; A\u00e9roports de la c\u00f4te d&#8217;Azur : Franck GOLDNADEL Director of Golfe de Saint-Tropez Airport: Joseph AZZAZ Publication manager: Joseph AZZAZ Editor:Xavier Germain Site design:Franck M\u00e9zi\u00e8re&#8230;<\/p>\n","protected":false},"author":1,"featured_media":0,"parent":0,"menu_order":65,"comment_status":"closed","ping_status":"closed","template":"","meta":{"_acf_changed":false,"_crdt_document":"","footnotes":""},"class_list":["post-3302","page","type-page","status-publish","hentry"],"acf":{"autoplay":false,"delay":"","video_mp4":false,"video_webm":false,"poster_image":false,"nugget":false,"partner":false,"tab":false,"address":false},"_links":{"self":[{"href":"https:\/\/www.sainttropez.aeroport.fr\/en\/wp-json\/wp\/v2\/pages\/3302","targetHints":{"allow":["GET"]}}],"collection":[{"href":"https:\/\/www.sainttropez.aeroport.fr\/en\/wp-json\/wp\/v2\/pages"}],"about":[{"href":"https:\/\/www.sainttropez.aeroport.fr\/en\/wp-json\/wp\/v2\/types\/page"}],"author":[{"embeddable":true,"href":"https:\/\/www.sainttropez.aeroport.fr\/en\/wp-json\/wp\/v2\/users\/1"}],"replies":[{"embeddable":true,"href":"https:\/\/www.sainttropez.aeroport.fr\/en\/wp-json\/wp\/v2\/comments?post=3302"}],"version-history":[{"count":2,"href":"https:\/\/www.sainttropez.aeroport.fr\/en\/wp-json\/wp\/v2\/pages\/3302\/revisions"}],"predecessor-version":[{"id":3479,"href":"https:\/\/www.sainttropez.aeroport.fr\/en\/wp-json\/wp\/v2\/pages\/3302\/revisions\/3479"}],"wp:attachment":[{"href":"https:\/\/www.sainttropez.aeroport.fr\/en\/wp-json\/wp\/v2\/media?parent=3302"}],"curies":[{"name":"wp","href":"https:\/\/api.w.org\/{rel}","templated":true}]}}