{"id":3315,"date":"2023-02-24T22:10:42","date_gmt":"2023-02-24T21:10:42","guid":{"rendered":"https:\/\/www.sainttropez.aeroport.fr\/personal-data-protection"},"modified":"2026-01-27T21:59:16","modified_gmt":"2026-01-27T20:59:16","slug":"personal-data-protection","status":"publish","type":"page","link":"https:\/\/www.sainttropez.aeroport.fr\/en\/personal-data-protection","title":{"rendered":"General data protection policy"},"content":{"rendered":"\n<div class=\"wp-block-group alignwide has-w-background-color has-background is-layout-flow wp-block-group-is-layout-flow\">\n<p class=\"wp-block-paragraph\"><strong>Preamble<\/strong><\/p>\n\n\n\n<p class=\"wp-block-paragraph\">The present general policy for the protection of personal data is issued by the company A\u00e9roport du Golfe de Saint-Tropez<br\/>whose registered office is located at 31 route du Canadel 83310 La M\u00f4le, FRANCE<br\/>Soci\u00e9t\u00e9 Anonyme with capital of \u20ac3,500,000,<br\/>Registered with the Fr\u00e9jus Trade and Companies Register under number 597 180 470<br\/><a href=\"https:\/\/www.sainttropez.aeroport.fr\/en\">https:\/\/www.sainttropez.aeroport.fr\/fr<\/a><\/p>\n\n\n\n<p class=\"wp-block-paragraph\">The company A\u00e9roport du Golfe de Saint-Tropez undertakes to comply with the legal and regulatory provisions in force relating to the protection of personal data and in particular the amended law n\u00b078-17 of January 6, 1978 as well as the General Data Protection Regulation (RGPD) n\u00b02016\/679 of April 27, 2016.<\/p>\n\n\n\n<p class=\"wp-block-paragraph\">A\u00e9roport du Golfe de Saint-Tropez wants to develop a relationship of trust with its customers and business partners, and this means scrupulously respecting their privacy.<\/p>\n\n\n\n<hr class=\"wp-block-separator has-alpha-channel-opacity\"\/>\n\n\n\n<h2 class=\"wp-block-heading\"><strong>1. Purpose  <\/strong><\/h2>\n\n\n\n<p class=\"wp-block-paragraph\">The purpose of this policy is to inform you about the way in which your data is collected, processed, stored and communicated to third parties by A\u00e9roport du Golfe de Saint-Tropez in the context of its activities.<\/p>\n\n\n\n<hr class=\"wp-block-separator has-alpha-channel-opacity\"\/>\n\n\n\n<h2 class=\"wp-block-heading\"><strong>2. Processing of personal data<\/strong><\/h2>\n\n\n\n<p class=\"wp-block-paragraph\">In the course of its business, A\u00e9roport du Golfe de Saint-Tropez may collect and process personal data about you.<\/p>\n\n\n\n<p class=\"wp-block-paragraph\">In its capacity as concession holder for the A\u00e9roport du Golfe de Saint-Tropez, A\u00e9roport du Golfe de Saint-Tropez makes its facilities and infrastructures available to air operators, to enable them to fulfill the transport contracts that bind them to their passenger customers, and to enable the latter to reach their flight.<\/p>\n\n\n\n<p class=\"wp-block-paragraph\">It is in this context that A\u00e9roport du Golfe de Saint-Tropez collects a certain amount of data, including personal data.<\/p>\n\n\n\n<p class=\"wp-block-paragraph\">The data collected serves several purposes:  <\/p>\n\n\n\n<ul class=\"wp-block-list\">\n<li>passenger check-in management,<\/li>\n\n\n\n<li>baggage handling,<\/li>\n\n\n\n<li>aircraft movement management<\/li>\n\n\n\n<li>safety control management,<\/li>\n\n\n\n<li>managing people with reduced mobility,<\/li>\n\n\n\n<li>management of services offered to passengers, air operators, visitors and aircraft fleets.<\/li>\n<\/ul>\n\n\n\n<p class=\"wp-block-paragraph\">The data collected are those contained in passenger manifests, STRIPS and operational software.<\/p>\n\n\n\n<p class=\"wp-block-paragraph\">These various processing operations are justified by regulatory obligations, or by our legitimate interests as an airport manager, ground handling assistant, security organization and air navigation service provider.<\/p>\n\n\n\n<hr class=\"wp-block-separator has-alpha-channel-opacity\"\/>\n\n\n\n<h3 class=\"wp-block-heading\"><strong>2.1. YOU USE OUR AIRPORT INFRASTRUCTURE<\/strong><\/h3>\n\n\n\n<h4 class=\"wp-block-heading\"><strong>2.1.1.  <\/strong><strong>Moving around the airport<\/strong><strong><\/strong><\/h4>\n\n\n\n<ul class=\"wp-block-list\">\n<li><strong>Video surveillance<\/strong><\/li>\n<\/ul>\n\n\n\n<p class=\"wp-block-paragraph\">To ensure the safety of goods and people, to prevent theft or loss, and for investigation purposes following an accident on the airport premises, the Golfe de Saint-Tropez airport has a video surveillance system comprising 30 cameras.<\/p>\n\n\n\n<p class=\"wp-block-paragraph\">Video surveillance images are kept for 30 days and can only be consulted by authorized personnel.<\/p>\n\n\n\n<h4 class=\"wp-block-heading\"><strong>2.1.2<\/strong><strong>. You use our parking lots<\/strong><strong><\/strong><\/h4>\n\n\n\n<p class=\"wp-block-paragraph\">If you park your vehicle in one of our parking lots, we may collect information about your vehicle.<\/p>\n\n\n\n<p class=\"wp-block-paragraph\">These data are not communicated to third parties and are kept for 1 month.<\/p>\n\n\n\n<h4 class=\"wp-block-heading\"><strong>2.1.3. You use the public Wifi network at the Golfe de Saint-Tropez Airport<\/strong><\/h4>\n\n\n\n<p class=\"wp-block-paragraph\">The company <a>A\u00e9roport du Golfe de Saint-Tropez <\/a>provides a free Internet connection via the Wifi Grand Public network.<\/p>\n\n\n\n<p class=\"wp-block-paragraph\">When Users connect to the Wifi Grand Public network, and in accordance with current regulations, a certain amount of so-called traffic data, which may include personal data, is collected and stored for a maximum period of one year from the date of connection. The subcontractor responsible for providing the WIFI portal is UCOPIA, whose head office is located in France at 16 rue Auguste Vacquerie 75016 Paris. <\/p>\n\n\n\n<hr class=\"wp-block-separator has-alpha-channel-opacity\"\/>\n\n\n\n<h3 class=\"wp-block-heading\"><strong>2.2. YOU BROWSE OUR WEBSITE<\/strong><\/h3>\n\n\n\n<ul class=\"wp-block-list\">\n<li><strong>Our exchanges via the contact form, by e-mail or by telephone<\/strong><\/li>\n<\/ul>\n\n\n\n<p class=\"wp-block-paragraph\">On our website, you&#8217;ll find a contact form to get in touch with us.<\/p>\n\n\n\n<p class=\"wp-block-paragraph\">To do so, you must provide us with your first and last name, e-mail address and the subject of your request. Any other information in the body of the message is optional. <\/p>\n\n\n\n<p class=\"wp-block-paragraph\">The personal data provided is used to manage requests for information and complaints.<\/p>\n\n\n\n<p class=\"wp-block-paragraph\">The same applies to email exchanges sent directly to our customer service department.<\/p>\n\n\n\n<hr class=\"wp-block-separator has-alpha-channel-opacity\"\/>\n\n\n\n<h2 class=\"wp-block-heading\"><strong>3. Data security<\/strong><\/h2>\n\n\n\n<p class=\"wp-block-paragraph\">We implement technical and organizational measures to protect your data, including encryption, anonymization and physical security procedures.<\/p>\n\n\n\n<p class=\"wp-block-paragraph\">We require our staff and all third parties working for A\u00e9roport du Golfe de Saint-Tropez to adhere to strict working methods in terms of security and information protection, including contractual obligations to ensure the confidentiality of personal data and to apply rigorous measures in terms of data transfer.<\/p>\n\n\n\n<hr class=\"wp-block-separator has-alpha-channel-opacity\"\/>\n\n\n\n<h2 class=\"wp-block-heading\"><strong>4. Your rights regarding data processing<\/strong><\/h2>\n\n\n\n<p class=\"wp-block-paragraph\">In accordance with regulations on the protection of personal data, you have the right to access, rectify and delete your data, as well as the right to object to or request the restriction of the processing of your data. You also have the right to data portability. <\/p>\n\n\n\n<p class=\"wp-block-paragraph\">To do so, simply send us a request either by post to the postal address given above, or by e-mail to the following address: <a href=\"mailto:dpo@cote-azur.aeroport.fr\">dpo@cote-azur.aeroport.fr<\/a><\/p>\n\n\n\n<p class=\"wp-block-paragraph\">In addition, you have the right to lodge a complaint with the <a href=\"https:\/\/www.cnil.fr\/fr\" target=\"_blank\" rel=\"noreferrer noopener\">CNIL<\/a> if you consider that the processing of your data constitutes a breach of data protection regulations, in accordance with Article 77 of the European Data Protection Regulation.<\/p>\n\n\n\n<hr class=\"wp-block-separator has-alpha-channel-opacity\"\/>\n\n\n\n<h2 class=\"wp-block-heading\"><strong>5. Cookies<\/strong><\/h2>\n\n\n\n<p class=\"wp-block-paragraph\">We use cookies to provide you with the best possible browsing experience. You are free to decide which categories you wish to allow. Please note that access to certain web page functions depends on the settings you choose.    <\/p>\n\n\n\n<p class=\"wp-block-paragraph\"><a><\/a>A specific module allows you to manage your cookies. This will be accessible on your first visit to the site, in the form of a banner at the bottom of the page.   <\/p>\n\n\n\n<p class=\"wp-block-paragraph\">Once you have accepted the use of cookies, you can change your cookie settings at any time by clicking on the &#8220;Cookie management&#8221; link on all pages and at the bottom of the site (on the left).  <\/p>\n\n\n\n<p class=\"wp-block-paragraph\">This cookie management interface allows you to choose which cookies you wish to activate during your visit.  <\/p>\n\n\n\n<p class=\"wp-block-paragraph\"><strong>These cookies are grouped into 3 categories<\/strong> (1 mandatory and 2 optional):  <\/p>\n\n\n\n<p class=\"wp-block-paragraph\">&#8211; <strong>Required (Compulsory) :<\/strong><\/p>\n\n\n\n<p class=\"wp-block-paragraph\">These cookies are necessary to manage our website, for security functions for example, to save your confidentiality preferences, to keep track of the opening of your sessions and to collect your opinions on our products and services. The website cannot function properly without these cookies. <\/p>\n\n\n\n<p class=\"wp-block-paragraph\">&#8211; <strong> Audience analysis :<\/strong><\/p>\n\n\n\n<p class=\"wp-block-paragraph\">Statistical cookies are used to measure the use and performance of the Site and to improve its operation. Cookies concerned: Google Analytics<a href=\"https:\/\/policies.google.com\/privacy\">(See official website<\/a>). <\/p>\n\n\n\n<p class=\"wp-block-paragraph\">&#8211; <strong>Videos &amp; multimedia content :<\/strong><\/p>\n\n\n\n<p class=\"wp-block-paragraph\">These cookies from video-sharing services enable you to view multimedia content directly on our site. Cookies concerned: Youtube<a href=\"https:\/\/policies.google.com\/privacy\">(See official website<\/a>). <\/p>\n\n\n\n<hr class=\"wp-block-separator has-alpha-channel-opacity\"\/>\n\n\n\n<h3 class=\"wp-block-heading\"><strong>5.1. DELETE COOKIES<\/strong><\/h3>\n\n\n\n<p class=\"wp-block-paragraph\">You can delete cookies at any time by configuring your browser.<br\/>You can configure your browser so that cookies are stored on your terminal or, conversely, so that they are rejected, either systematically or depending on the sender. You can also configure your browser so that you are prompted to accept or reject cookies before a cookie is stored on your terminal. <br\/><br\/>For more information, visit the <a href=\"https:\/\/www.cnil.fr\/\" target=\"_blank\" rel=\"noreferrer noopener\">CNIL website<\/a>.<\/p>\n<\/div>\n","protected":false},"excerpt":{"rendered":"<p>Preamble The present general policy for the protection of personal data is issued by the company A\u00e9roport du Golfe de Saint-Tropezwhose registered office is located at 31 route du Canadel 83310 La M\u00f4le, FRANCESoci\u00e9t\u00e9 Anonyme with capital of \u20ac3,500,000,Registered with the Fr\u00e9jus Trade and Companies Register under number 597 180 470https:\/\/www.sainttropez.aeroport.fr\/fr The company A\u00e9roport du&#8230;<\/p>\n","protected":false},"author":1,"featured_media":0,"parent":0,"menu_order":69,"comment_status":"closed","ping_status":"closed","template":"","meta":{"_acf_changed":false,"_crdt_document":"","footnotes":""},"class_list":["post-3315","page","type-page","status-publish","hentry"],"acf":{"autoplay":false,"delay":"","video_mp4":false,"video_webm":false,"poster_image":false,"nugget":false,"partner":false,"tab":false,"address":false},"_links":{"self":[{"href":"https:\/\/www.sainttropez.aeroport.fr\/en\/wp-json\/wp\/v2\/pages\/3315","targetHints":{"allow":["GET"]}}],"collection":[{"href":"https:\/\/www.sainttropez.aeroport.fr\/en\/wp-json\/wp\/v2\/pages"}],"about":[{"href":"https:\/\/www.sainttropez.aeroport.fr\/en\/wp-json\/wp\/v2\/types\/page"}],"author":[{"embeddable":true,"href":"https:\/\/www.sainttropez.aeroport.fr\/en\/wp-json\/wp\/v2\/users\/1"}],"replies":[{"embeddable":true,"href":"https:\/\/www.sainttropez.aeroport.fr\/en\/wp-json\/wp\/v2\/comments?post=3315"}],"version-history":[{"count":4,"href":"https:\/\/www.sainttropez.aeroport.fr\/en\/wp-json\/wp\/v2\/pages\/3315\/revisions"}],"predecessor-version":[{"id":3783,"href":"https:\/\/www.sainttropez.aeroport.fr\/en\/wp-json\/wp\/v2\/pages\/3315\/revisions\/3783"}],"wp:attachment":[{"href":"https:\/\/www.sainttropez.aeroport.fr\/en\/wp-json\/wp\/v2\/media?parent=3315"}],"curies":[{"name":"wp","href":"https:\/\/api.w.org\/{rel}","templated":true}]}}