{"id":3329,"date":"2023-04-07T15:37:53","date_gmt":"2023-04-07T14:37:53","guid":{"rendered":"https:\/\/www.sainttropez.aeroport.fr\/environment"},"modified":"2026-02-25T17:58:21","modified_gmt":"2026-02-25T16:58:21","slug":"environment","status":"publish","type":"page","link":"https:\/\/www.sainttropez.aeroport.fr\/en\/environment","title":{"rendered":"Environment"},"content":{"rendered":"\n<div class=\"wp-block-group alignwide has-w-background-color has-background is-layout-flow wp-block-group-is-layout-flow\">\n<h2 class=\"wp-block-heading\">BIODIVERSITY<\/h2>\n\n\n\n<p class=\"has-lg-font-size wp-block-paragraph\"><strong>BIODIVERSITY AT AN AIRPORT <\/strong>&#8211; yes, but why?<\/p>\n\n\n\n<figure class=\"wp-block-video\"><video height=\"1080\" style=\"aspect-ratio: 1920 \/ 1080;\" width=\"1920\" controls=\"\" poster=\"https:\/\/www.sainttropez.aeroport.fr\/app\/uploads\/2026\/02\/aerobio.jpg\" src=\"https:\/\/www.sainttropez.aeroport.fr\/app\/uploads\/2025\/05\/aerobio-v1-1.mp4\"><\/video><\/figure>\n\n\n\n<p class=\"wp-block-paragraph\"><strong>In June 2023, the Golfe de Saint-Tropez airport was awarded the aerobio label for its commitments and actions in favor of nature.<\/strong><\/p>\n\n\n\n<p class=\"wp-block-paragraph\">This label, initiated by the<strong>A\u00e9robiodiversit\u00e9 association<\/strong> in 2020, aims to establish long-term biodiversity programs for airports and airfields. The decision to award the label, which comprises three levels, is pre-analyzed by A\u00e9ro Biodiversit\u00e9 teams before being decided, independently and ethically, by the <strong>Scientific Council drawn from the Mus\u00e9um national d&#8217;Histoire naturelle (MNHN)<\/strong>.<\/p>\n\n\n\n<div style=\"height:60px\" aria-hidden=\"true\" class=\"wp-block-spacer\"><\/div>\n\n\n\n<div class=\"wp-block-columns is-layout-flex wp-container-core-columns-is-layout-0defc3be wp-block-columns-is-layout-flex\">\n<div class=\"wp-block-column is-layout-flow wp-block-column-is-layout-flow\">\n<figure class=\"wp-block-image alignfull size-full\"><img loading=\"lazy\" decoding=\"async\" width=\"413\" height=\"551\" data-tippy-content=\"Newspaper-AERO-BIO\" src=\"https:\/\/www.sainttropez.aeroport.fr\/app\/uploads\/2024\/01\/Newspaper-AERO-BIO.jpg\" alt=\"\" class=\"wp-image-2445\" srcset=\"https:\/\/www.sainttropez.aeroport.fr\/app\/uploads\/2024\/01\/Newspaper-AERO-BIO.jpg 413w, https:\/\/www.sainttropez.aeroport.fr\/app\/uploads\/2024\/01\/Newspaper-AERO-BIO-225x300.jpg 225w\" sizes=\"auto, (max-width: 413px) 100vw, 413px\" \/><\/figure>\n<\/div>\n\n\n\n<div class=\"wp-block-column is-layout-flow wp-block-column-is-layout-flow\">\n<figure class=\"wp-block-image size-large\"><img loading=\"lazy\" decoding=\"async\" width=\"683\" height=\"1024\" data-tippy-content=\"DSCF9725\" src=\"https:\/\/www.sainttropez.aeroport.fr\/app\/uploads\/2026\/01\/DSCF9725-683x1024.jpg\" alt=\"\" class=\"wp-image-3758\" style=\"aspect-ratio:3\/4;object-fit:cover\" srcset=\"https:\/\/www.sainttropez.aeroport.fr\/app\/uploads\/2026\/01\/DSCF9725-683x1024.jpg 683w, https:\/\/www.sainttropez.aeroport.fr\/app\/uploads\/2026\/01\/DSCF9725-200x300.jpg 200w, https:\/\/www.sainttropez.aeroport.fr\/app\/uploads\/2026\/01\/DSCF9725-768x1152.jpg 768w, https:\/\/www.sainttropez.aeroport.fr\/app\/uploads\/2026\/01\/DSCF9725-1024x1536.jpg 1024w, https:\/\/www.sainttropez.aeroport.fr\/app\/uploads\/2026\/01\/DSCF9725-1365x2048.jpg 1365w, https:\/\/www.sainttropez.aeroport.fr\/app\/uploads\/2026\/01\/DSCF9725-scaled.jpg 1707w\" sizes=\"auto, (max-width: 683px) 100vw, 683px\" \/><\/figure>\n<\/div>\n<\/div>\n\n\n\n<div style=\"height:60px\" aria-hidden=\"true\" class=\"wp-block-spacer\"><\/div>\n\n\n\n<h2 class=\"wp-block-heading\">The three levels of the aerobio label<\/h2>\n\n\n\n<ul class=\"wp-block-list\">\n<li>Level 1: Understanding biodiversity<\/li>\n\n\n\n<li><strong>Level 2: Monitoring and enhancing biodiversity<\/strong><\/li>\n\n\n\n<li>Level 3: Sustainably integrating and promoting biodiversity<\/li>\n<\/ul>\n\n\n\n<p class=\"wp-block-paragraph\">The label covers four biodiversity issues: biodiversity, employee investment, communication and local presence.<\/p>\n\n\n\n<p class=\"wp-block-paragraph\">The Golfe de Saint-Tropez airport was awarded the level 2 label, demonstrating its knowledge of its environment, its mastery of land management and its strong commitment to passing on and raising awareness of biodiversity.<\/p>\n\n\n\n<div style=\"height:60px\" aria-hidden=\"true\" class=\"wp-block-spacer\"><\/div>\n\n\n\n<div class=\"wp-block-group is-layout-constrained wp-block-group-is-layout-constrained\">\n<div class=\"wp-block-columns is-layout-flex wp-container-core-columns-is-layout-0defc3be wp-block-columns-is-layout-flex\">\n<div class=\"wp-block-column is-layout-flow wp-block-column-is-layout-flow\" style=\"flex-basis:50%\">\n<figure class=\"wp-block-image size-full\"><img decoding=\"async\" data-tippy-content=\"695A2334\" src=\"https:\/\/www.sainttropez.aeroport.fr\/app\/uploads\/2023\/09\/695A2334.jpg\" alt=\"\" class=\"wp-image-2318\" style=\"aspect-ratio:1;object-fit:cover\"\/><\/figure>\n<\/div>\n\n\n\n<div class=\"wp-block-column is-layout-flow wp-block-column-is-layout-flow\" style=\"flex-basis:50%\">\n<figure class=\"wp-block-image size-large\"><img loading=\"lazy\" decoding=\"async\" width=\"1024\" height=\"532\" data-tippy-content=\"420A5501\" src=\"https:\/\/www.sainttropez.aeroport.fr\/app\/uploads\/2023\/09\/420A5501-1024x532.jpg\" alt=\"\" class=\"wp-image-2320\" style=\"aspect-ratio:1;object-fit:cover\" srcset=\"https:\/\/www.sainttropez.aeroport.fr\/app\/uploads\/2023\/09\/420A5501-1024x532.jpg 1024w, https:\/\/www.sainttropez.aeroport.fr\/app\/uploads\/2023\/09\/420A5501-300x156.jpg 300w, https:\/\/www.sainttropez.aeroport.fr\/app\/uploads\/2023\/09\/420A5501-768x399.jpg 768w, https:\/\/www.sainttropez.aeroport.fr\/app\/uploads\/2023\/09\/420A5501-1536x798.jpg 1536w, https:\/\/www.sainttropez.aeroport.fr\/app\/uploads\/2023\/09\/420A5501-2048x1064.jpg 2048w\" sizes=\"auto, (max-width: 1024px) 100vw, 1024px\" \/><\/figure>\n<\/div>\n<\/div>\n<\/div>\n\n\n\n<div style=\"height:60px\" aria-hidden=\"true\" class=\"wp-block-spacer\"><\/div>\n\n\n\n<h2 class=\"wp-block-heading\">Special features of the airport in terms of biodiversity<\/h2>\n\n\n\n<p class=\"wp-block-paragraph\">The riparian vegetation includes various plant species such as Poet&#8217;s Narcissus (Narcissus poeticus), Three-cornered Garlic (Allium triquetrum) and Involucre Fritillary (Fritillaria involucrata).<br\/>Several birds of prey fly over the platform, such as the Short-toed Eagle (Circaetus gallicus) and the Black Kite (Milvus migrans), but it is the hedgerows in particular that represent a particular challenge for many passerines, such as the Spectacled Warbler (Sylvia conspicillata), a species considered &#8220;Endangered&#8221; in the PACA region and which was surveyed on the platform in 2022. A nationally protected butterfly, the Diana (Zerynthia polyxena), is present on the platform mainly in the riparian zone, where several stations of Aristolochia rotundifolia, its host plant, have been observed. The recurrent observation of eggs of this species attests to its reproduction on the site. Several zones have been set aside to protect the species&#8217; development cycle.<\/p>\n\n\n\n<div style=\"height:60px\" aria-hidden=\"true\" class=\"wp-block-spacer\"><\/div>\n\n\n\n<div class=\"wp-block-columns is-layout-flex wp-container-core-columns-is-layout-0defc3be wp-block-columns-is-layout-flex\">\n<div class=\"wp-block-column is-layout-flow wp-block-column-is-layout-flow\" style=\"flex-basis:50%\">\n<figure class=\"wp-block-image aligncenter size-large\"><img loading=\"lazy\" decoding=\"async\" width=\"823\" height=\"1024\" data-tippy-content=\"Processed with VSCO with al3 preset\" data-caption=\"Processed with VSCO with al3 preset\" src=\"https:\/\/www.sainttropez.aeroport.fr\/app\/uploads\/2023\/09\/7A0EAAFF-4E00-4C6B-8DCC-60384B33422C-823x1024.jpg\" alt=\"\" class=\"wp-image-2322\" style=\"aspect-ratio:1;object-fit:cover\" srcset=\"https:\/\/www.sainttropez.aeroport.fr\/app\/uploads\/2023\/09\/7A0EAAFF-4E00-4C6B-8DCC-60384B33422C-823x1024.jpg 823w, https:\/\/www.sainttropez.aeroport.fr\/app\/uploads\/2023\/09\/7A0EAAFF-4E00-4C6B-8DCC-60384B33422C-241x300.jpg 241w, https:\/\/www.sainttropez.aeroport.fr\/app\/uploads\/2023\/09\/7A0EAAFF-4E00-4C6B-8DCC-60384B33422C-768x956.jpg 768w, https:\/\/www.sainttropez.aeroport.fr\/app\/uploads\/2023\/09\/7A0EAAFF-4E00-4C6B-8DCC-60384B33422C.jpg 1170w\" sizes=\"auto, (max-width: 823px) 100vw, 823px\" \/><\/figure>\n<\/div>\n\n\n\n<div class=\"wp-block-column is-layout-flow wp-block-column-is-layout-flow\" style=\"flex-basis:50%\">\n<figure class=\"wp-block-image aligncenter size-large\"><img loading=\"lazy\" decoding=\"async\" width=\"576\" height=\"1024\" data-tippy-content=\"Processed with VSCO with al3 preset\" data-caption=\"Processed with VSCO with al3 preset\" src=\"https:\/\/www.sainttropez.aeroport.fr\/app\/uploads\/2023\/09\/6A033A72-032F-4C5F-9D0B-DB1D28EDD37F-576x1024.jpg\" alt=\"\" class=\"wp-image-2324\" style=\"aspect-ratio:1;object-fit:cover\" srcset=\"https:\/\/www.sainttropez.aeroport.fr\/app\/uploads\/2023\/09\/6A033A72-032F-4C5F-9D0B-DB1D28EDD37F-576x1024.jpg 576w, https:\/\/www.sainttropez.aeroport.fr\/app\/uploads\/2023\/09\/6A033A72-032F-4C5F-9D0B-DB1D28EDD37F-169x300.jpg 169w, https:\/\/www.sainttropez.aeroport.fr\/app\/uploads\/2023\/09\/6A033A72-032F-4C5F-9D0B-DB1D28EDD37F.jpg 750w\" sizes=\"auto, (max-width: 576px) 100vw, 576px\" \/><\/figure>\n<\/div>\n<\/div>\n<\/div>\n","protected":false},"excerpt":{"rendered":"<p>BIODIVERSITY BIODIVERSITY AT AN AIRPORT &#8211; yes, but why? In June 2023, the Golfe de Saint-Tropez airport was awarded the aerobio label for its commitments and actions in favor of nature. This label, initiated by theA\u00e9robiodiversit\u00e9 association in 2020, aims to establish long-term biodiversity programs for airports and airfields. The decision to award the label,&#8230;<\/p>\n","protected":false},"author":4,"featured_media":0,"parent":0,"menu_order":39,"comment_status":"closed","ping_status":"closed","template":"","meta":{"_acf_changed":false,"_crdt_document":"","footnotes":""},"class_list":["post-3329","page","type-page","status-publish","hentry"],"acf":{"autoplay":false,"delay":"","video_mp4":false,"video_webm":false,"poster_image":false,"nugget":false,"partner":true,"tab":false,"address":false,"title_alignement":"alignwide"},"_links":{"self":[{"href":"https:\/\/www.sainttropez.aeroport.fr\/en\/wp-json\/wp\/v2\/pages\/3329","targetHints":{"allow":["GET"]}}],"collection":[{"href":"https:\/\/www.sainttropez.aeroport.fr\/en\/wp-json\/wp\/v2\/pages"}],"about":[{"href":"https:\/\/www.sainttropez.aeroport.fr\/en\/wp-json\/wp\/v2\/types\/page"}],"author":[{"embeddable":true,"href":"https:\/\/www.sainttropez.aeroport.fr\/en\/wp-json\/wp\/v2\/users\/4"}],"replies":[{"embeddable":true,"href":"https:\/\/www.sainttropez.aeroport.fr\/en\/wp-json\/wp\/v2\/comments?post=3329"}],"version-history":[{"count":12,"href":"https:\/\/www.sainttropez.aeroport.fr\/en\/wp-json\/wp\/v2\/pages\/3329\/revisions"}],"predecessor-version":[{"id":3848,"href":"https:\/\/www.sainttropez.aeroport.fr\/en\/wp-json\/wp\/v2\/pages\/3329\/revisions\/3848"}],"wp:attachment":[{"href":"https:\/\/www.sainttropez.aeroport.fr\/en\/wp-json\/wp\/v2\/media?parent=3329"}],"curies":[{"name":"wp","href":"https:\/\/api.w.org\/{rel}","templated":true}]}}