{"id":1649,"date":"2022-11-26T23:53:35","date_gmt":"2022-11-26T22:53:35","guid":{"rendered":"https:\/\/www.sainttropez.aeroport.fr\/?page_id=1649"},"modified":"2025-04-21T18:52:23","modified_gmt":"2025-04-21T17:52:23","slug":"mentions-legales","status":"publish","type":"page","link":"https:\/\/www.sainttropez.aeroport.fr\/fr\/mentions-legales","title":{"rendered":"Mentions l\u00e9gales"},"content":{"rendered":"\n<div class=\"wp-block-group alignwide has-w-background-color has-background is-layout-flow wp-block-group-is-layout-flow\">\n<p class=\"wp-block-paragraph\"><strong>Propri\u00e9taire du site Internet https:\/\/www.sainttropez.aeroport.fr\/ :<\/strong><br>A\u00e9roport du Golfe de Saint-Tropez<br>31 Route du Canadel<br>83310 La Mole<br>T\u00e9l. +33 (0) 494 547 640<br>Fax +33 (0) 494 495 808<\/p>\n\n\n\n<p class=\"wp-block-paragraph\"><strong>Pr\u00e9sident du Directoire &#8211; A\u00e9roports de la c\u00f4te d&rsquo;Azur&nbsp;:<\/strong>&nbsp;Franck GOLDNADEL<\/p>\n\n\n\n<p class=\"wp-block-paragraph\"><strong>Directeur de l&rsquo;A\u00e9roport&nbsp;Golfe de Saint-Tropez :&nbsp;<\/strong>Joseph AZZAZ&nbsp;&nbsp;<\/p>\n\n\n\n<p class=\"wp-block-paragraph\"><strong>Directeur de publication :&nbsp;<\/strong>Joseph AZZAZ<br><br><strong>R\u00e9dacteur :<\/strong><br>Xavier Germain<br><br><strong>R\u00e9alisation du site :<\/strong><br>Franck M\u00e9zi\u00e8re &#8211; Webdesign &amp; d\u00e9veloppement &#8211;&nbsp;<a href=\"http:\/\/meziere.net\/\">meziere.net<\/a><br><br><strong>H\u00e9bergement :<\/strong><br>GANDI SAS, Soci\u00e9t\u00e9 par Actions Simplifi\u00e9e au capital de 300.000\u20ac ayant son si\u00e8ge social au&nbsp;<br>63-65 boulevard Massena \u00e0 Paris (75013) FRANCE,&nbsp;<br>immatricul\u00e9e sous le num\u00e9ro 423 093 459 RCS PARIS<br><br><strong>Photographies :<\/strong>&nbsp;eb, Julien cochet, AGST<br><br>Ce site Internet est une cr\u00e9ation intellectuelle originale qui, par cons\u00e9quent entre dans le champ de protection du droit d&rsquo;auteur. Son contenu est \u00e9galement prot\u00e9g\u00e9 par des droits de propri\u00e9t\u00e9 intellectuelle et\/ou industrielle. Toute personne qui portera atteinte aux droits de propri\u00e9t\u00e9 intellectuelle attach\u00e9s aux diff\u00e9rents objets de ce site Internet se rend coupable du d\u00e9lit de contrefa\u00e7on et est passible des sanctions p\u00e9nales pr\u00e9vues par la loi.<br><br>Traitement des donn\u00e9es :<br>Les informations recueillies font l&rsquo;objet d&rsquo;un traitement informatique destin\u00e9 \u00e0 vous r\u00e9pondre.<br><br>Conform\u00e9ment \u00e0 la loi \u00ab informatique et libert\u00e9s \u00bb du 6 janvier 1978 modifi\u00e9e en 2004, vous b\u00e9n\u00e9ficiez d&rsquo;un droit d&rsquo;acc\u00e8s et de rectification aux informations qui vous concernent, que vous pouvez exercer en vous adressant \u00e0 A\u00e9roport du Golfe de Saint-Tropez<br>31 Route du Canadel &#8211; 83310 La Mole<br><br>Vous pouvez \u00e9galement, pour des motifs l\u00e9gitimes, vous opposer au traitement des donn\u00e9es vous concernant.<\/p>\n<\/div>\n","protected":false},"excerpt":{"rendered":"<p>Propri\u00e9taire du site Internet https:\/\/www.sainttropez.aeroport.fr\/ :A\u00e9roport du Golfe de Saint-Tropez31 Route du Canadel83310 La MoleT\u00e9l. +33 (0) 494 547 640Fax +33 (0) 494 495 808 Pr\u00e9sident du Directoire &#8211; A\u00e9roports de la c\u00f4te d&rsquo;Azur&nbsp;:&nbsp;Franck GOLDNADEL Directeur de l&rsquo;A\u00e9roport&nbsp;Golfe de Saint-Tropez :&nbsp;Joseph AZZAZ&nbsp;&nbsp; Directeur de publication :&nbsp;Joseph AZZAZ R\u00e9dacteur :Xavier Germain R\u00e9alisation du site :Franck M\u00e9zi\u00e8re&#8230;<\/p>\n","protected":false},"author":1,"featured_media":0,"parent":0,"menu_order":64,"comment_status":"closed","ping_status":"closed","template":"","meta":{"_acf_changed":false,"_crdt_document":"","footnotes":""},"class_list":["post-1649","page","type-page","status-publish","hentry"],"acf":{"subtitle":"","autoplay":false,"delay":"","video_mp4":false,"video_webm":false,"poster_image":false,"nugget":false,"partner":false,"tab":false,"title_alignement":"alignwide","address":false},"_links":{"self":[{"href":"https:\/\/www.sainttropez.aeroport.fr\/fr\/wp-json\/wp\/v2\/pages\/1649","targetHints":{"allow":["GET"]}}],"collection":[{"href":"https:\/\/www.sainttropez.aeroport.fr\/fr\/wp-json\/wp\/v2\/pages"}],"about":[{"href":"https:\/\/www.sainttropez.aeroport.fr\/fr\/wp-json\/wp\/v2\/types\/page"}],"author":[{"embeddable":true,"href":"https:\/\/www.sainttropez.aeroport.fr\/fr\/wp-json\/wp\/v2\/users\/1"}],"replies":[{"embeddable":true,"href":"https:\/\/www.sainttropez.aeroport.fr\/fr\/wp-json\/wp\/v2\/comments?post=1649"}],"version-history":[{"count":2,"href":"https:\/\/www.sainttropez.aeroport.fr\/fr\/wp-json\/wp\/v2\/pages\/1649\/revisions"}],"predecessor-version":[{"id":3438,"href":"https:\/\/www.sainttropez.aeroport.fr\/fr\/wp-json\/wp\/v2\/pages\/1649\/revisions\/3438"}],"wp:attachment":[{"href":"https:\/\/www.sainttropez.aeroport.fr\/fr\/wp-json\/wp\/v2\/media?parent=1649"}],"curies":[{"name":"wp","href":"https:\/\/api.w.org\/{rel}","templated":true}]}}