{"id":1662,"date":"2022-11-27T23:40:44","date_gmt":"2022-11-27T22:40:44","guid":{"rendered":"https:\/\/www.sainttropez.aeroport.fr\/?page_id=1662"},"modified":"2026-02-06T14:19:39","modified_gmt":"2026-02-06T13:19:39","slug":"venir-en-vol","status":"publish","type":"page","link":"https:\/\/www.sainttropez.aeroport.fr\/fr\/pilotes-compagnies\/venir-en-vol","title":{"rendered":"Venir en vol"},"content":{"rendered":"\n<div class=\"wp-block-group alignwide has-w-background-color has-background is-layout-flow wp-block-group-is-layout-flow\">\n<p class=\"wp-block-paragraph\">Pour un avion du \u00ab&nbsp;groupe 2&nbsp;\u00bb comme indiqu\u00e9 dans l\u2019AIP, le pilote aux commandes doit effectuer un entrainement local avec un instructeur agr\u00e9\u00e9.<\/p>\n\n\n\n<p class=\"wp-block-paragraph\">Contact le DSAC &#8211;<\/p>\n\n\n\n<p class=\"wp-block-paragraph\"><a href=\"mailto:Dsac-se-dossiers-la-mole-bf@aviation-civile.gouv.fr\">Dsac-se-dossiers-la-mole-bf@aviation-civile.gouv.fr<\/a><\/p>\n\n\n\n<p class=\"wp-block-paragraph\">Pour faire une demande de vol vous devez cr\u00e9er un  compte sur MY Handling :<\/p>\n\n\n\n<p class=\"wp-block-paragraph\"><a href=\"https:\/\/cy.myhandlingsoftware.com\">https:\/\/cy.myhandlingsoftware.com<\/a><\/p>\n\n\n\n<p class=\"wp-block-paragraph\">Contactez nous si n\u00e9cessaire :<\/p>\n\n\n\n<p class=\"wp-block-paragraph\">OPERATIONS <a href=\"mailto:operations@sainttropez.aeroport.fr\">operations@sainttropez.aeroport.fr<\/a><\/p>\n\n\n\n<p class=\"wp-block-paragraph\">RECEPTION <a href=\"mailto:reception@sainttropez.aeroport.fr\">reception@sainttropez.aeroport.fr<\/a><\/p>\n\n\n\n<p class=\"wp-block-paragraph\">Avant tout vol, il est important de prendre connaissance des publications et NOTAM.<\/p>\n\n\n\n<p class=\"wp-block-paragraph\">Pour un a\u00e9ronef \u00ab groupe 1 \u00bb avec un MTOW sup\u00e9rieur \u00e0 5,7 T ou un avion \u00e0 turbor\u00e9acteurs, il est obligatoire de soumettre un dossier aux autorit\u00e9s de l\u2019aviation civile Fran\u00e7aises via le lien ci-dessous <\/p>\n\n\n\n<p class=\"wp-block-paragraph\"><a href=\"https:\/\/www.demarches-simplifiees.fr\/commencer\/dossier-d-acces-a-l-aerodrome-de-la-mole-exploitant\">https:\/\/www.demarches-simplifiees.fr\/commencer\/dossier-d-acces-a-l-aerodrome-de-la-mole-exploitant<\/a><\/p>\n\n\n\n<p class=\"wp-block-paragraph\">Apr\u00e8s accus\u00e9 r\u00e9ception, vous devez effectuer un vol d\u2019entrainement avec un pilote instructeur de l\u2019aviation civile.<\/p>\n\n\n\n<p class=\"wp-block-paragraph\"><strong><a href=\"https:\/\/www.legifrance.gouv.fr\/affichTexte.do?cidTexte=JORFTEXT000038850822&amp;categorieLien=id\" target=\"_blank\" rel=\"noreferrer noopener\">T\u00e9l\u00e9charger<\/a><\/strong> &nbsp;l&rsquo;Arr\u00eat\u00e9 du 25 juillet 2019 portant sur l&rsquo;agr\u00e9ment de l\u2019a\u00e9rodrome de La M\u00f4le<br><a href=\"https:\/\/www.sainttropez.aeroport.fr\/app\/uploads\/2021\/01\/Arrete-du-23-juillet-2020-modifiant-larrete-du-25-juillet-2019-portant-agrement-de-laerodrome-de-La-Mole.pdf\" data-type=\"attachment\" data-id=\"1525\" target=\"_blank\" rel=\"noreferrer noopener\"><strong>T\u00e9l\u00e9charger<\/strong>&nbsp; <\/a>l&rsquo;Arr\u00eat\u00e9 du 23 juillet 2020 modifiant l\u2019arr\u00eat\u00e9 du 25 juillet 2019 portant sur l&rsquo;agr\u00e9ment de l\u2019a\u00e9rodrome de La M\u00f4le<\/p>\n\n\n\n<figure class=\"wp-block-video\"><video height=\"1080\" style=\"aspect-ratio: 1920 \/ 1080;\" width=\"1920\" controls src=\"https:\/\/www.sainttropez.aeroport.fr\/app\/uploads\/2025\/05\/tour-de-piste-vdef-1.mp4\"><\/video><\/figure>\n<\/div>\n","protected":false},"excerpt":{"rendered":"<p>Pour un avion du \u00ab&nbsp;groupe 2&nbsp;\u00bb comme indiqu\u00e9 dans l\u2019AIP, le pilote aux commandes doit effectuer un entrainement local avec un instructeur agr\u00e9\u00e9. Contact le DSAC &#8211; Dsac-se-dossiers-la-mole-bf@aviation-civile.gouv.fr Pour faire une demande de vol vous devez cr\u00e9er un compte sur MY Handling : https:\/\/cy.myhandlingsoftware.com Contactez nous si n\u00e9cessaire : OPERATIONS operations@sainttropez.aeroport.fr RECEPTION reception@sainttropez.aeroport.fr Avant tout&#8230;<\/p>\n","protected":false},"author":1,"featured_media":0,"parent":39,"menu_order":31,"comment_status":"closed","ping_status":"closed","template":"","meta":{"_acf_changed":false,"_crdt_document":"","footnotes":""},"class_list":["post-1662","page","type-page","status-publish","hentry"],"acf":{"subtitle":"","autoplay":false,"delay":"","video_mp4":false,"video_webm":false,"poster_image":false,"nugget":false,"partner":false,"tab":false,"address":false,"title_alignement":"alignwide"},"_links":{"self":[{"href":"https:\/\/www.sainttropez.aeroport.fr\/fr\/wp-json\/wp\/v2\/pages\/1662","targetHints":{"allow":["GET"]}}],"collection":[{"href":"https:\/\/www.sainttropez.aeroport.fr\/fr\/wp-json\/wp\/v2\/pages"}],"about":[{"href":"https:\/\/www.sainttropez.aeroport.fr\/fr\/wp-json\/wp\/v2\/types\/page"}],"author":[{"embeddable":true,"href":"https:\/\/www.sainttropez.aeroport.fr\/fr\/wp-json\/wp\/v2\/users\/1"}],"replies":[{"embeddable":true,"href":"https:\/\/www.sainttropez.aeroport.fr\/fr\/wp-json\/wp\/v2\/comments?post=1662"}],"version-history":[{"count":9,"href":"https:\/\/www.sainttropez.aeroport.fr\/fr\/wp-json\/wp\/v2\/pages\/1662\/revisions"}],"predecessor-version":[{"id":3784,"href":"https:\/\/www.sainttropez.aeroport.fr\/fr\/wp-json\/wp\/v2\/pages\/1662\/revisions\/3784"}],"up":[{"embeddable":true,"href":"https:\/\/www.sainttropez.aeroport.fr\/fr\/wp-json\/wp\/v2\/pages\/39"}],"wp:attachment":[{"href":"https:\/\/www.sainttropez.aeroport.fr\/fr\/wp-json\/wp\/v2\/media?parent=1662"}],"curies":[{"name":"wp","href":"https:\/\/api.w.org\/{rel}","templated":true}]}}