{"id":1666,"date":"2022-11-27T23:42:53","date_gmt":"2022-11-27T22:42:53","guid":{"rendered":"https:\/\/www.sainttropez.aeroport.fr\/?page_id=1666"},"modified":"2025-04-21T18:37:10","modified_gmt":"2025-04-21T17:37:10","slug":"assistance-avion","status":"publish","type":"page","link":"https:\/\/www.sainttropez.aeroport.fr\/fr\/services\/assistance-avion","title":{"rendered":"Assistance avion"},"content":{"rendered":"\n<div class=\"wp-block-group alignwide has-w-background-color has-background is-layout-flow wp-block-group-is-layout-flow\">\n<p class=\"has-text-align-center wp-block-paragraph\"><strong>CONDITIONS D\u2019ASSISTANCE EN ESCALE<\/strong><\/p>\n\n\n\n<p class=\"has-text-align-center wp-block-paragraph\"><strong>AGST<\/strong><\/p>\n\n\n\n<p class=\"wp-block-paragraph\">La soci\u00e9t\u00e9 A\u00e9roport du Golfe de St Tropez (\u00ab&nbsp;AGST&nbsp;\u00bb) fournit des services d\u2019assistance en escale (au sens de la r\u00e9glementation europ\u00e9enne), tels que d\u00e9finis et list\u00e9s au sein du pr\u00e9sent site internet (<a>www.sainttropez.aeroport.fr<\/a>), aux usagers de l\u2019A\u00e9roport Saint-Tropez La Mole (\u00ab&nbsp;l\u2019A\u00e9roport&nbsp;\u00bb).<\/p>\n\n\n\n<p class=\"wp-block-paragraph\">Ces services d\u2019assistance en escale sont r\u00e9put\u00e9s fournis en conformit\u00e9 avec la proc\u00e9dure simplifi\u00e9e (annexe B) du &nbsp;Standard Ground Handling Agreement tel que publi\u00e9 par l&rsquo;Association Internationale du Transport A\u00e9rien (le \u00abSGHA 2013\u00bb). &nbsp;<\/p>\n\n\n\n<p class=\"wp-block-paragraph\">En demandant et\/ou en acceptant des services d\u2019assistance en escale fournis par AGST, les usagers et clients reconnaissent et confirment que&nbsp;:<\/p>\n\n\n\n<ul class=\"wp-block-list\">\n<li>ils acceptent le SGHA 2013 comme cadre contractuel dans leurs relations avec AGST, incluant les termes de l&rsquo;Accord principal (Main Agreement) et de l&rsquo;annexe A comme si ces termes \u00e9taient repris au sein de cette brochure dans leur int\u00e9gralit\u00e9.<\/li>\n<\/ul>\n\n\n\n<ul class=\"wp-block-list\">\n<li>ils connaissent et acceptent les pratiques et mesures de qualit\u00e9 appliqu\u00e9es par AGST sur l\u2019A\u00e9roport et les types de prestations fournies (AGST ne s\u2019engage en aucun cas \u00e0 appliquer les normes de qualit\u00e9 sp\u00e9cifiques \u00e9nonc\u00e9es \u00e0 l&rsquo;article 5.12 du SGHA 2013)<\/li>\n<\/ul>\n\n\n\n<ul class=\"wp-block-list\">\n<li>AGST peut \u00e0 tout moment sous-traiter librement toute ou partie des services d\u2019assistance, mais demeure pleinement responsable de l&rsquo;ex\u00e9cution de l&rsquo;accord par ses sous-traitants,<\/li>\n<\/ul>\n\n\n\n<ul class=\"wp-block-list\">\n<li>AGST ne saurait en aucun cas \u00eatre tenue d\u2019indemniser les dommages indirects subi par les usagers\/clients&nbsp;;<\/li>\n<\/ul>\n\n\n\n<ul class=\"wp-block-list\">\n<li>Sauf accord sp\u00e9cifique conclu avec AGST, les services d\u2019assistance en escale doivent \u00eatre r\u00e9gl\u00e9s imm\u00e9diatement par l\u2019usager, avant le d\u00e9part de l\u2019A\u00e9roport de tout A\u00e9ronef lui appartenant ou dont il a la gestion,<\/li>\n<\/ul>\n\n\n\n<ul class=\"wp-block-list\">\n<li>en cas de conflit entre le SGHA 2013 et les pr\u00e9sentes stipulations, les pr\u00e9sentes stipulations pr\u00e9vaudront.&nbsp;\u00bb<\/li>\n<\/ul>\n<\/div>\n","protected":false},"excerpt":{"rendered":"<p>CONDITIONS D\u2019ASSISTANCE EN ESCALE AGST La soci\u00e9t\u00e9 A\u00e9roport du Golfe de St Tropez (\u00ab&nbsp;AGST&nbsp;\u00bb) fournit des services d\u2019assistance en escale (au sens de la r\u00e9glementation europ\u00e9enne), tels que d\u00e9finis et list\u00e9s au sein du pr\u00e9sent site internet (www.sainttropez.aeroport.fr), aux usagers de l\u2019A\u00e9roport Saint-Tropez La Mole (\u00ab&nbsp;l\u2019A\u00e9roport&nbsp;\u00bb). Ces services d\u2019assistance en escale sont r\u00e9put\u00e9s fournis en&#8230;<\/p>\n","protected":false},"author":1,"featured_media":0,"parent":36,"menu_order":21,"comment_status":"closed","ping_status":"closed","template":"","meta":{"_acf_changed":false,"_crdt_document":"","footnotes":""},"class_list":["post-1666","page","type-page","status-publish","hentry"],"acf":{"subtitle":"","autoplay":false,"delay":"","video_mp4":false,"video_webm":false,"poster_image":false,"nugget":false,"partner":false,"tab":false,"title_alignement":"alignwide","address":false},"_links":{"self":[{"href":"https:\/\/www.sainttropez.aeroport.fr\/fr\/wp-json\/wp\/v2\/pages\/1666","targetHints":{"allow":["GET"]}}],"collection":[{"href":"https:\/\/www.sainttropez.aeroport.fr\/fr\/wp-json\/wp\/v2\/pages"}],"about":[{"href":"https:\/\/www.sainttropez.aeroport.fr\/fr\/wp-json\/wp\/v2\/types\/page"}],"author":[{"embeddable":true,"href":"https:\/\/www.sainttropez.aeroport.fr\/fr\/wp-json\/wp\/v2\/users\/1"}],"replies":[{"embeddable":true,"href":"https:\/\/www.sainttropez.aeroport.fr\/fr\/wp-json\/wp\/v2\/comments?post=1666"}],"version-history":[{"count":5,"href":"https:\/\/www.sainttropez.aeroport.fr\/fr\/wp-json\/wp\/v2\/pages\/1666\/revisions"}],"predecessor-version":[{"id":3400,"href":"https:\/\/www.sainttropez.aeroport.fr\/fr\/wp-json\/wp\/v2\/pages\/1666\/revisions\/3400"}],"up":[{"embeddable":true,"href":"https:\/\/www.sainttropez.aeroport.fr\/fr\/wp-json\/wp\/v2\/pages\/36"}],"wp:attachment":[{"href":"https:\/\/www.sainttropez.aeroport.fr\/fr\/wp-json\/wp\/v2\/media?parent=1666"}],"curies":[{"name":"wp","href":"https:\/\/api.w.org\/{rel}","templated":true}]}}