{"id":1675,"date":"2022-12-02T12:16:06","date_gmt":"2022-12-02T11:16:06","guid":{"rendered":"https:\/\/www.sainttropez.aeroport.fr\/?page_id=1675"},"modified":"2025-04-21T18:38:12","modified_gmt":"2025-04-21T17:38:12","slug":"engagement","status":"publish","type":"page","link":"https:\/\/www.sainttropez.aeroport.fr\/fr\/aeroport\/engagement","title":{"rendered":"Engagement"},"content":{"rendered":"\n<div class=\"wp-block-group alignwide has-w-background-color has-background is-layout-flow wp-block-group-is-layout-flow\">\n<p class=\"has-xl-font-size wp-block-paragraph\"><strong>LA BIODIVERSIT\u00c9 SUR UN A\u00c9ROPORT<br><\/strong>OUI MAIS POURQUOI ?<\/p>\n\n\n\n<p class=\"wp-block-paragraph\"><strong>Une d\u00e9marche biodiversit\u00e9 responsable consiste, sur un a\u00e9roport, \u00e0 mieux conna\u00eetre la faune, la fl ore et leurs habitats. Elle permet \u00e0 l\u2019exploitant de se doter d\u2019une connaissance des espaces naturels pour en adapter et en faciliter la gestion, sans remettre en cause la s\u00e9curit\u00e9 du transport a\u00e9rien.<\/strong><\/p>\n\n\n\n<p class=\"wp-block-paragraph\">Voil\u00e0 l\u2019engagement entrepris en 2021 par l\u2019A\u00e9roport du Golfe de Saint-Tropez (AGST). Bien que d\u00e9j\u00e0 tr\u00e8s ancr\u00e9e dans la culture d\u2019entreprise, la gestion de la biodiversit\u00e9 sur AGST a \u00e9t\u00e9 consacr\u00e9e par la signature d\u2019un partenariat avec l\u2019association AERO BIODIVERSITE en mars 2021.<\/p>\n\n\n\n<p class=\"wp-block-paragraph\">Cette association a \u00e9t\u00e9 cr\u00e9\u00e9e en 2015 en partenariat avec entre autres Air France, la Direction G\u00e9n\u00e9rale de l\u2019Aviation Civile (DGAC) et le Mus\u00e9um national d\u2019Histoire naturelle. Elle est pr\u00e9sente aujourd\u2019hui sur une cinquantaine d\u2019a\u00e9roports fran\u00e7ais de toutes tailles et a pour but d\u2019\u00e9valuer et valoriser la biodiversit\u00e9 des a\u00e9roports, ainsi que d\u2019identifier les bonnes pratiques de gestion des plateformes.<\/p>\n\n\n\n<p class=\"has-xl-font-size wp-block-paragraph\"><strong>DES PRAIRIES A\u00c9ROPORTUAIRES<br><\/strong>R\u00c9SERVOIRS DE BIODIVERSIT\u00c9 !<\/p>\n\n\n\n<p class=\"wp-block-paragraph\">Les prairies constituent un grand potentiel d\u2019accueil de la biodiversit\u00e9 et peuvent \u00eatre, localement consid\u00e9rables tant par leur surface que par leur richesse biologique. Par cons\u00e9quent, les emprises a\u00e9roportuaires sont susceptibles de devenir des refuges pour les communaut\u00e9s animales et v\u00e9g\u00e9tales. Et au-del\u00e0 de leur r\u00f4le de support pour la biodiversit\u00e9, les prairies a\u00e9ronautiques contribuent aussi \u00e0 de grands processus : Elles participent ainsi \u00e0 la pollinisation des cultures avoisinantes, mais \u00e9galement \u00e0 diff\u00e9rents ph\u00e9nom\u00e8nes de r\u00e9gulation notamment celui du climat, \u00e0 travers le stockage du carbone ou encore la r\u00e9gulation de la qualit\u00e9 de l\u2019eau.<\/p>\n\n\n\n<p class=\"wp-block-paragraph\">Sur AGST, les espaces verts a\u00e9roportuaires ne d\u00e9rogent pas \u00e0 la r\u00e8gle et regorgent de belles surprises :<\/p>\n\n\n\n<ul class=\"wp-block-list\">\n<li>ont notamment \u00e9t\u00e9 observ\u00e9s le papillon \u00ab Diane (Zerynthia polyxena) \u00bb (esp\u00e8ce prot\u00e9g\u00e9e de plus en plus rare) sur sa plante h\u00f4te \u00ab l\u2019aristoloche \u00bb (Aristolochia rotunda)<\/li>\n\n\n\n<li>ou encore 41 esp\u00e8ces d\u2019oiseaux ont \u00e9t\u00e9 recens\u00e9es lors de cette premi\u00e8re ann\u00e9e de prospection sur la plateforme, dont 32 sont prot\u00e9g\u00e9es nationalement.<\/li>\n\n\n\n<li>Au total, 376 esp\u00e8ces ont \u00e9t\u00e9 inventori\u00e9es sur l\u2019a\u00e9roport en 2021.<\/li>\n\n\n\n<li>Plus de 5 zones d\u2019int\u00e9r\u00eat (habitat \u00e0 enjeux) ont \u00e9t\u00e9 r\u00e9f\u00e9renc\u00e9es et seront suivies sur les 3 visites annuelles de l\u2019association.<\/li>\n<\/ul>\n\n\n\n<p class=\"has-xl-font-size wp-block-paragraph\">EN ROUTE VERS<br><strong>LE Z\u00c9RO PHYTO !<\/strong><\/p>\n\n\n\n<p class=\"wp-block-paragraph\"><strong>Au 1er Juin 2022, l\u2019utilisation des produits phyto sera interdite dans certains lieux et r\u00e9glement\u00e9e sous condition dans d\u2019autres (LOI LABBE).<br>Serons-nous pr\u00eats ?<\/strong><\/p>\n\n\n\n<p class=\"wp-block-paragraph\">Bien que les a\u00e9roports soient identifi\u00e9s dans ce deuxi\u00e8me cas de figure, l\u2019A\u00e9roport du Golfe de Saint-Tropez a fait le choix, d\u00e9j\u00e0 depuis plusieurs ann\u00e9es, de r\u00e9duire consid\u00e9rablement son recours aux produits phyto-sanitaires privil\u00e9giant des m\u00e9thodes plus naturelles et en accord avec le milieu exceptionnel qui l\u2019entoure.<br>Aujourd\u2019hui, l\u2019a\u00e9roport s\u2019inscrit dans une gestion raisonn\u00e9e quasi d\u00e9pourvue de produits phyto. Et au 1er juin, la conversion sera totale !<\/p>\n\n\n\n<p class=\"has-white-color has-lime-600-background-color has-text-color has-background has-xl-font-size wp-block-paragraph\">CAP 2030 : <strong>UN A\u00c9ROPORT NET Z\u00c9RO EMISSIONS<\/strong><\/p>\n\n\n\n<p class=\"wp-block-paragraph\"><strong>Cela fait moins de deux ans qu\u2019A\u00e9roports de la C\u00f4te d\u2019Azur a officiellement lanc\u00e9 sa d\u00e9marche Net Z\u00e9ro 2030.<\/strong><\/p>\n\n\n\n<p class=\"wp-block-paragraph\">L\u2019A\u00e9roport du Golfe de Saint-Tropez est d\u2019autant plus en avance sur cette strat\u00e9gie qu\u2019il a tout mis en \u0153uvre pour \u00eatre un a\u00e9roport net z\u00e9ro \u00e9mission d\u00e8s 2020.<\/p>\n\n\n\n<p class=\"wp-block-paragraph\">La premi\u00e8re \u00e9tape de cette d\u00e9marche consiste \u00e0 r\u00e9duire les consommations \u00e9nerg\u00e9tiques sur l\u2019ensemble des postes sous le contr\u00f4le de l\u2019a\u00e9roport. Cela passe par le changement d\u2019ampoules \u00e9nergivores par du LED dans l\u2019a\u00e9rogare, l\u2019optimisation de la lumi\u00e8re naturelle, l\u2019isolation thermique des locaux tels que les vestiaires du Service de Sauvetage et de Lutte contre l\u2019Incendie des A\u00e9ronefs (SSLIA) ou encore la mise en place d\u2019un contrat d\u2019achat d\u2019\u00e9nergie renouvelable. En effet, l\u2019a\u00e9roport \u00e9tablit son inventaire des \u00e9missions de gaz \u00e0 effet de serre qu\u2019il \u00e9met depuis 2013 et a d\u00e9velopp\u00e9 un plan de management carbone pour limiter au maximum les consommations \u00e9nerg\u00e9tiques.<\/p>\n\n\n\n<p class=\"wp-block-paragraph\">La deuxi\u00e8me phase de cet engagement consiste \u00e0 d\u00e9carboner les activit\u00e9s notamment en rempla\u00e7ant les v\u00e9hicules thermiques par des mod\u00e8les \u00e9lectriques ou en d\u00e9veloppant des concepts innovants, tels que l\u2019installation de boitiers \u00e0 injection d\u2019hydrog\u00e8ne sur ses v\u00e9hicules et engins diesel sp\u00e9cifiques afin de limiter les \u00e9missions de polluants et la consommation de carburants.<\/p>\n\n\n\n<p class=\"wp-block-paragraph\">Afin d\u2019absorber les \u00e9missions r\u00e9siduelles et incompressibles, l\u2019a\u00e9roport a plant\u00e9 plus de 1 100 arbres, uniquement des essences m\u00e9diterran\u00e9ennes type myrte, arbousier, ch\u00eane li\u00e8ge, pin d\u2019Alep\u2026 sur l\u2019emprise a\u00e9roportuaire. Ces plantations de puits carbone naturels permettent d\u2019absorber th\u00e9oriquement 30 tonnes de CO2 par an, soit deux fois plus que les \u00e9missions directes \u00e9mises par AGST.<\/p>\n\n\n\n<p class=\"wp-block-paragraph\">L\u2019a\u00e9roport a pass\u00e9 un cap en 2021 avec l\u2019obtention du niveau 4+ du programme international Airport Carbon Accreditation. Ce niveau est celui de la \u00ab transition \u00bb. Il demande aux gestionnaires a\u00e9roportuaires de se rapprocher des autres acteurs du transport a\u00e9rien pour mettre en place des plans d\u2019action communs afin de diminuer leurs \u00e9missions de gaz \u00e0 effet de serre. Et puis, surtout, la grande nouveaut\u00e9 de ce niveau est que l\u2019a\u00e9roport doit d\u00e9sormais diminuer ses \u00e9missions non plus par passager ou par mouvement, mais en valeur absolue. C\u2019est la r\u00e9duction de ce tonnage total qui est d\u00e9sormais jug\u00e9. <\/p>\n\n\n\n<p class=\"wp-block-paragraph\">Les actions en mati\u00e8re de r\u00e9duction des \u00e9missions de Gaz \u00e0 Effet de Serre (GES) ne se limitent pas aux \u00e9missions directes d\u2019AGST. L\u2019a\u00e9roport engage \u00e9galement des d\u00e9marches afin de r\u00e9duire les \u00e9missions indirectes induites, dites du scope3, tels que le compostage sur site des bio d\u00e9chets afin de r\u00e9duire la part de d\u00e9chets tout venants qui partent en traitement \u00e0 l\u2019incin\u00e9ration ou encore l\u2019utilisation de groupe<br>\u00e9lectron\u00e8ge (GPU) \u00e9lectrique pour limiter le recours aux groupe auxiliaire de puissance (APU) des a\u00e9ronefs.<\/p>\n\n\n\n<p class=\"has-xl-font-size wp-block-paragraph\"><strong>ET EN 2023<br><\/strong>ON FAIT QUOI ?<\/p>\n\n\n\n<p class=\"wp-block-paragraph\">AGST poursuit et consolide sa gestion et ses connaissances en mati\u00e8re de biodiversit\u00e9 en mettant en place les protocoles de suivi et d\u2019observation pr\u00e9conis\u00e9s par l\u2019association.<br>Des actions de pr\u00e9servation ont \u00e9t\u00e9 d\u00e9ploy\u00e9es comme par exemple cette initiative de protection sur la zone de ponte du papillon Diane.<\/p>\n\n\n\n<p class=\"wp-block-paragraph\"><strong>Vers une d\u00e9marche de labellisation \u2026<\/strong><\/p>\n\n\n\n<p class=\"wp-block-paragraph\">Un label AEROBIO a \u00e9t\u00e9 cr\u00e9\u00e9 en 2021 afin de valoriser le travail et l\u2019engagement des a\u00e9roports inscrits dans la d\u00e9marche A\u00e9ro Biodiversit\u00e9. Il repose sur 4 crit\u00e8res (Gestion de la biodiversit\u00e9, Investissement du personnel, Ancrage territorial et Communication) et comporte 3 niveaux d\u2019exigence.<\/p>\n<\/div>\n","protected":false},"excerpt":{"rendered":"<p>LA BIODIVERSIT\u00c9 SUR UN A\u00c9ROPORTOUI MAIS POURQUOI ? Une d\u00e9marche biodiversit\u00e9 responsable consiste, sur un a\u00e9roport, \u00e0 mieux conna\u00eetre la faune, la fl ore et leurs habitats. Elle permet \u00e0 l\u2019exploitant de se doter d\u2019une connaissance des espaces naturels pour en adapter et en faciliter la gestion, sans remettre en cause la s\u00e9curit\u00e9 du transport&#8230;<\/p>\n","protected":false},"author":1,"featured_media":0,"parent":30,"menu_order":8,"comment_status":"closed","ping_status":"closed","template":"","meta":{"_acf_changed":false,"_crdt_document":"","footnotes":""},"class_list":["post-1675","page","type-page","status-publish","hentry"],"acf":{"subtitle":"","autoplay":false,"delay":"","video_mp4":false,"video_webm":false,"poster_image":false,"nugget":false,"partner":false,"tab":false,"address":false,"title_alignement":"alignwide"},"_links":{"self":[{"href":"https:\/\/www.sainttropez.aeroport.fr\/fr\/wp-json\/wp\/v2\/pages\/1675","targetHints":{"allow":["GET"]}}],"collection":[{"href":"https:\/\/www.sainttropez.aeroport.fr\/fr\/wp-json\/wp\/v2\/pages"}],"about":[{"href":"https:\/\/www.sainttropez.aeroport.fr\/fr\/wp-json\/wp\/v2\/types\/page"}],"author":[{"embeddable":true,"href":"https:\/\/www.sainttropez.aeroport.fr\/fr\/wp-json\/wp\/v2\/users\/1"}],"replies":[{"embeddable":true,"href":"https:\/\/www.sainttropez.aeroport.fr\/fr\/wp-json\/wp\/v2\/comments?post=1675"}],"version-history":[{"count":8,"href":"https:\/\/www.sainttropez.aeroport.fr\/fr\/wp-json\/wp\/v2\/pages\/1675\/revisions"}],"predecessor-version":[{"id":3405,"href":"https:\/\/www.sainttropez.aeroport.fr\/fr\/wp-json\/wp\/v2\/pages\/1675\/revisions\/3405"}],"up":[{"embeddable":true,"href":"https:\/\/www.sainttropez.aeroport.fr\/fr\/wp-json\/wp\/v2\/pages\/30"}],"wp:attachment":[{"href":"https:\/\/www.sainttropez.aeroport.fr\/fr\/wp-json\/wp\/v2\/media?parent=1675"}],"curies":[{"name":"wp","href":"https:\/\/api.w.org\/{rel}","templated":true}]}}