{"id":1683,"date":"2022-12-02T12:21:53","date_gmt":"2022-12-02T11:21:53","guid":{"rendered":"https:\/\/www.sainttropez.aeroport.fr\/?page_id=1683"},"modified":"2025-06-25T15:51:06","modified_gmt":"2025-06-25T14:51:06","slug":"lescale-tropezienne-bar-restaurant","status":"publish","type":"page","link":"https:\/\/www.sainttropez.aeroport.fr\/fr\/services\/lescale-tropezienne-bar-restaurant","title":{"rendered":"Yoka &#8211; Restaurant Japonais et Vietnamien"},"content":{"rendered":"\n<div class=\"wp-block-group has-w-background-color has-background is-layout-constrained wp-block-group-is-layout-constrained\">\n<p class=\"has-text-align-center has-2-xl-font-size wp-block-paragraph\"><strong>Sushis \u2013 Ramen \u2013 Donburis<br>Sur place, \u00e0 emporter et en livraison<\/strong><\/p>\n\n\n\n<figure class=\"wp-block-image aligncenter size-full is-resized\"><img loading=\"lazy\" decoding=\"async\" width=\"920\" height=\"920\" data-tippy-content=\"yoka-logo\" src=\"https:\/\/www.sainttropez.aeroport.fr\/app\/uploads\/2025\/06\/yoka-logo.webp\" alt=\"\" class=\"wp-image-3652\" style=\"aspect-ratio:16\/9;object-fit:cover;width:300px\" srcset=\"https:\/\/www.sainttropez.aeroport.fr\/app\/uploads\/2025\/06\/yoka-logo.webp 920w, https:\/\/www.sainttropez.aeroport.fr\/app\/uploads\/2025\/06\/yoka-logo-300x300.webp 300w, https:\/\/www.sainttropez.aeroport.fr\/app\/uploads\/2025\/06\/yoka-logo-150x150.webp 150w, https:\/\/www.sainttropez.aeroport.fr\/app\/uploads\/2025\/06\/yoka-logo-768x768.webp 768w\" sizes=\"auto, (max-width: 920px) 100vw, 920px\" \/><\/figure>\n\n\n\n<p class=\"has-text-align-center has-lg-font-size wp-block-paragraph\">Chez Yoka La M\u00f4le, nous r\u00e9unissons le meilleur des cuisines japonaise et vietnamienne dans une m\u00eame assiette, pour une exp\u00e9rience culinaire \u00e0 la fois authentique, raffin\u00e9e et g\u00e9n\u00e9reuse.<\/p>\n\n\n\n  <div class=\"relative wp-block-fmz-slider alignwide\">\n    <div class=\"fmz-slider-69f102df78e17 swiper\">\n      <div class=\"swiper-wrapper\">\n        \n\n<div class=\"swiper-slide\" class=\"wp-block-fmz-slide\">\n<figure class=\"wp-block-image size-full has-custom-border\"><img loading=\"lazy\" decoding=\"async\" width=\"450\" height=\"250\" data-tippy-content=\"sushi-yoka\" src=\"https:\/\/www.sainttropez.aeroport.fr\/app\/uploads\/2025\/06\/sushi-yoka.webp\" alt=\"\" class=\"wp-image-3635\" style=\"border-radius:8px\" srcset=\"https:\/\/www.sainttropez.aeroport.fr\/app\/uploads\/2025\/06\/sushi-yoka.webp 450w, https:\/\/www.sainttropez.aeroport.fr\/app\/uploads\/2025\/06\/sushi-yoka-300x167.webp 300w\" sizes=\"auto, (max-width: 450px) 100vw, 450px\" \/><\/figure>\n<\/div>\n\n\n\n<div class=\"swiper-slide\" class=\"wp-block-fmz-slide\">\n<figure class=\"wp-block-image size-full has-custom-border\"><img loading=\"lazy\" decoding=\"async\" width=\"450\" height=\"250\" data-tippy-content=\"sushis-la-mole\" src=\"https:\/\/www.sainttropez.aeroport.fr\/app\/uploads\/2025\/06\/sushis-la-mole.webp\" alt=\"\" class=\"wp-image-3633\" style=\"border-radius:8px\" srcset=\"https:\/\/www.sainttropez.aeroport.fr\/app\/uploads\/2025\/06\/sushis-la-mole.webp 450w, https:\/\/www.sainttropez.aeroport.fr\/app\/uploads\/2025\/06\/sushis-la-mole-300x167.webp 300w\" sizes=\"auto, (max-width: 450px) 100vw, 450px\" \/><\/figure>\n<\/div>\n\n\n\n<div class=\"swiper-slide\" class=\"wp-block-fmz-slide\">\n<figure class=\"wp-block-image size-full has-custom-border\"><img loading=\"lazy\" decoding=\"async\" width=\"450\" height=\"250\" data-tippy-content=\"restaurant-vietnamien-la-mole\" src=\"https:\/\/www.sainttropez.aeroport.fr\/app\/uploads\/2025\/06\/restaurant-vietnamien-la-mole.webp\" alt=\"\" class=\"wp-image-3631\" style=\"border-radius:8px\" srcset=\"https:\/\/www.sainttropez.aeroport.fr\/app\/uploads\/2025\/06\/restaurant-vietnamien-la-mole.webp 450w, https:\/\/www.sainttropez.aeroport.fr\/app\/uploads\/2025\/06\/restaurant-vietnamien-la-mole-300x167.webp 300w\" sizes=\"auto, (max-width: 450px) 100vw, 450px\" \/><\/figure>\n<\/div>\n\n\n\n<div class=\"swiper-slide\" class=\"wp-block-fmz-slide\">\n<figure class=\"wp-block-image size-full has-custom-border\"><img loading=\"lazy\" decoding=\"async\" width=\"450\" height=\"250\" data-tippy-content=\"restaurant-japonais-la-mole\" src=\"https:\/\/www.sainttropez.aeroport.fr\/app\/uploads\/2025\/06\/restaurant-japonais-la-mole.webp\" alt=\"\" class=\"wp-image-3629\" style=\"border-radius:8px\" srcset=\"https:\/\/www.sainttropez.aeroport.fr\/app\/uploads\/2025\/06\/restaurant-japonais-la-mole.webp 450w, https:\/\/www.sainttropez.aeroport.fr\/app\/uploads\/2025\/06\/restaurant-japonais-la-mole-300x167.webp 300w\" sizes=\"auto, (max-width: 450px) 100vw, 450px\" \/><\/figure>\n<\/div>\n\n\n\n<div class=\"swiper-slide\" class=\"wp-block-fmz-slide\">\n<figure class=\"wp-block-image size-full has-custom-border\"><img loading=\"lazy\" decoding=\"async\" width=\"450\" height=\"250\" data-tippy-content=\"plats-japonais\" src=\"https:\/\/www.sainttropez.aeroport.fr\/app\/uploads\/2025\/06\/plats-japonais.webp\" alt=\"\" class=\"wp-image-3627\" style=\"border-radius:8px\" srcset=\"https:\/\/www.sainttropez.aeroport.fr\/app\/uploads\/2025\/06\/plats-japonais.webp 450w, https:\/\/www.sainttropez.aeroport.fr\/app\/uploads\/2025\/06\/plats-japonais-300x167.webp 300w\" sizes=\"auto, (max-width: 450px) 100vw, 450px\" \/><\/figure>\n<\/div>\n\n\n\n<div class=\"swiper-slide\" class=\"wp-block-fmz-slide\">\n<figure class=\"wp-block-image size-full has-custom-border\"><img loading=\"lazy\" decoding=\"async\" width=\"450\" height=\"250\" data-tippy-content=\"nems-la-mole-le-yoka\" src=\"https:\/\/www.sainttropez.aeroport.fr\/app\/uploads\/2025\/06\/nems-la-mole-le-yoka.webp\" alt=\"\" class=\"wp-image-3625\" style=\"border-radius:8px\" srcset=\"https:\/\/www.sainttropez.aeroport.fr\/app\/uploads\/2025\/06\/nems-la-mole-le-yoka.webp 450w, https:\/\/www.sainttropez.aeroport.fr\/app\/uploads\/2025\/06\/nems-la-mole-le-yoka-300x167.webp 300w\" sizes=\"auto, (max-width: 450px) 100vw, 450px\" \/><\/figure>\n<\/div>\n\n\n\n<div class=\"swiper-slide\" class=\"wp-block-fmz-slide\">\n<figure class=\"wp-block-image size-full has-custom-border\"><img loading=\"lazy\" decoding=\"async\" width=\"450\" height=\"250\" data-tippy-content=\"makis-yoka\" src=\"https:\/\/www.sainttropez.aeroport.fr\/app\/uploads\/2025\/06\/makis-yoka.webp\" alt=\"\" class=\"wp-image-3623\" style=\"border-radius:8px\" srcset=\"https:\/\/www.sainttropez.aeroport.fr\/app\/uploads\/2025\/06\/makis-yoka.webp 450w, https:\/\/www.sainttropez.aeroport.fr\/app\/uploads\/2025\/06\/makis-yoka-300x167.webp 300w\" sizes=\"auto, (max-width: 450px) 100vw, 450px\" \/><\/figure>\n<\/div>\n\n\n\n<div class=\"swiper-slide\" class=\"wp-block-fmz-slide\">\n<figure class=\"wp-block-image size-full has-custom-border\"><img loading=\"lazy\" decoding=\"async\" width=\"450\" height=\"250\" data-tippy-content=\"ha-kao-crevette-2\" src=\"https:\/\/www.sainttropez.aeroport.fr\/app\/uploads\/2025\/06\/ha-kao-crevette-2.webp\" alt=\"\" class=\"wp-image-3621\" style=\"border-radius:8px\" srcset=\"https:\/\/www.sainttropez.aeroport.fr\/app\/uploads\/2025\/06\/ha-kao-crevette-2.webp 450w, https:\/\/www.sainttropez.aeroport.fr\/app\/uploads\/2025\/06\/ha-kao-crevette-2-300x167.webp 300w\" sizes=\"auto, (max-width: 450px) 100vw, 450px\" \/><\/figure>\n<\/div>\n\n\n\n<div class=\"swiper-slide\" class=\"wp-block-fmz-slide\">\n<figure class=\"wp-block-image size-full has-custom-border\"><img loading=\"lazy\" decoding=\"async\" width=\"450\" height=\"250\" data-tippy-content=\"brochettes-de-poulet-teriyaki\" src=\"https:\/\/www.sainttropez.aeroport.fr\/app\/uploads\/2025\/06\/brochettes-de-poulet-teriyaki.webp\" alt=\"\" class=\"wp-image-3619\" style=\"border-radius:8px\" srcset=\"https:\/\/www.sainttropez.aeroport.fr\/app\/uploads\/2025\/06\/brochettes-de-poulet-teriyaki.webp 450w, https:\/\/www.sainttropez.aeroport.fr\/app\/uploads\/2025\/06\/brochettes-de-poulet-teriyaki-300x167.webp 300w\" sizes=\"auto, (max-width: 450px) 100vw, 450px\" \/><\/figure>\n<\/div>\n\n      <\/div>\n          <\/div>\n    <div class=\"swiper-prev-69f102df78e17\"><div class=\"fa-4x h-full flex items-center absolute z-10 top-1\/2 -translate-x-1\/2 -translate-y-1\/2 left-0 right-auto cursor-pointer\">\n          <span class=\"fa-layers fa-fw z-10\">\n            <i class=\"fa-solid fa-circle text-white dark:text-black\"><\/i>\n            <i class=\"fa-light fa-angle-left text-black dark:text-white\" data-fa-transform=\"shrink-6\"><\/i>\n          <\/span>\n        <\/div><\/div><div class=\"swiper-next-69f102df78e17\"><div class=\"fa-4x h-full flex items-center absolute z-10 top-1\/2 translate-x-1\/2 -translate-y-1\/2 right-0 left-auto cursor-pointer\">\n          <span class=\"fa-layers fa-fw z-10\">\n            <i class=\"fa-solid fa-circle text-white dark:text-black\"><\/i>\n            <i class=\"fa-light fa-angle-right text-black dark:text-white\" data-fa-transform=\"shrink-6\"><\/i>\n          <\/span>\n        <\/div><\/div>  <\/div>\n    <script>\n        new Swiper('.fmz-slider-69f102df78e17', {\n        \n         autoplay: { delay: 3000, disableOnInteraction: true },\n        slidesPerView: 1,\n        spaceBetween: 20,\n        centeredSlides: false,\n        speed: 300,\n        loop: true,\n\t\t\t\tdirection: 'horizontal',\n\t\t\t\teffect: 'slide',\n        breakpoints:{ \n          576: { \n            slidesPerView: 2,\n            spaceBetween: 20,\n\t\t\t\t\t\tcenteredSlides: false,\n          }, \n          992: { \n            slidesPerView: 3,\n            spaceBetween: 20,\n\t\t\t\t\t\tcenteredSlides: false,\n          },\n          1200: {\n            slidesPerView: 3,\n            spaceBetween: 20,\n\t\t\t\t\t\tcenteredSlides: false,\n          },\n          1400: {\n            slidesPerView: 3,\n            spaceBetween: 20,\n\t\t\t\t\t\tcenteredSlides: false,\n          }\n        }\n      ,\n                  navigation: { \n            nextEl: '.swiper-next-69f102df78e17', \n            prevEl: '.swiper-prev-69f102df78e17'\n          },\n                        a11y: {\n          enabled: true,\n          prevSlideMessage: 'Diapositive pr\u00e9c\u00e9dente',\n          nextSlideMessage: 'Diapositive suivante',\n          firstSlideMessage: 'Premi\u00e8re diapositive',\n          lastSlideMessage: 'Derni\u00e8re diapositive',\n          paginationBulletMessage: 'Diapositive {{index}}',\n        },\n                watchSlidesProgress: true,\n        watchOverflow: true\n      }\n    )\n  <\/script>\n  \n\n\n\n<p class=\"has-text-align-center has-lg-font-size wp-block-paragraph\">Sushis pr\u00e9par\u00e9s avec finesse, ramen r\u00e9confortants, domburis savoureux, bao moelleux et plats vietnamiens traditionnels aux parfums d\u00e9licats\u2026<\/p>\n\n\n\n<div class=\"wp-block-columns alignfull is-layout-flex wp-container-core-columns-is-layout-0defc3be wp-block-columns-is-layout-flex\">\n<div class=\"wp-block-column is-layout-flow wp-block-column-is-layout-flow\">\n<div class=\"wp-block-cover is-light has-on-secondary-container-color has-text-color has-link-color wp-elements-cc54ef4d9ed0f048fdb68de4ac8b5a8d\" style=\"border-radius:16px;padding-top:var(--wp--preset--spacing--70);padding-right:var(--wp--preset--spacing--70);padding-bottom:var(--wp--preset--spacing--70);padding-left:var(--wp--preset--spacing--70)\"><span aria-hidden=\"true\" class=\"wp-block-cover__background has-secondary-container-background-color has-background-dim-100 has-background-dim\"><\/span><div class=\"wp-block-cover__inner-container is-layout-constrained wp-container-core-cover-is-layout-8c706f3d wp-block-cover-is-layout-constrained\">\n<h3 class=\"wp-block-heading has-text-align-left has-4-xl-font-size\">Horaires<\/h3>\n\n\n\n<p class=\"has-lg-font-size wp-block-paragraph\" style=\"font-style:normal;font-weight:500\">Lundi au Samedi soir<br>18h30 \u00e0 22h30<\/p>\n\n\n\n<p class=\"has-lg-font-size wp-block-paragraph\" style=\"font-style:normal;font-weight:500\">Lundi au Vendredi midi<br>11h00 \u00e0 14h00<\/p>\n\n\n\n<p class=\"has-text-align-left has-lg-font-size wp-block-paragraph\" style=\"font-style:normal;font-weight:500\">Samedi midi et Dimanche<br>Ferm\u00e9<\/p>\n<\/div><\/div>\n<\/div>\n\n\n\n<div class=\"wp-block-column is-layout-flow wp-block-column-is-layout-flow\">\n<div class=\"wp-block-cover is-light has-on-tertiary-container-color has-text-color has-link-color wp-elements-a11225ea8dc20e2a6651230360066afa\" style=\"border-radius:16px\"><span aria-hidden=\"true\" class=\"wp-block-cover__background has-tertiary-container-background-color has-background-dim-100 has-background-dim\"><\/span><div class=\"wp-block-cover__inner-container is-layout-constrained wp-block-cover-is-layout-constrained\">\n<h3 class=\"wp-block-heading has-text-align-center has-3-xl-font-size\" style=\"font-style:normal;font-weight:400\">Voir le menu <span class=\"wp-rich-text-font-awesome-icon wp-font-awesome-icon\"><svg aria-hidden=\"true\" focusable=\"false\" data-prefix=\"far\" data-icon=\"up-right-from-square\" class=\"svg-inline--fa fa-up-right-from-square \" role=\"img\" xmlns=\"http:\/\/www.w3.org\/2000\/svg\" viewBox=\"0 0 512 512\"><path fill=\"currentColor\" d=\"M304 41c0 10.9 4.3 21.3 12 29L362.1 116 207 271c-9.4 9.4-9.4 24.6 0 33.9s24.6 9.4 33.9 0l155-155L442.1 196c7.7 7.7 18.1 12 29 12c22.6 0 41-18.3 41-41l0-127c0-22.1-17.9-40-40-40L345 0c-22.6 0-41 18.3-41 41zm57.9 7L464 48l0 102.1L361.9 48zM72 32C32.2 32 0 64.2 0 104L0 440c0 39.8 32.2 72 72 72l336 0c39.8 0 72-32.2 72-72l0-128c0-13.3-10.7-24-24-24s-24 10.7-24 24l0 128c0 13.3-10.7 24-24 24L72 464c-13.3 0-24-10.7-24-24l0-336c0-13.3 10.7-24 24-24l128 0c13.3 0 24-10.7 24-24s-10.7-24-24-24L72 32z\"><\/path><\/svg><\/span><\/h3>\n\n\n<a href=\"https:\/\/yoka83.fr\/?page_id=317\" target=\"_blank\"><span aria-hidden=\"true\" class=\"absolute inset-0\"><\/span><span class=\"sr-only focus:not-sr-only\"><\/span><\/a><\/div><\/div>\n<\/div>\n<\/div>\n\n\n\n<div class=\"wp-block-columns alignfull is-layout-flex wp-container-core-columns-is-layout-0defc3be wp-block-columns-is-layout-flex\">\n<div class=\"wp-block-column is-layout-flow wp-block-column-is-layout-flow\" style=\"flex-basis:100%\">\n<div class=\"wp-block-columns is-layout-flex wp-container-core-columns-is-layout-0defc3be wp-block-columns-is-layout-flex\">\n<div class=\"wp-block-column is-layout-flow wp-block-column-is-layout-flow\">\n<figure class=\"wp-block-image size-large has-custom-border\"><img loading=\"lazy\" decoding=\"async\" width=\"768\" height=\"1024\" data-tippy-content=\"yoka-3\" src=\"https:\/\/www.sainttropez.aeroport.fr\/app\/uploads\/2025\/06\/yoka-3-768x1024.jpg\" alt=\"\" class=\"wp-image-3677\" style=\"border-radius:16px;aspect-ratio:3\/4;object-fit:cover\" srcset=\"https:\/\/www.sainttropez.aeroport.fr\/app\/uploads\/2025\/06\/yoka-3-768x1024.jpg 768w, https:\/\/www.sainttropez.aeroport.fr\/app\/uploads\/2025\/06\/yoka-3-225x300.jpg 225w, https:\/\/www.sainttropez.aeroport.fr\/app\/uploads\/2025\/06\/yoka-3-1152x1536.jpg 1152w, https:\/\/www.sainttropez.aeroport.fr\/app\/uploads\/2025\/06\/yoka-3-1536x2048.jpg 1536w, https:\/\/www.sainttropez.aeroport.fr\/app\/uploads\/2025\/06\/yoka-3-scaled.jpg 1920w\" sizes=\"auto, (max-width: 768px) 100vw, 768px\" \/><\/figure>\n<\/div>\n\n\n\n<div class=\"wp-block-column is-layout-flow wp-block-column-is-layout-flow\">\n<figure class=\"wp-block-image size-large has-custom-border\"><img loading=\"lazy\" decoding=\"async\" width=\"819\" height=\"1024\" data-tippy-content=\"yoka-2\" src=\"https:\/\/www.sainttropez.aeroport.fr\/app\/uploads\/2025\/06\/yoka-2-819x1024.jpg\" alt=\"\" class=\"wp-image-3679\" style=\"border-radius:16px;aspect-ratio:3\/4;object-fit:cover\" srcset=\"https:\/\/www.sainttropez.aeroport.fr\/app\/uploads\/2025\/06\/yoka-2-819x1024.jpg 819w, https:\/\/www.sainttropez.aeroport.fr\/app\/uploads\/2025\/06\/yoka-2-240x300.jpg 240w, https:\/\/www.sainttropez.aeroport.fr\/app\/uploads\/2025\/06\/yoka-2-768x960.jpg 768w, https:\/\/www.sainttropez.aeroport.fr\/app\/uploads\/2025\/06\/yoka-2.jpg 1080w\" sizes=\"auto, (max-width: 819px) 100vw, 819px\" \/><\/figure>\n<\/div>\n\n\n\n<div class=\"wp-block-column is-layout-flow wp-block-column-is-layout-flow\">\n<figure class=\"wp-block-image size-large has-custom-border\"><img loading=\"lazy\" decoding=\"async\" width=\"768\" height=\"1024\" data-tippy-content=\"yoka-1\" src=\"https:\/\/www.sainttropez.aeroport.fr\/app\/uploads\/2025\/06\/yoka-1-768x1024.jpg\" alt=\"\" class=\"wp-image-3681\" style=\"border-radius:16px;aspect-ratio:3\/4;object-fit:cover\" srcset=\"https:\/\/www.sainttropez.aeroport.fr\/app\/uploads\/2025\/06\/yoka-1-768x1024.jpg 768w, https:\/\/www.sainttropez.aeroport.fr\/app\/uploads\/2025\/06\/yoka-1-225x300.jpg 225w, https:\/\/www.sainttropez.aeroport.fr\/app\/uploads\/2025\/06\/yoka-1-1152x1536.jpg 1152w, https:\/\/www.sainttropez.aeroport.fr\/app\/uploads\/2025\/06\/yoka-1-1536x2048.jpg 1536w, https:\/\/www.sainttropez.aeroport.fr\/app\/uploads\/2025\/06\/yoka-1-scaled.jpg 1920w\" sizes=\"auto, (max-width: 768px) 100vw, 768px\" \/><\/figure>\n<\/div>\n<\/div>\n<\/div>\n<\/div>\n\n\n\n<p class=\"has-text-align-center wp-block-paragraph\"> Admirer le magnifique cadre avec les atterrissages et d\u00e9collages sur la piste. <\/p>\n\n\n\n<figure class=\"wp-block-image alignfull size-large has-custom-border\"><img loading=\"lazy\" decoding=\"async\" width=\"1024\" height=\"627\" data-tippy-content=\"695A2110\" src=\"https:\/\/www.sainttropez.aeroport.fr\/app\/uploads\/2023\/08\/695A2110-1024x627.jpg\" alt=\"\" class=\"wp-image-2303\" style=\"border-radius:16px\" srcset=\"https:\/\/www.sainttropez.aeroport.fr\/app\/uploads\/2023\/08\/695A2110-1024x627.jpg 1024w, https:\/\/www.sainttropez.aeroport.fr\/app\/uploads\/2023\/08\/695A2110-300x184.jpg 300w, https:\/\/www.sainttropez.aeroport.fr\/app\/uploads\/2023\/08\/695A2110-768x470.jpg 768w, https:\/\/www.sainttropez.aeroport.fr\/app\/uploads\/2023\/08\/695A2110-1536x940.jpg 1536w, https:\/\/www.sainttropez.aeroport.fr\/app\/uploads\/2023\/08\/695A2110-2048x1253.jpg 2048w\" sizes=\"auto, (max-width: 1024px) 100vw, 1024px\" \/><\/figure>\n<\/div>\n","protected":false},"excerpt":{"rendered":"<p>Sushis \u2013 Ramen \u2013 DonburisSur place, \u00e0 emporter et en livraison Chez Yoka La M\u00f4le, nous r\u00e9unissons le meilleur des cuisines japonaise et vietnamienne dans une m\u00eame assiette, pour une exp\u00e9rience culinaire \u00e0 la fois authentique, raffin\u00e9e et g\u00e9n\u00e9reuse. Sushis pr\u00e9par\u00e9s avec finesse, ramen r\u00e9confortants, domburis savoureux, bao moelleux et plats vietnamiens traditionnels aux parfums&#8230;<\/p>\n","protected":false},"author":1,"featured_media":0,"parent":36,"menu_order":18,"comment_status":"closed","ping_status":"closed","template":"","meta":{"_acf_changed":false,"_crdt_document":"","footnotes":""},"class_list":["post-1683","page","type-page","status-publish","hentry"],"acf":{"subtitle":"","autoplay":false,"delay":"","video_mp4":false,"video_webm":false,"poster_image":false,"nugget":false,"partner":false,"tab":false,"address":false,"title_alignement":""},"_links":{"self":[{"href":"https:\/\/www.sainttropez.aeroport.fr\/fr\/wp-json\/wp\/v2\/pages\/1683","targetHints":{"allow":["GET"]}}],"collection":[{"href":"https:\/\/www.sainttropez.aeroport.fr\/fr\/wp-json\/wp\/v2\/pages"}],"about":[{"href":"https:\/\/www.sainttropez.aeroport.fr\/fr\/wp-json\/wp\/v2\/types\/page"}],"author":[{"embeddable":true,"href":"https:\/\/www.sainttropez.aeroport.fr\/fr\/wp-json\/wp\/v2\/users\/1"}],"replies":[{"embeddable":true,"href":"https:\/\/www.sainttropez.aeroport.fr\/fr\/wp-json\/wp\/v2\/comments?post=1683"}],"version-history":[{"count":33,"href":"https:\/\/www.sainttropez.aeroport.fr\/fr\/wp-json\/wp\/v2\/pages\/1683\/revisions"}],"predecessor-version":[{"id":3684,"href":"https:\/\/www.sainttropez.aeroport.fr\/fr\/wp-json\/wp\/v2\/pages\/1683\/revisions\/3684"}],"up":[{"embeddable":true,"href":"https:\/\/www.sainttropez.aeroport.fr\/fr\/wp-json\/wp\/v2\/pages\/36"}],"wp:attachment":[{"href":"https:\/\/www.sainttropez.aeroport.fr\/fr\/wp-json\/wp\/v2\/media?parent=1683"}],"curies":[{"name":"wp","href":"https:\/\/api.w.org\/{rel}","templated":true}]}}