{"id":1685,"date":"2022-12-02T12:22:43","date_gmt":"2022-12-02T11:22:43","guid":{"rendered":"https:\/\/www.sainttropez.aeroport.fr\/?page_id=1685"},"modified":"2026-04-24T13:40:32","modified_gmt":"2026-04-24T12:40:32","slug":"sky-valet","status":"publish","type":"page","link":"https:\/\/www.sainttropez.aeroport.fr\/fr\/services\/sky-valet","title":{"rendered":"Sky Valet"},"content":{"rendered":"\n<div class=\"wp-block-group alignwide has-w-background-color has-background is-layout-flow wp-block-group-is-layout-flow\">\n<h2 class=\"wp-block-heading\"><strong>Sky Valet<\/strong><strong>,<\/strong><\/h2>\n\n\n\n<p class=\"wp-block-paragraph\" style=\"font-style:normal;font-weight:500;text-transform:uppercase\"><strong>sur mesure. reliance<\/strong><\/p>\n\n\n\n<p class=\"wp-block-paragraph\">Aujourd\u2019hui plus que jamais,&nbsp; <strong><a href=\"http:\/\/www.skyvalet.fr\/\">Sky Valet<\/a><\/strong>&nbsp; offre \u00e0 tous les acteurs de l\u2019Aviation g\u00e9n\u00e9rale la possibilit\u00e9 de conna\u00eetre l\u2019excellence. Nos infrastructures et nos \u00e9quipements r\u00e9pondent aux standards les plus strictes en termes de s\u00e9curit\u00e9, de qualit\u00e9 de service et d\u2019environnement.<\/p>\n\n\n\n<div class=\"youtube_player\" videoid=\"NtbK56i0K64\" width=\"100%\" height=\"100%\" theme=\"light\" controls=\"controls\" showinfo=\"showinfo\" autoplay=\"\" mute=\"\" loop=\"\" loading=\"\" data-start=\"start\" data-end=\"end\"><\/div>\n\n\n\n<p class=\"wp-block-paragraph\">En tant qu&rsquo;invit\u00e9 privil\u00e9gi\u00e9, vous \u00eates assur\u00e9 de b\u00e9n\u00e9ficier des normes les plus \u00e9lev\u00e9es et des services les plus efficaces.<\/p>\n\n\n\n<p class=\"wp-block-paragraph\">Avec Sky Valet, nous devenons votre partenaire de confiance dans le domaine de l&rsquo;aviation d&rsquo;affaires. Nous sommes fiers de fournir des services d&rsquo;assistance en escale de premier ordre, adapt\u00e9s \u00e0 vos besoins en tant que compagnie, propri\u00e9taire, pilote ou passager.<\/p>\n\n\n\n<p class=\"wp-block-paragraph\">Votre s\u00e9curit\u00e9 est notre priorit\u00e9 absolue. Nous nous conformons aux normes internationales les plus strictes en mati\u00e8re d&rsquo;aviation et avons mis en place des protocoles de s\u00e9curit\u00e9 rigoureux pour vous offrir la tranquillit\u00e9 d&rsquo;esprit tout au long de votre voyage.<\/p>\n\n\n\n<ul class=\"wp-block-list\">\n<li>Assistance aux a\u00e9ronefs : Notre \u00e9quipe op\u00e9rationnelle est en charge des services a\u00e9ronautiques et r\u00e9pond aux besoins des pilotes de mani\u00e8re personnalis\u00e9e (documents m\u00e9t\u00e9orologiques, NOTAM, coordination avec les autorit\u00e9s a\u00e9roportuaires).<\/li>\n<\/ul>\n\n\n\n<ul class=\"wp-block-list\">\n<li>Guidage, positionnement et calage des a\u00e9ronefs Surveillance des aires de stationnement d\u00e9di\u00e9es et assistance aux GPU.<\/li>\n<\/ul>\n\n\n\n<ul class=\"wp-block-list\">\n<li>Services d&rsquo;avitaillement : nous proposons des solutions compl\u00e8tes d&rsquo;avitaillement pour r\u00e9pondre \u00e0 vos besoins sp\u00e9cifiques. Nous fournissons du Jet A1 et de l&rsquo;Avgas, garantissant que votre avion est ravitaill\u00e9 en carburant et pr\u00eat pour votre prochain vol.<\/li>\n<\/ul>\n\n\n\n<ul class=\"wp-block-list\">\n<li>Services aux passagers : nous mettons tout en \u0153uvre pour assurer le confort et la commodit\u00e9 des passagers.<\/li>\n<\/ul>\n\n\n\n<ul class=\"wp-block-list\">\n<li>Installations pour les \u00e9quipages : Sky Valet propose des installations d\u00e9di\u00e9es aux pilotes et aux membres d&rsquo;\u00e9quipage afin de r\u00e9pondre \u00e0 leurs besoins sp\u00e9cifiques.<\/li>\n<\/ul>\n\n\n\n<ul class=\"wp-block-list\">\n<li>Services de conciergerie : notre \u00e9quipe est pr\u00eate \u00e0 vous aider pour toutes vos demandes et r\u00e9servations. (H\u00e9bergement, transport, location vehicule&#8230;)<\/li>\n<\/ul>\n\n\n\n<p class=\"wp-block-paragraph\">Nous nous engageons \u00e0 faire en sorte que votre exp\u00e9rience de voyage se d\u00e9roule agr\u00e9ablement, personnalis\u00e9e et adapt\u00e9e \u00e0 vos pr\u00e9f\u00e9rences.<\/p>\n\n\n\n<figure class=\"wp-block-image aligncenter size-large is-resized\"><img loading=\"lazy\" decoding=\"async\" width=\"935\" height=\"1024\" data-tippy-content=\"420A5531\" src=\"https:\/\/www.sainttropez.aeroport.fr\/app\/uploads\/2025\/01\/420A5531-935x1024.jpg\" alt=\"\" class=\"wp-image-3237\" style=\"aspect-ratio:1.56;object-fit:contain;width:700px;height:auto\" srcset=\"https:\/\/www.sainttropez.aeroport.fr\/app\/uploads\/2025\/01\/420A5531-935x1024.jpg 935w, https:\/\/www.sainttropez.aeroport.fr\/app\/uploads\/2025\/01\/420A5531-274x300.jpg 274w, https:\/\/www.sainttropez.aeroport.fr\/app\/uploads\/2025\/01\/420A5531-768x841.jpg 768w, https:\/\/www.sainttropez.aeroport.fr\/app\/uploads\/2025\/01\/420A5531-1402x1536.jpg 1402w, https:\/\/www.sainttropez.aeroport.fr\/app\/uploads\/2025\/01\/420A5531-1870x2048.jpg 1870w\" sizes=\"auto, (max-width: 935px) 100vw, 935px\" \/><\/figure>\n\n\n\n<div class=\"wp-block-buttons is-content-justification-center is-layout-flex wp-container-core-buttons-is-layout-9b3e53d3 wp-block-buttons-is-layout-flex\">\n<div class=\"wp-block-button\"><a class=\"wp-block-button__link wp-element-button\" href=\"https:\/\/www.skyvalet.com\/\" target=\"_blank\" rel=\"noreferrer noopener\">Skyvalet<\/a><\/div>\n<\/div>\n<\/div>\n","protected":false},"excerpt":{"rendered":"<p>Sky Valet, sur mesure. reliance Aujourd\u2019hui plus que jamais,&nbsp; Sky Valet&nbsp; offre \u00e0 tous les acteurs de l\u2019Aviation g\u00e9n\u00e9rale la possibilit\u00e9 de conna\u00eetre l\u2019excellence. Nos infrastructures et nos \u00e9quipements r\u00e9pondent aux standards les plus strictes en termes de s\u00e9curit\u00e9, de qualit\u00e9 de service et d\u2019environnement. En tant qu&rsquo;invit\u00e9 privil\u00e9gi\u00e9, vous \u00eates assur\u00e9 de b\u00e9n\u00e9ficier des&#8230;<\/p>\n","protected":false},"author":1,"featured_media":2272,"parent":36,"menu_order":16,"comment_status":"closed","ping_status":"closed","template":"","meta":{"_acf_changed":false,"_crdt_document":"","footnotes":""},"class_list":["post-1685","page","type-page","status-publish","has-post-thumbnail","hentry"],"acf":{"subtitle":"","autoplay":false,"delay":"","video_mp4":false,"video_webm":false,"poster_image":false,"nugget":false,"partner":false,"tab":false,"address":false,"title_alignement":"alignwide"},"_links":{"self":[{"href":"https:\/\/www.sainttropez.aeroport.fr\/fr\/wp-json\/wp\/v2\/pages\/1685","targetHints":{"allow":["GET"]}}],"collection":[{"href":"https:\/\/www.sainttropez.aeroport.fr\/fr\/wp-json\/wp\/v2\/pages"}],"about":[{"href":"https:\/\/www.sainttropez.aeroport.fr\/fr\/wp-json\/wp\/v2\/types\/page"}],"author":[{"embeddable":true,"href":"https:\/\/www.sainttropez.aeroport.fr\/fr\/wp-json\/wp\/v2\/users\/1"}],"replies":[{"embeddable":true,"href":"https:\/\/www.sainttropez.aeroport.fr\/fr\/wp-json\/wp\/v2\/comments?post=1685"}],"version-history":[{"count":23,"href":"https:\/\/www.sainttropez.aeroport.fr\/fr\/wp-json\/wp\/v2\/pages\/1685\/revisions"}],"predecessor-version":[{"id":3964,"href":"https:\/\/www.sainttropez.aeroport.fr\/fr\/wp-json\/wp\/v2\/pages\/1685\/revisions\/3964"}],"up":[{"embeddable":true,"href":"https:\/\/www.sainttropez.aeroport.fr\/fr\/wp-json\/wp\/v2\/pages\/36"}],"wp:featuredmedia":[{"embeddable":true,"href":"https:\/\/www.sainttropez.aeroport.fr\/fr\/wp-json\/wp\/v2\/media\/2272"}],"wp:attachment":[{"href":"https:\/\/www.sainttropez.aeroport.fr\/fr\/wp-json\/wp\/v2\/media?parent=1685"}],"curies":[{"name":"wp","href":"https:\/\/api.w.org\/{rel}","templated":true}]}}