{"id":1689,"date":"2022-12-02T12:24:07","date_gmt":"2022-12-02T11:24:07","guid":{"rendered":"https:\/\/www.sainttropez.aeroport.fr\/?page_id=1689"},"modified":"2025-04-21T18:37:16","modified_gmt":"2025-04-21T17:37:16","slug":"location-de-vehicules","status":"publish","type":"page","link":"https:\/\/www.sainttropez.aeroport.fr\/fr\/services\/location-de-vehicules","title":{"rendered":"Location de v\u00e9hicules"},"content":{"rendered":"\n<div class=\"wp-block-group alignwide has-w-background-color has-background is-layout-flow wp-block-group-is-layout-flow\">\n<p class=\"wp-block-paragraph\">Profitez d&rsquo;une voiture adapt\u00e9e \u00e0 votre voyage, avec l&rsquo;un de nos 3 partenaires pour vous aider dans votre recherche.<\/p>\n\n\n\n<p class=\"wp-block-paragraph\">N&rsquo;h\u00e9sitez pas \u00e0 les contacter directement ou \u00e0 nous envoyer un email pour vous aider dans votre recherche.<\/p>\n\n\n\n<div class=\"wp-block-columns is-layout-flex wp-container-core-columns-is-layout-0defc3be wp-block-columns-is-layout-flex\">\n<div class=\"wp-block-column is-layout-flow wp-block-column-is-layout-flow\">\n<figure class=\"wp-block-image size-full is-resized\"><img loading=\"lazy\" decoding=\"async\" width=\"866\" height=\"650\" data-tippy-content=\"sixt-rent-car3214-2\" src=\"https:\/\/www.sainttropez.aeroport.fr\/app\/uploads\/2023\/04\/sixt-rent-car3214-2.jpg\" alt=\"\" class=\"wp-image-2135\" style=\"width:184px;height:138px\" srcset=\"https:\/\/www.sainttropez.aeroport.fr\/app\/uploads\/2023\/04\/sixt-rent-car3214-2.jpg 866w, https:\/\/www.sainttropez.aeroport.fr\/app\/uploads\/2023\/04\/sixt-rent-car3214-2-300x225.jpg 300w, https:\/\/www.sainttropez.aeroport.fr\/app\/uploads\/2023\/04\/sixt-rent-car3214-2-768x576.jpg 768w\" sizes=\"auto, (max-width: 866px) 100vw, 866px\" \/><\/figure>\n<\/div>\n\n\n\n<div class=\"wp-block-column is-vertically-aligned-center is-layout-flow wp-block-column-is-layout-flow\">\n<p class=\"wp-block-paragraph\">En savoir plus. <a href=\"https:\/\/www.sixt.fr\/location-voiture\/france\/saint-tropez\/\" data-type=\"URL\" data-id=\"https:\/\/www.sixt.fr\/location-voiture\/france\/saint-tropez\/\">Cliquez ici<\/a><\/p>\n<\/div>\n<\/div>\n\n\n\n<div class=\"wp-block-columns is-layout-flex wp-container-core-columns-is-layout-0defc3be wp-block-columns-is-layout-flex\">\n<div class=\"wp-block-column is-layout-flow wp-block-column-is-layout-flow\">\n<figure class=\"wp-block-image size-large is-resized\"><img loading=\"lazy\" decoding=\"async\" width=\"1024\" height=\"387\" data-tippy-content=\"2560px-Hertz_Logo.svg_-1\" src=\"https:\/\/www.sainttropez.aeroport.fr\/app\/uploads\/2023\/04\/2560px-Hertz_Logo.svg_-1-1024x387.png\" alt=\"\" class=\"wp-image-2137\" style=\"width:196px;height:73px\" srcset=\"https:\/\/www.sainttropez.aeroport.fr\/app\/uploads\/2023\/04\/2560px-Hertz_Logo.svg_-1-1024x387.png 1024w, https:\/\/www.sainttropez.aeroport.fr\/app\/uploads\/2023\/04\/2560px-Hertz_Logo.svg_-1-300x113.png 300w, https:\/\/www.sainttropez.aeroport.fr\/app\/uploads\/2023\/04\/2560px-Hertz_Logo.svg_-1-768x290.png 768w, https:\/\/www.sainttropez.aeroport.fr\/app\/uploads\/2023\/04\/2560px-Hertz_Logo.svg_-1-1536x581.png 1536w, https:\/\/www.sainttropez.aeroport.fr\/app\/uploads\/2023\/04\/2560px-Hertz_Logo.svg_-1-2048x774.png 2048w\" sizes=\"auto, (max-width: 1024px) 100vw, 1024px\" \/><\/figure>\n<\/div>\n\n\n\n<div class=\"wp-block-column is-layout-flow wp-block-column-is-layout-flow\">\n<p class=\"wp-block-paragraph\">En savoir plus. <a href=\"https:\/\/www.hertz.fr\/rentacar\/reservation\/\">Cliquez ici<\/a><\/p>\n<\/div>\n<\/div>\n\n\n\n<div class=\"wp-block-columns is-layout-flex wp-container-core-columns-is-layout-0defc3be wp-block-columns-is-layout-flex\">\n<div class=\"wp-block-column is-layout-flow wp-block-column-is-layout-flow\">\n<figure class=\"wp-block-image size-full is-resized\"><img loading=\"lazy\" decoding=\"async\" width=\"600\" height=\"400\" data-tippy-content=\"Locazur-1\" src=\"https:\/\/www.sainttropez.aeroport.fr\/app\/uploads\/2023\/04\/Locazur-1.jpg\" alt=\"\" class=\"wp-image-2139\" style=\"width:180px;height:119px\" srcset=\"https:\/\/www.sainttropez.aeroport.fr\/app\/uploads\/2023\/04\/Locazur-1.jpg 600w, https:\/\/www.sainttropez.aeroport.fr\/app\/uploads\/2023\/04\/Locazur-1-300x200.jpg 300w\" sizes=\"auto, (max-width: 600px) 100vw, 600px\" \/><\/figure>\n<\/div>\n\n\n\n<div class=\"wp-block-column is-layout-flow wp-block-column-is-layout-flow\">\n<p class=\"wp-block-paragraph\"><\/p>\n\n\n\n<p class=\"wp-block-paragraph\">En savoir plus. <a href=\"https:\/\/locazur83.com\/\">Cliquez ici<\/a><\/p>\n<\/div>\n<\/div>\n<\/div>\n","protected":false},"excerpt":{"rendered":"<p>Profitez d&rsquo;une voiture adapt\u00e9e \u00e0 votre voyage, avec l&rsquo;un de nos 3 partenaires pour vous aider dans votre recherche. N&rsquo;h\u00e9sitez pas \u00e0 les contacter directement ou \u00e0 nous envoyer un email pour vous aider dans votre recherche. En savoir plus. Cliquez ici En savoir plus. Cliquez ici En savoir plus. Cliquez ici<\/p>\n","protected":false},"author":1,"featured_media":0,"parent":36,"menu_order":19,"comment_status":"closed","ping_status":"closed","template":"","meta":{"_acf_changed":false,"_crdt_document":"","footnotes":""},"class_list":["post-1689","page","type-page","status-publish","hentry"],"acf":{"subtitle":"","autoplay":false,"delay":"","video_mp4":false,"video_webm":false,"poster_image":false,"nugget":false,"partner":false,"tab":false,"address":false,"title_alignement":"alignwide"},"_links":{"self":[{"href":"https:\/\/www.sainttropez.aeroport.fr\/fr\/wp-json\/wp\/v2\/pages\/1689","targetHints":{"allow":["GET"]}}],"collection":[{"href":"https:\/\/www.sainttropez.aeroport.fr\/fr\/wp-json\/wp\/v2\/pages"}],"about":[{"href":"https:\/\/www.sainttropez.aeroport.fr\/fr\/wp-json\/wp\/v2\/types\/page"}],"author":[{"embeddable":true,"href":"https:\/\/www.sainttropez.aeroport.fr\/fr\/wp-json\/wp\/v2\/users\/1"}],"replies":[{"embeddable":true,"href":"https:\/\/www.sainttropez.aeroport.fr\/fr\/wp-json\/wp\/v2\/comments?post=1689"}],"version-history":[{"count":5,"href":"https:\/\/www.sainttropez.aeroport.fr\/fr\/wp-json\/wp\/v2\/pages\/1689\/revisions"}],"predecessor-version":[{"id":3401,"href":"https:\/\/www.sainttropez.aeroport.fr\/fr\/wp-json\/wp\/v2\/pages\/1689\/revisions\/3401"}],"up":[{"embeddable":true,"href":"https:\/\/www.sainttropez.aeroport.fr\/fr\/wp-json\/wp\/v2\/pages\/36"}],"wp:attachment":[{"href":"https:\/\/www.sainttropez.aeroport.fr\/fr\/wp-json\/wp\/v2\/media?parent=1689"}],"curies":[{"name":"wp","href":"https:\/\/api.w.org\/{rel}","templated":true}]}}