{"id":1724,"date":"2022-12-03T18:06:42","date_gmt":"2022-12-03T17:06:42","guid":{"rendered":"https:\/\/www.sainttropez.aeroport.fr\/?page_id=1724"},"modified":"2025-04-21T18:47:32","modified_gmt":"2025-04-21T17:47:32","slug":"la-citadelle-de-saint-tropez","status":"publish","type":"page","link":"https:\/\/www.sainttropez.aeroport.fr\/fr\/decouverte-de-la-presquile\/la-citadelle-de-saint-tropez","title":{"rendered":"La Citadelle de Saint-Tropez"},"content":{"rendered":"\n<div class=\"wp-block-group alignwide has-w-background-color has-background is-layout-flow wp-block-group-is-layout-flow\">\n<p class=\"wp-block-paragraph\">Depuis plus de 400 ans, la Citadelle couronne la ville. El\u00e9ment de d\u00e9fense du port le plus important entre Antibes et Toulon durant des si\u00e8cles, elle est aujourd\u2019hui un des seuls monuments de cette ampleur de la C\u00f4te varoise.<\/p>\n\n\n\n<figure class=\"wp-block-image alignfull size-full\"><img loading=\"lazy\" decoding=\"async\" width=\"940\" height=\"553\" data-tippy-content=\"saint-tropez-citadelle-1-32-photo-bertrand\" src=\"https:\/\/www.sainttropez.aeroport.fr\/app\/uploads\/2022\/12\/saint-tropez-citadelle-1-32-photo-bertrand.jpg\" alt=\"\" class=\"wp-image-1731\" srcset=\"https:\/\/www.sainttropez.aeroport.fr\/app\/uploads\/2022\/12\/saint-tropez-citadelle-1-32-photo-bertrand.jpg 940w, https:\/\/www.sainttropez.aeroport.fr\/app\/uploads\/2022\/12\/saint-tropez-citadelle-1-32-photo-bertrand-300x176.jpg 300w, https:\/\/www.sainttropez.aeroport.fr\/app\/uploads\/2022\/12\/saint-tropez-citadelle-1-32-photo-bertrand-768x452.jpg 768w\" sizes=\"auto, (max-width: 940px) 100vw, 940px\" \/><\/figure>\n\n\n\n<p class=\"wp-block-paragraph\">A l\u2019origine ses pentes formaient un \u00ab glacis \u00bb d\u00e9pourvues de toute v\u00e9g\u00e9tation d\u2019o\u00f9 l\u2019on pouvait \u00ab cannoner \u00bb les vaisseaux ennemis s\u2019approchant trop pr\u00e8s des murs de la cit\u00e9.<\/p>\n\n\n\n<figure class=\"wp-block-image alignfull size-full\"><img loading=\"lazy\" decoding=\"async\" width=\"940\" height=\"553\" data-tippy-content=\"saint-tropez-vue-aerienne-citadelle-1-photo-bertrand\" src=\"https:\/\/www.sainttropez.aeroport.fr\/app\/uploads\/2022\/12\/saint-tropez-vue-aerienne-citadelle-1-photo-bertrand.jpg\" alt=\"\" class=\"wp-image-1725\" srcset=\"https:\/\/www.sainttropez.aeroport.fr\/app\/uploads\/2022\/12\/saint-tropez-vue-aerienne-citadelle-1-photo-bertrand.jpg 940w, https:\/\/www.sainttropez.aeroport.fr\/app\/uploads\/2022\/12\/saint-tropez-vue-aerienne-citadelle-1-photo-bertrand-300x176.jpg 300w, https:\/\/www.sainttropez.aeroport.fr\/app\/uploads\/2022\/12\/saint-tropez-vue-aerienne-citadelle-1-photo-bertrand-768x452.jpg 768w\" sizes=\"auto, (max-width: 940px) 100vw, 940px\" \/><\/figure>\n\n\n\n<p class=\"wp-block-paragraph\">Pour une bonne conservation du lieu et pour mieux vous accueillir, la ville de Saint-Tropez et l\u2019\u00c9tat restaurent la citadelle. Le donjon, qui est actuellement en travaux, est ferm\u00e9 au public.<\/p>\n\n\n\n<figure class=\"wp-block-image alignfull size-full\"><img loading=\"lazy\" decoding=\"async\" width=\"940\" height=\"554\" data-tippy-content=\"saint-tropez-citadelle-1\" src=\"https:\/\/www.sainttropez.aeroport.fr\/app\/uploads\/2022\/12\/saint-tropez-citadelle-1.jpg\" alt=\"\" class=\"wp-image-1727\" srcset=\"https:\/\/www.sainttropez.aeroport.fr\/app\/uploads\/2022\/12\/saint-tropez-citadelle-1.jpg 940w, https:\/\/www.sainttropez.aeroport.fr\/app\/uploads\/2022\/12\/saint-tropez-citadelle-1-300x177.jpg 300w, https:\/\/www.sainttropez.aeroport.fr\/app\/uploads\/2022\/12\/saint-tropez-citadelle-1-768x453.jpg 768w\" sizes=\"auto, (max-width: 940px) 100vw, 940px\" \/><\/figure>\n\n\n\n<p class=\"wp-block-paragraph\">Un mus\u00e9e de l\u2019Histoire maritime trop\u00e9zienne et un mus\u00e9e naval sont en projet \u00e0 la citadelle pour 2012 et 2013.<\/p>\n\n\n\n<p class=\"wp-block-paragraph\"><strong>La Citadelle de Saint-Tropez<\/strong><\/p>\n\n\n\n<p class=\"wp-block-paragraph\">1, mont\u00e9e de la citadelle<br>83990 &nbsp;&nbsp;Saint-Tropez<br>T\u00e9l.&nbsp;04 94 97 59 43<\/p>\n\n\n\n<p class=\"wp-block-paragraph\">Latitude : 43.2724 &#8211; Longitude : 6.64429<\/p>\n<\/div>\n","protected":false},"excerpt":{"rendered":"<p>Depuis plus de 400 ans, la Citadelle couronne la ville. El\u00e9ment de d\u00e9fense du port le plus important entre Antibes et Toulon durant des si\u00e8cles, elle est aujourd\u2019hui un des seuls monuments de cette ampleur de la C\u00f4te varoise. A l\u2019origine ses pentes formaient un \u00ab glacis \u00bb d\u00e9pourvues de toute v\u00e9g\u00e9tation d\u2019o\u00f9 l\u2019on pouvait&#8230;<\/p>\n","protected":false},"author":1,"featured_media":1729,"parent":42,"menu_order":48,"comment_status":"closed","ping_status":"closed","template":"","meta":{"_acf_changed":false,"_crdt_document":"","footnotes":""},"class_list":["post-1724","page","type-page","status-publish","has-post-thumbnail","hentry"],"acf":{"title_alignement":"alignwide","address":false,"subtitle":"","autoplay":false,"delay":"","video_mp4":false,"video_webm":false,"poster_image":false,"nugget":false,"partner":false,"tab":false},"_links":{"self":[{"href":"https:\/\/www.sainttropez.aeroport.fr\/fr\/wp-json\/wp\/v2\/pages\/1724","targetHints":{"allow":["GET"]}}],"collection":[{"href":"https:\/\/www.sainttropez.aeroport.fr\/fr\/wp-json\/wp\/v2\/pages"}],"about":[{"href":"https:\/\/www.sainttropez.aeroport.fr\/fr\/wp-json\/wp\/v2\/types\/page"}],"author":[{"embeddable":true,"href":"https:\/\/www.sainttropez.aeroport.fr\/fr\/wp-json\/wp\/v2\/users\/1"}],"replies":[{"embeddable":true,"href":"https:\/\/www.sainttropez.aeroport.fr\/fr\/wp-json\/wp\/v2\/comments?post=1724"}],"version-history":[{"count":3,"href":"https:\/\/www.sainttropez.aeroport.fr\/fr\/wp-json\/wp\/v2\/pages\/1724\/revisions"}],"predecessor-version":[{"id":3427,"href":"https:\/\/www.sainttropez.aeroport.fr\/fr\/wp-json\/wp\/v2\/pages\/1724\/revisions\/3427"}],"up":[{"embeddable":true,"href":"https:\/\/www.sainttropez.aeroport.fr\/fr\/wp-json\/wp\/v2\/pages\/42"}],"wp:featuredmedia":[{"embeddable":true,"href":"https:\/\/www.sainttropez.aeroport.fr\/fr\/wp-json\/wp\/v2\/media\/1729"}],"wp:attachment":[{"href":"https:\/\/www.sainttropez.aeroport.fr\/fr\/wp-json\/wp\/v2\/media?parent=1724"}],"curies":[{"name":"wp","href":"https:\/\/api.w.org\/{rel}","templated":true}]}}