{"id":1734,"date":"2022-12-03T18:20:37","date_gmt":"2022-12-03T17:20:37","guid":{"rendered":"https:\/\/www.sainttropez.aeroport.fr\/?page_id=1734"},"modified":"2025-04-21T18:48:09","modified_gmt":"2025-04-21T17:48:09","slug":"les-voiles-de-saint-tropez","status":"publish","type":"page","link":"https:\/\/www.sainttropez.aeroport.fr\/fr\/decouverte-de-la-presquile\/les-voiles-de-saint-tropez","title":{"rendered":"Les voiles de Saint-Tropez"},"content":{"rendered":"\n<div class=\"wp-block-group alignwide has-w-background-color has-background is-layout-flow wp-block-group-is-layout-flow\">\n<p class=\"wp-block-paragraph\">De fin septembre \u00e0 d\u00e9but octobre, Saint-Tropez prend ses quartiers marins pour le plus beau rassemblement de vieux gr\u00e9ements et de voiliers modernes de la m\u00e9diterran\u00e9en.<\/p>\n\n\n\n<p class=\"wp-block-paragraph\">Une histoire un peu longue et racont\u00e9e tant de fois : deux bateaux, \u00ab&nbsp;Pride&nbsp;\u00bb et \u00ab&nbsp;Ikra&nbsp;\u00bb qui, un jour de septembre 1981, se d\u00e9fient pour le jeu.<\/p>\n\n\n\n<figure class=\"wp-block-image alignfull size-large\"><img loading=\"lazy\" decoding=\"async\" width=\"1024\" height=\"640\" data-tippy-content=\"01102015-_A010104\" src=\"https:\/\/www.sainttropez.aeroport.fr\/app\/uploads\/2022\/12\/01102015-_A010104-1024x640.jpg\" alt=\"\" class=\"wp-image-1739\" srcset=\"https:\/\/www.sainttropez.aeroport.fr\/app\/uploads\/2022\/12\/01102015-_A010104-1024x640.jpg 1024w, https:\/\/www.sainttropez.aeroport.fr\/app\/uploads\/2022\/12\/01102015-_A010104-300x188.jpg 300w, https:\/\/www.sainttropez.aeroport.fr\/app\/uploads\/2022\/12\/01102015-_A010104-768x480.jpg 768w, https:\/\/www.sainttropez.aeroport.fr\/app\/uploads\/2022\/12\/01102015-_A010104-1536x960.jpg 1536w, https:\/\/www.sainttropez.aeroport.fr\/app\/uploads\/2022\/12\/01102015-_A010104-2048x1280.jpg 2048w\" sizes=\"auto, (max-width: 1024px) 100vw, 1024px\" \/><\/figure>\n\n\n\n<p class=\"wp-block-paragraph\">Le parcours c\u00f4tier annon\u00e7ait un d\u00e9part de la tour du Portalet (Saint-Tropez) pour rejoindre le \u00ab&nbsp;Club 55&nbsp;\u00bb (plage priv\u00e9e en baie de Pampelonne) o\u00f9 Patrice de Colmont remettait au vainqueur une coupe improvis\u00e9e nomm\u00e9e \u00ab&nbsp;la Club 55 Cup&nbsp;\u00bb.<\/p>\n\n\n\n<p class=\"wp-block-paragraph\">Le rendez-vous pour l\u2019ann\u00e9e suivante entra\u00eene d\u2019autres amis dans le d\u00e9fi lanc\u00e9. L\u2019\u00e9v\u00e9nement vient de na\u00eetre, Patrice de Colmont le fera grandir dans un esprit de famille qui rendra unique la c\u00e9l\u00e8bre \u00ab&nbsp;Nioulargue&nbsp;\u00bb.<\/p>\n\n\n\n<figure class=\"wp-block-image alignfull size-large\"><img loading=\"lazy\" decoding=\"async\" width=\"1024\" height=\"576\" data-tippy-content=\"01102014-PA010505\" src=\"https:\/\/www.sainttropez.aeroport.fr\/app\/uploads\/2022\/12\/01102014-PA010505-1024x576.jpg\" alt=\"\" class=\"wp-image-1737\" srcset=\"https:\/\/www.sainttropez.aeroport.fr\/app\/uploads\/2022\/12\/01102014-PA010505-1024x576.jpg 1024w, https:\/\/www.sainttropez.aeroport.fr\/app\/uploads\/2022\/12\/01102014-PA010505-300x169.jpg 300w, https:\/\/www.sainttropez.aeroport.fr\/app\/uploads\/2022\/12\/01102014-PA010505-768x432.jpg 768w, https:\/\/www.sainttropez.aeroport.fr\/app\/uploads\/2022\/12\/01102014-PA010505-1536x864.jpg 1536w, https:\/\/www.sainttropez.aeroport.fr\/app\/uploads\/2022\/12\/01102014-PA010505.jpg 1920w\" sizes=\"auto, (max-width: 1024px) 100vw, 1024px\" \/><\/figure>\n\n\n\n<p class=\"wp-block-paragraph\">En 1999, l\u2019\u00e9v\u00e8nement d\u00e9sormais nomm\u00e9 les \u00ab&nbsp;Voiles de Saint-Tropez&nbsp;\u00bb a repris le flambeau avec comme leitmotiv de garder l\u2019esprit d\u2019antan.<\/p>\n\n\n\n<p class=\"wp-block-paragraph\">Les Voiles de Saint-Tropez se d\u00e9roulent pendant une semaine entre fin septembre et d\u00e9but octobre selon le calendrier.<\/p>\n\n\n\n<p class=\"wp-block-paragraph\"><strong>Les voiles de Saint-Tropez<\/strong><\/p>\n\n\n\n<p class=\"wp-block-paragraph\">Parking du Nouveau Port<br>83990&nbsp;&nbsp; Saint-Tropez<\/p>\n\n\n\n<p class=\"wp-block-paragraph\">Latitude : 43.2725 &#8211; Longitude : 6.63634<\/p>\n<\/div>\n","protected":false},"excerpt":{"rendered":"<p>De fin septembre \u00e0 d\u00e9but octobre, Saint-Tropez prend ses quartiers marins pour le plus beau rassemblement de vieux gr\u00e9ements et de voiliers modernes de la m\u00e9diterran\u00e9en. Une histoire un peu longue et racont\u00e9e tant de fois : deux bateaux, \u00ab&nbsp;Pride&nbsp;\u00bb et \u00ab&nbsp;Ikra&nbsp;\u00bb qui, un jour de septembre 1981, se d\u00e9fient pour le jeu. Le parcours&#8230;<\/p>\n","protected":false},"author":1,"featured_media":1735,"parent":42,"menu_order":49,"comment_status":"closed","ping_status":"closed","template":"","meta":{"_acf_changed":false,"_crdt_document":"","footnotes":""},"class_list":["post-1734","page","type-page","status-publish","has-post-thumbnail","hentry"],"acf":{"title_alignement":"alignwide","address":false,"subtitle":"","autoplay":false,"delay":"","video_mp4":false,"video_webm":false,"poster_image":false,"nugget":false,"partner":false,"tab":false},"_links":{"self":[{"href":"https:\/\/www.sainttropez.aeroport.fr\/fr\/wp-json\/wp\/v2\/pages\/1734","targetHints":{"allow":["GET"]}}],"collection":[{"href":"https:\/\/www.sainttropez.aeroport.fr\/fr\/wp-json\/wp\/v2\/pages"}],"about":[{"href":"https:\/\/www.sainttropez.aeroport.fr\/fr\/wp-json\/wp\/v2\/types\/page"}],"author":[{"embeddable":true,"href":"https:\/\/www.sainttropez.aeroport.fr\/fr\/wp-json\/wp\/v2\/users\/1"}],"replies":[{"embeddable":true,"href":"https:\/\/www.sainttropez.aeroport.fr\/fr\/wp-json\/wp\/v2\/comments?post=1734"}],"version-history":[{"count":4,"href":"https:\/\/www.sainttropez.aeroport.fr\/fr\/wp-json\/wp\/v2\/pages\/1734\/revisions"}],"predecessor-version":[{"id":3429,"href":"https:\/\/www.sainttropez.aeroport.fr\/fr\/wp-json\/wp\/v2\/pages\/1734\/revisions\/3429"}],"up":[{"embeddable":true,"href":"https:\/\/www.sainttropez.aeroport.fr\/fr\/wp-json\/wp\/v2\/pages\/42"}],"wp:featuredmedia":[{"embeddable":true,"href":"https:\/\/www.sainttropez.aeroport.fr\/fr\/wp-json\/wp\/v2\/media\/1735"}],"wp:attachment":[{"href":"https:\/\/www.sainttropez.aeroport.fr\/fr\/wp-json\/wp\/v2\/media?parent=1734"}],"curies":[{"name":"wp","href":"https:\/\/api.w.org\/{rel}","templated":true}]}}