{"id":1756,"date":"2022-12-03T18:40:01","date_gmt":"2022-12-03T17:40:01","guid":{"rendered":"https:\/\/www.sainttropez.aeroport.fr\/?page_id=1756"},"modified":"2025-04-21T18:50:52","modified_gmt":"2025-04-21T17:50:52","slug":"polo-club-de-saint-tropez","status":"publish","type":"page","link":"https:\/\/www.sainttropez.aeroport.fr\/fr\/decouverte-de-la-presquile\/polo-club-de-saint-tropez","title":{"rendered":"Polo-Club de Saint-Tropez"},"content":{"rendered":"\n<div class=\"wp-block-group alignwide has-w-background-color has-background is-layout-flow wp-block-group-is-layout-flow\">\n<p class=\"wp-block-paragraph\">Situ\u00e9 \u00e0 Gassin, l\u2019un des plus beaux villages de France, nich\u00e9 entre Saint-Tropez et les plages de Pampelonne, le Polo Club Saint-Tropez est une exp\u00e9rience \u00e0 couper le souffle. De cet endroit splendide et puissant \u00e9mane une douce pl\u00e9nitude.<\/p>\n\n\n\n<p class=\"wp-block-paragraph\">Le Polo Club Saint-Tropez est unique en France ; il offre la beaut\u00e9 et la qui\u00e9tude d\u2019un complexe accueillant et fonctionnel, capable d\u2019enchanter le public le plus exigeant.<\/p>\n\n\n\n<figure class=\"wp-block-image alignfull size-full\"><img loading=\"lazy\" decoding=\"async\" width=\"940\" height=\"553\" data-tippy-content=\"gassin-polo-2-3-photo-bertrand\" src=\"https:\/\/www.sainttropez.aeroport.fr\/app\/uploads\/2022\/12\/gassin-polo-2-3-photo-bertrand.jpg\" alt=\"\" class=\"wp-image-1759\" srcset=\"https:\/\/www.sainttropez.aeroport.fr\/app\/uploads\/2022\/12\/gassin-polo-2-3-photo-bertrand.jpg 940w, https:\/\/www.sainttropez.aeroport.fr\/app\/uploads\/2022\/12\/gassin-polo-2-3-photo-bertrand-300x176.jpg 300w, https:\/\/www.sainttropez.aeroport.fr\/app\/uploads\/2022\/12\/gassin-polo-2-3-photo-bertrand-768x452.jpg 768w\" sizes=\"auto, (max-width: 940px) 100vw, 940px\" \/><\/figure>\n\n\n\n<p class=\"wp-block-paragraph\">Parrain\u00e9 par les deux fr\u00e8res Gracida qui comptent parmi les meilleurs joueurs mondiaux de ces trente derni\u00e8res ann\u00e9es, et gr\u00e2ce \u00e0 la volont\u00e9 passionn\u00e9e de Corinne Schuler, Pr\u00e9sidente du Club et joueuse \u00e9m\u00e9rite, les tournois du Polo Club Saint-Tropez attirent depuis sa cr\u00e9ation en 1998, des \u00e9quipes internationales compos\u00e9es des joueurs les plus talentueux.<\/p>\n\n\n\n<figure class=\"wp-block-image alignfull size-full\"><img loading=\"lazy\" decoding=\"async\" width=\"940\" height=\"553\" data-tippy-content=\"gassin-polo-45\" src=\"https:\/\/www.sainttropez.aeroport.fr\/app\/uploads\/2022\/12\/gassin-polo-45.jpg\" alt=\"\" class=\"wp-image-1757\" srcset=\"https:\/\/www.sainttropez.aeroport.fr\/app\/uploads\/2022\/12\/gassin-polo-45.jpg 940w, https:\/\/www.sainttropez.aeroport.fr\/app\/uploads\/2022\/12\/gassin-polo-45-300x176.jpg 300w, https:\/\/www.sainttropez.aeroport.fr\/app\/uploads\/2022\/12\/gassin-polo-45-768x452.jpg 768w\" sizes=\"auto, (max-width: 940px) 100vw, 940px\" \/><\/figure>\n\n\n\n<p class=\"wp-block-paragraph\">Chaque ann\u00e9e, des \u00e9quipes internationales viennent disputer les diff\u00e9rents troph\u00e9es, \u00e9paul\u00e9s par les meilleurs professionnels du monde comme les fr\u00e8res Gracida, Mc Donough, Aguerre, Trotz et beaucoup d\u2019autres.<\/p>\n\n\n\n<p class=\"wp-block-paragraph\"><strong>Polo-Club de Saint-Tropez<\/strong><\/p>\n\n\n\n<p class=\"wp-block-paragraph\">Haras de Gassin<br>Route du Bourrian<br>83580&nbsp;&nbsp; Gassin<br>T\u00e9l.&nbsp;+33 (0)4 94 55 22 12<br>Fax&nbsp;+33 (0)4 94 56 50 66<\/p>\n\n\n\n<p class=\"wp-block-paragraph\">Latitude : 43.2591 &#8211; Longitude : 6.58887<\/p>\n<\/div>\n","protected":false},"excerpt":{"rendered":"<p>Situ\u00e9 \u00e0 Gassin, l\u2019un des plus beaux villages de France, nich\u00e9 entre Saint-Tropez et les plages de Pampelonne, le Polo Club Saint-Tropez est une exp\u00e9rience \u00e0 couper le souffle. De cet endroit splendide et puissant \u00e9mane une douce pl\u00e9nitude. Le Polo Club Saint-Tropez est unique en France ; il offre la beaut\u00e9 et la qui\u00e9tude&#8230;<\/p>\n","protected":false},"author":1,"featured_media":1761,"parent":42,"menu_order":60,"comment_status":"closed","ping_status":"closed","template":"","meta":{"_acf_changed":false,"_crdt_document":"","footnotes":""},"class_list":["post-1756","page","type-page","status-publish","has-post-thumbnail","hentry"],"acf":{"title_alignement":"alignwide","address":false,"subtitle":"","autoplay":false,"delay":"","video_mp4":false,"video_webm":false,"poster_image":false,"nugget":false,"partner":false,"tab":false},"_links":{"self":[{"href":"https:\/\/www.sainttropez.aeroport.fr\/fr\/wp-json\/wp\/v2\/pages\/1756","targetHints":{"allow":["GET"]}}],"collection":[{"href":"https:\/\/www.sainttropez.aeroport.fr\/fr\/wp-json\/wp\/v2\/pages"}],"about":[{"href":"https:\/\/www.sainttropez.aeroport.fr\/fr\/wp-json\/wp\/v2\/types\/page"}],"author":[{"embeddable":true,"href":"https:\/\/www.sainttropez.aeroport.fr\/fr\/wp-json\/wp\/v2\/users\/1"}],"replies":[{"embeddable":true,"href":"https:\/\/www.sainttropez.aeroport.fr\/fr\/wp-json\/wp\/v2\/comments?post=1756"}],"version-history":[{"count":2,"href":"https:\/\/www.sainttropez.aeroport.fr\/fr\/wp-json\/wp\/v2\/pages\/1756\/revisions"}],"predecessor-version":[{"id":3435,"href":"https:\/\/www.sainttropez.aeroport.fr\/fr\/wp-json\/wp\/v2\/pages\/1756\/revisions\/3435"}],"up":[{"embeddable":true,"href":"https:\/\/www.sainttropez.aeroport.fr\/fr\/wp-json\/wp\/v2\/pages\/42"}],"wp:featuredmedia":[{"embeddable":true,"href":"https:\/\/www.sainttropez.aeroport.fr\/fr\/wp-json\/wp\/v2\/media\/1761"}],"wp:attachment":[{"href":"https:\/\/www.sainttropez.aeroport.fr\/fr\/wp-json\/wp\/v2\/media?parent=1756"}],"curies":[{"name":"wp","href":"https:\/\/api.w.org\/{rel}","templated":true}]}}