{"id":1764,"date":"2022-12-03T18:44:02","date_gmt":"2022-12-03T17:44:02","guid":{"rendered":"https:\/\/www.sainttropez.aeroport.fr\/?page_id=1764"},"modified":"2025-04-21T18:49:11","modified_gmt":"2025-04-21T17:49:11","slug":"festival-de-la-plaisance","status":"publish","type":"page","link":"https:\/\/www.sainttropez.aeroport.fr\/fr\/decouverte-de-la-presquile\/festival-de-la-plaisance","title":{"rendered":"Festival de la plaisance"},"content":{"rendered":"\n<div class=\"wp-block-group alignwide has-w-background-color has-background is-layout-flow wp-block-group-is-layout-flow\">\n<p class=\"wp-block-paragraph\">Cet \u00e9v\u00e9nement hors du commun se tient \u00e0 Cannes au mois de septembre, lieu de pr\u00e9dilection o\u00f9 glamour et luxe se donnent rendez-vous !<\/p>\n\n\n\n<p class=\"wp-block-paragraph\">Deux lieux d\u2019exception de la French Riviera, situ\u00e9s d\u2019un bout \u00e0 l\u2019autre de la Croisette, \u201cLe Vieux Port\u201d et \u201cLe Port Pierre Canto\u201d de Cannes ne sont pas de trop pour accueillir le premier salon \u00e0 flots europ\u00e9en, avec 583 bateaux expos\u00e9s \u00e0 flots et \u00e0 terre, dont 173 unit\u00e9s pr\u00e9sent\u00e9es en avant-premi\u00e8re mondiale.<\/p>\n\n\n\n<figure class=\"wp-block-image alignfull size-full\"><img loading=\"lazy\" decoding=\"async\" width=\"940\" height=\"553\" data-tippy-content=\"festival_plaisance_cannes_2\" src=\"https:\/\/www.sainttropez.aeroport.fr\/app\/uploads\/2022\/12\/festival_plaisance_cannes_2.jpg\" alt=\"\" class=\"wp-image-1769\" srcset=\"https:\/\/www.sainttropez.aeroport.fr\/app\/uploads\/2022\/12\/festival_plaisance_cannes_2.jpg 940w, https:\/\/www.sainttropez.aeroport.fr\/app\/uploads\/2022\/12\/festival_plaisance_cannes_2-300x176.jpg 300w, https:\/\/www.sainttropez.aeroport.fr\/app\/uploads\/2022\/12\/festival_plaisance_cannes_2-768x452.jpg 768w\" sizes=\"auto, (max-width: 940px) 100vw, 940px\" \/><\/figure>\n\n\n\n<p class=\"wp-block-paragraph\">1er rendez-vous de la saison, le Festival r\u00e9unit les acteurs de la plaisance et de la grande plaisance internationale qu\u2019ils soient exposants ou visiteurs, d\u00e9j\u00e0 propri\u00e9taires ou futurs acheteurs. Les premiers exposent pour pr\u00e9senter leurs nouvelles unit\u00e9s et produits aux seconds, passionn\u00e9s et impatients de profiter de l\u2019opportunit\u00e9 unique offerte par le Festival, les essais en mer ! Quoi de mieux que de prendre la barre d\u2019une magnifique et luxueuse unit\u00e9, de sentir le plaisir de la navigation, avant d\u2019en faire l\u2019acquisition.<\/p>\n\n\n\n<figure class=\"wp-block-image alignfull size-full\"><img loading=\"lazy\" decoding=\"async\" width=\"940\" height=\"553\" data-tippy-content=\"festival_plaisance_cannes_4\" src=\"https:\/\/www.sainttropez.aeroport.fr\/app\/uploads\/2022\/12\/festival_plaisance_cannes_4.jpg\" alt=\"\" class=\"wp-image-1765\" srcset=\"https:\/\/www.sainttropez.aeroport.fr\/app\/uploads\/2022\/12\/festival_plaisance_cannes_4.jpg 940w, https:\/\/www.sainttropez.aeroport.fr\/app\/uploads\/2022\/12\/festival_plaisance_cannes_4-300x176.jpg 300w, https:\/\/www.sainttropez.aeroport.fr\/app\/uploads\/2022\/12\/festival_plaisance_cannes_4-768x452.jpg 768w\" sizes=\"auto, (max-width: 940px) 100vw, 940px\" \/><\/figure>\n\n\n\n<p class=\"wp-block-paragraph\">Entre les quais et les pontons, le visiteur averti d\u00e9couvrira, avec enthousiasme et dans une atmosph\u00e8re unique, le meilleur de l\u2019offre internationale, des joyaux flottants r\u00e9unis en un m\u00eame \u00e9crin. Les amoureux du yachting venus de tous les continents appr\u00e9cieront cette atmosph\u00e8re magique d\u2019un vrai salon \u00e0 flots.<\/p>\n\n\n\n<p class=\"wp-block-paragraph\"><strong>Festival de la plaisance<\/strong><\/p>\n\n\n\n<p class=\"wp-block-paragraph\">Cannes<\/p>\n\n\n\n<p class=\"wp-block-paragraph\">Latitude : 43.5497 &#8211; Longitude : 7.01494<\/p>\n<\/div>\n","protected":false},"excerpt":{"rendered":"<p>Cet \u00e9v\u00e9nement hors du commun se tient \u00e0 Cannes au mois de septembre, lieu de pr\u00e9dilection o\u00f9 glamour et luxe se donnent rendez-vous ! Deux lieux d\u2019exception de la French Riviera, situ\u00e9s d\u2019un bout \u00e0 l\u2019autre de la Croisette, \u201cLe Vieux Port\u201d et \u201cLe Port Pierre Canto\u201d de Cannes ne sont pas de trop pour&#8230;<\/p>\n","protected":false},"author":1,"featured_media":1767,"parent":42,"menu_order":54,"comment_status":"closed","ping_status":"closed","template":"","meta":{"_acf_changed":false,"_crdt_document":"","footnotes":""},"class_list":["post-1764","page","type-page","status-publish","has-post-thumbnail","hentry"],"acf":{"title_alignement":"alignwide","address":false,"subtitle":"","autoplay":false,"delay":"","video_mp4":false,"video_webm":false,"poster_image":false,"nugget":false,"partner":false,"tab":false},"_links":{"self":[{"href":"https:\/\/www.sainttropez.aeroport.fr\/fr\/wp-json\/wp\/v2\/pages\/1764","targetHints":{"allow":["GET"]}}],"collection":[{"href":"https:\/\/www.sainttropez.aeroport.fr\/fr\/wp-json\/wp\/v2\/pages"}],"about":[{"href":"https:\/\/www.sainttropez.aeroport.fr\/fr\/wp-json\/wp\/v2\/types\/page"}],"author":[{"embeddable":true,"href":"https:\/\/www.sainttropez.aeroport.fr\/fr\/wp-json\/wp\/v2\/users\/1"}],"replies":[{"embeddable":true,"href":"https:\/\/www.sainttropez.aeroport.fr\/fr\/wp-json\/wp\/v2\/comments?post=1764"}],"version-history":[{"count":2,"href":"https:\/\/www.sainttropez.aeroport.fr\/fr\/wp-json\/wp\/v2\/pages\/1764\/revisions"}],"predecessor-version":[{"id":3431,"href":"https:\/\/www.sainttropez.aeroport.fr\/fr\/wp-json\/wp\/v2\/pages\/1764\/revisions\/3431"}],"up":[{"embeddable":true,"href":"https:\/\/www.sainttropez.aeroport.fr\/fr\/wp-json\/wp\/v2\/pages\/42"}],"wp:featuredmedia":[{"embeddable":true,"href":"https:\/\/www.sainttropez.aeroport.fr\/fr\/wp-json\/wp\/v2\/media\/1767"}],"wp:attachment":[{"href":"https:\/\/www.sainttropez.aeroport.fr\/fr\/wp-json\/wp\/v2\/media?parent=1764"}],"curies":[{"name":"wp","href":"https:\/\/api.w.org\/{rel}","templated":true}]}}