{"id":1782,"date":"2022-12-03T18:49:42","date_gmt":"2022-12-03T17:49:42","guid":{"rendered":"https:\/\/www.sainttropez.aeroport.fr\/?page_id=1782"},"modified":"2025-04-21T18:50:17","modified_gmt":"2025-04-21T17:50:17","slug":"grand-prix-de-f1-de-monaco","status":"publish","type":"page","link":"https:\/\/www.sainttropez.aeroport.fr\/fr\/decouverte-de-la-presquile\/grand-prix-de-f1-de-monaco","title":{"rendered":"Grand prix de F1 de Monaco"},"content":{"rendered":"\n<div class=\"wp-block-group alignwide has-w-background-color has-background is-layout-flow wp-block-group-is-layout-flow\">\n<p class=\"wp-block-paragraph\">L\u2019aura du Grand Prix de Monaco et la passion qu\u2019il inspire en font un \u00e9v\u00e9nement incontournable de chaque saison de Formule 1.<\/p>\n\n\n\n<p class=\"wp-block-paragraph\">C\u2019est l\u2019une des plus anciennes et prestigieuses courses automobiles, disput\u00e9e en Principaut\u00e9 de Monaco, sur un circuit urbain con\u00e7u en 1929, par Antony Noghes fils du Pr\u00e9sident de l\u2019Automobile Club de Monaco, sous les auspices du Prince Louis II de Monaco. Cette cr\u00e9ation r\u00e9pondait au d\u00e9fi d\u2019organiser une comp\u00e9tition sur le territoire exigu de Monaco (environ 1,5 km\u00b2 \u00e0 l\u2019\u00e9poque), condition requise par la Commission Sportive Internationale pour que l\u2019Automobile Club de Monaco soit reconnu internationalement. En effet, l\u2019autre grande comp\u00e9tition mon\u00e9gasque, le Rallye Monte-Carlo, cr\u00e9\u00e9 d\u00e8s 1911, \u00e9tait disput\u00e9 sur les routes de nombreux pays d\u2019Europe.<\/p>\n\n\n\n<figure class=\"wp-block-image alignfull size-full\"><img loading=\"lazy\" decoding=\"async\" width=\"940\" height=\"553\" data-tippy-content=\"f1-monaco-2\" src=\"https:\/\/www.sainttropez.aeroport.fr\/app\/uploads\/2022\/12\/f1-monaco-2.jpg\" alt=\"\" class=\"wp-image-1789\" srcset=\"https:\/\/www.sainttropez.aeroport.fr\/app\/uploads\/2022\/12\/f1-monaco-2.jpg 940w, https:\/\/www.sainttropez.aeroport.fr\/app\/uploads\/2022\/12\/f1-monaco-2-300x176.jpg 300w, https:\/\/www.sainttropez.aeroport.fr\/app\/uploads\/2022\/12\/f1-monaco-2-768x452.jpg 768w\" sizes=\"auto, (max-width: 940px) 100vw, 940px\" \/><\/figure>\n\n\n\n<p class=\"wp-block-paragraph\">Le Grand Prix de Monaco est organis\u00e9 par l\u2019Automobile Club de Monaco fond\u00e9 sous le nom de Sport V\u00e9locip\u00e9dique de Monaco en1890, qui organise \u00e9galement le Rallye automobile Monte-Carlo, des \u00e9preuves historiques, une comp\u00e9tition pour v\u00e9hicules \u00e9lectriques ou hybrides et la coupe de Kart de Monaco.<\/p>\n\n\n\n<p class=\"wp-block-paragraph\">La course inaugurale est remport\u00e9e le 14 avril 1929 par William Grover-Williams, au volant d\u2019une Bugatti officielle du constructeur deMolsheim. La Principaut\u00e9 ne conna\u00eet depuis lors que quatorze ann\u00e9es sans Grand Prix. Le Grand Prix de Monaco fut la seconde \u00e9preuve du premier championnat du monde de Formule 1, le 21 mai 1950. L\u2019\u00e9dition 1952 du Grand Prix ne figure pas au programme du championnat de monde de Formule 1 car les organisateurs privil\u00e9gient cette ann\u00e9e-l\u00e0 la cat\u00e9gorie sport. Apr\u00e8s une \u00e9clipse de deux ann\u00e9es sans course, le Grand Prix de Monaco reprend en 1955 avec un plateau de Formule 1. La course figure depuis cette date, chaque ann\u00e9e au calendrier du championnat du monde de Formule 1.<\/p>\n\n\n\n<figure class=\"wp-block-image alignfull size-full\"><img loading=\"lazy\" decoding=\"async\" width=\"940\" height=\"553\" data-tippy-content=\"f1-monaco\" src=\"https:\/\/www.sainttropez.aeroport.fr\/app\/uploads\/2022\/12\/f1-monaco.jpg\" alt=\"\" class=\"wp-image-1787\" srcset=\"https:\/\/www.sainttropez.aeroport.fr\/app\/uploads\/2022\/12\/f1-monaco.jpg 940w, https:\/\/www.sainttropez.aeroport.fr\/app\/uploads\/2022\/12\/f1-monaco-300x176.jpg 300w, https:\/\/www.sainttropez.aeroport.fr\/app\/uploads\/2022\/12\/f1-monaco-768x452.jpg 768w\" sizes=\"auto, (max-width: 940px) 100vw, 940px\" \/><\/figure>\n\n\n\n<p class=\"wp-block-paragraph\">Le Circuit de Monaco serpente autour du port d\u2019Hercule, dans les rues de Monte-Carlo et de La Condamine, encha\u00eenant les virages serr\u00e9s. La piste \u00e9troite est exigeante et rend les d\u00e9passements difficiles cependant, au fil des ann\u00e9es, l\u2019Automobile Club a apport\u00e9 des am\u00e9liorations constantes notamment en ce qui concerne l\u2019am\u00e9nagement des stands de ravitaillement.<\/p>\n\n\n\n<p class=\"wp-block-paragraph\">Le record de victoires sur ce circuit en Formule 1 est d\u00e9tenu par Ayrton Senna qui s\u2019est impos\u00e9 \u00e0 six reprises en dix participations.<\/p>\n\n\n\n<p class=\"wp-block-paragraph\">source :&nbsp;<a href=\"http:\/\/fr.wikipedia.org\/\">http:\/\/fr.wikipedia.org<\/a><\/p>\n\n\n\n<p class=\"wp-block-paragraph\"><strong>Grand prix de F1 de Monaco<\/strong><\/p>\n\n\n\n<p class=\"wp-block-paragraph\">Monaco<\/p>\n\n\n\n<p class=\"wp-block-paragraph\">Latitude : 43.7340 &#8211; Longitude : 7.42247<\/p>\n<\/div>\n","protected":false},"excerpt":{"rendered":"<p>L\u2019aura du Grand Prix de Monaco et la passion qu\u2019il inspire en font un \u00e9v\u00e9nement incontournable de chaque saison de Formule 1. C\u2019est l\u2019une des plus anciennes et prestigieuses courses automobiles, disput\u00e9e en Principaut\u00e9 de Monaco, sur un circuit urbain con\u00e7u en 1929, par Antony Noghes fils du Pr\u00e9sident de l\u2019Automobile Club de Monaco, sous&#8230;<\/p>\n","protected":false},"author":1,"featured_media":1783,"parent":42,"menu_order":58,"comment_status":"closed","ping_status":"closed","template":"","meta":{"_acf_changed":false,"_crdt_document":"","footnotes":""},"class_list":["post-1782","page","type-page","status-publish","has-post-thumbnail","hentry"],"acf":{"title_alignement":"alignwide","address":false,"subtitle":"","autoplay":false,"delay":"","video_mp4":false,"video_webm":false,"poster_image":false,"nugget":false,"partner":false,"tab":false},"_links":{"self":[{"href":"https:\/\/www.sainttropez.aeroport.fr\/fr\/wp-json\/wp\/v2\/pages\/1782","targetHints":{"allow":["GET"]}}],"collection":[{"href":"https:\/\/www.sainttropez.aeroport.fr\/fr\/wp-json\/wp\/v2\/pages"}],"about":[{"href":"https:\/\/www.sainttropez.aeroport.fr\/fr\/wp-json\/wp\/v2\/types\/page"}],"author":[{"embeddable":true,"href":"https:\/\/www.sainttropez.aeroport.fr\/fr\/wp-json\/wp\/v2\/users\/1"}],"replies":[{"embeddable":true,"href":"https:\/\/www.sainttropez.aeroport.fr\/fr\/wp-json\/wp\/v2\/comments?post=1782"}],"version-history":[{"count":3,"href":"https:\/\/www.sainttropez.aeroport.fr\/fr\/wp-json\/wp\/v2\/pages\/1782\/revisions"}],"predecessor-version":[{"id":3434,"href":"https:\/\/www.sainttropez.aeroport.fr\/fr\/wp-json\/wp\/v2\/pages\/1782\/revisions\/3434"}],"up":[{"embeddable":true,"href":"https:\/\/www.sainttropez.aeroport.fr\/fr\/wp-json\/wp\/v2\/pages\/42"}],"wp:featuredmedia":[{"embeddable":true,"href":"https:\/\/www.sainttropez.aeroport.fr\/fr\/wp-json\/wp\/v2\/media\/1783"}],"wp:attachment":[{"href":"https:\/\/www.sainttropez.aeroport.fr\/fr\/wp-json\/wp\/v2\/media?parent=1782"}],"curies":[{"name":"wp","href":"https:\/\/api.w.org\/{rel}","templated":true}]}}