{"id":1979,"date":"2023-03-10T21:15:59","date_gmt":"2023-03-10T20:15:59","guid":{"rendered":"https:\/\/www.sainttropez.aeroport.fr\/?page_id=1979"},"modified":"2026-03-28T15:30:54","modified_gmt":"2026-03-28T14:30:54","slug":"evenementiel","status":"publish","type":"page","link":"https:\/\/www.sainttropez.aeroport.fr\/fr\/evenementiel","title":{"rendered":"\u00c9v\u00e8nementiel"},"content":{"rendered":"\n<div class=\"wp-block-group alignwide has-w-background-color has-background is-layout-flow wp-block-group-is-layout-flow\">\n<h2 class=\"wp-block-heading has-text-align-center has-4-xl-font-size\">VOS PROJETS AUDIOVISUELS ET \u00c9V\u00c8NEMENTIELS<\/h2>\n\n\n\n<p class=\"has-text-align-center wp-block-paragraph\">Avec l\u2019A\u00e9roport du Golfe de Saint Tropez, <strong>donnez corps \u00e0 vos projets d\u2019exception<\/strong> :Lancement de produit, soir\u00e9e de gala, convention, shooting, tournage\u2026<\/p>\n\n\n\n<figure class=\"wp-block-image alignfull size-full\"><img loading=\"lazy\" decoding=\"async\" width=\"4624\" height=\"2084\" data-tippy-content=\"20240912_201112\" src=\"https:\/\/www.sainttropez.aeroport.fr\/app\/uploads\/2026\/01\/20240912_201112.jpg\" alt=\"\" class=\"wp-image-3769\"\/><\/figure>\n\n\n\n<p class=\"wp-block-paragraph\">L\u2019A\u00e9roport du golfe de Saint-Tropez a d\u00e9velopp\u00e9 un vrai savoir-faire dans les domaines de l\u2019\u00e9v\u00e9nementiel et de l\u2019audiovisuel. Une expertise port\u00e9e par notre p\u00f4le \u00e9v\u00e8nementiel, le service d\u00e9di\u00e9 aux professionnels de l\u2019image et de la communication. Pour un tournage, une convention, une soir\u00e9e priv\u00e9e ou op\u00e9ration promotionnelle, il g\u00e8re la privatisation de la piste, du tarmac ou du terminal et facilite le travail de vos \u00e9quipes avant et pendant leur intervention.<br><\/p>\n\n\n\n<p class=\"wp-block-paragraph\"><\/p>\n\n\n\n<div class=\"wp-block-columns alignfull is-layout-flex wp-container-core-columns-is-layout-0defc3be wp-block-columns-is-layout-flex\">\n<div class=\"wp-block-column is-layout-flow wp-block-column-is-layout-flow\">\n<figure class=\"wp-block-image size-large\"><img loading=\"lazy\" decoding=\"async\" width=\"1024\" height=\"680\" data-tippy-content=\"DSC08259\" src=\"https:\/\/www.sainttropez.aeroport.fr\/app\/uploads\/2023\/04\/DSC08259-1024x680.jpg\" alt=\"\" class=\"wp-image-2197\" style=\"aspect-ratio:1;object-fit:cover\" srcset=\"https:\/\/www.sainttropez.aeroport.fr\/app\/uploads\/2023\/04\/DSC08259-1024x680.jpg 1024w, https:\/\/www.sainttropez.aeroport.fr\/app\/uploads\/2023\/04\/DSC08259-300x199.jpg 300w, https:\/\/www.sainttropez.aeroport.fr\/app\/uploads\/2023\/04\/DSC08259-768x510.jpg 768w, https:\/\/www.sainttropez.aeroport.fr\/app\/uploads\/2023\/04\/DSC08259-1536x1021.jpg 1536w, https:\/\/www.sainttropez.aeroport.fr\/app\/uploads\/2023\/04\/DSC08259-2048x1361.jpg 2048w\" sizes=\"auto, (max-width: 1024px) 100vw, 1024px\" \/><\/figure>\n<\/div>\n\n\n\n<div class=\"wp-block-column is-vertically-aligned-center is-layout-flow wp-block-column-is-layout-flow\">\n<h3 class=\"wp-block-heading\">FILMS, CLIPS, PUBS, SHOOTING \u00c0 SAINT &#8211; TROPEZ<\/h3>\n\n\n\n<p class=\"wp-block-paragraph\">Transforme l&rsquo;A\u00e9roport du golfe de Saint-Tropez en plateau de cin\u00e9ma ou en studio photo pour vous permettre de donner vie \u00e0 vos sc\u00e9narios. <\/p>\n\n\n\n<p class=\"wp-block-paragraph\">Imaginez des images de r\u00eave, cr\u00e9ez des ambiances saisissantes, empreintes de lux et d&rsquo;\u00e9vasion. Profitez des installations d&rsquo;un v\u00e9ritable a\u00e9roport pour tourner dans le plus grande s\u00e9r\u00e9nit\u00e9 des sc\u00e8nes de voyage parfaitement r\u00e9alistes.<\/p>\n\n\n\n<p class=\"wp-block-paragraph\"><\/p>\n<\/div>\n<\/div>\n\n\n\n<div class=\"wp-block-columns alignfull is-layout-flex wp-container-core-columns-is-layout-0defc3be wp-block-columns-is-layout-flex\">\n<div class=\"wp-block-column is-vertically-aligned-center is-layout-flow wp-block-column-is-layout-flow\">\n<h3 class=\"wp-block-heading\">EV\u00c9NEMENTIEL<\/h3>\n\n\n\n<p class=\"wp-block-paragraph\">L&rsquo;A\u00e9roport du Golfe de Saint-Tropez, H16 Events r\u00e9pond pleinement \u00e0 ces deux imp\u00e9ratifs. Cette platforme sp\u00e9cialis\u00e9e dans l&rsquo;aviation haut de gamme apporte en effet un cadre original \u00e0 votre manifestation et un service performant \u00e0 ses invit\u00e9s. <br><br>Pour une soir\u00e9\u00e9 de gala, une convention, des essais voiture ou un lancement de produit, nous vous proposons:<\/p>\n\n\n\n<ul class=\"wp-block-list\">\n<li>32 Hectares.<\/li>\n\n\n\n<li>Une piste de pr\u00e8s de 1071 m\u00e8tres de long et le tarmac.<\/li>\n\n\n\n<li>Solutions d\u2019accueil pour des op\u00e9rations d\u2019envergure, rassemblant plusieurs centaines de personnes.<\/li>\n<\/ul>\n<\/div>\n\n\n\n<div class=\"wp-block-column is-layout-flow wp-block-column-is-layout-flow\">\n<figure class=\"wp-block-image size-large\"><img loading=\"lazy\" decoding=\"async\" width=\"683\" height=\"1024\" data-tippy-content=\"DSCF3004\" src=\"https:\/\/www.sainttropez.aeroport.fr\/app\/uploads\/2026\/01\/DSCF3004-683x1024.jpg\" alt=\"\" class=\"wp-image-3767\" style=\"aspect-ratio:1;object-fit:cover\" srcset=\"https:\/\/www.sainttropez.aeroport.fr\/app\/uploads\/2026\/01\/DSCF3004-683x1024.jpg 683w, https:\/\/www.sainttropez.aeroport.fr\/app\/uploads\/2026\/01\/DSCF3004-200x300.jpg 200w, https:\/\/www.sainttropez.aeroport.fr\/app\/uploads\/2026\/01\/DSCF3004-768x1152.jpg 768w, https:\/\/www.sainttropez.aeroport.fr\/app\/uploads\/2026\/01\/DSCF3004-1024x1536.jpg 1024w, https:\/\/www.sainttropez.aeroport.fr\/app\/uploads\/2026\/01\/DSCF3004-1365x2048.jpg 1365w, https:\/\/www.sainttropez.aeroport.fr\/app\/uploads\/2026\/01\/DSCF3004-scaled.jpg 1707w\" sizes=\"auto, (max-width: 683px) 100vw, 683px\" \/><\/figure>\n<\/div>\n<\/div>\n\n\n\n<div class=\"wp-block-columns alignfull is-layout-flex wp-container-core-columns-is-layout-0defc3be wp-block-columns-is-layout-flex\">\n<div class=\"wp-block-column is-layout-flow wp-block-column-is-layout-flow\">\n<figure class=\"wp-block-video\"><video height=\"1080\" style=\"aspect-ratio: 1920 \/ 1080;\" width=\"1920\" controls poster=\"https:\/\/www.sainttropez.aeroport.fr\/app\/uploads\/2026\/03\/soiree-mercedes.jpg\" src=\"https:\/\/www.sainttropez.aeroport.fr\/app\/uploads\/2025\/05\/soireee-mercedes-1.mp4\"><\/video><figcaption class=\"wp-element-caption\">Soir\u00e9e Mercedes<\/figcaption><\/figure>\n<\/div>\n\n\n\n<div class=\"wp-block-column is-layout-flow wp-block-column-is-layout-flow\">\n<figure class=\"wp-block-video\"><video height=\"1080\" style=\"aspect-ratio: 1920 \/ 1080;\" width=\"1920\" controls poster=\"https:\/\/www.sainttropez.aeroport.fr\/app\/uploads\/2026\/03\/60-ans-aeroport.jpg\" src=\"https:\/\/www.sainttropez.aeroport.fr\/app\/uploads\/2025\/05\/60-ans-aeroport-v3.mp4\"><\/video><figcaption class=\"wp-element-caption\">60 ans de l&rsquo;a\u00e9roport<\/figcaption><\/figure>\n<\/div>\n<\/div>\n\n\n\n<figure class=\"wp-block-pullquote\"><blockquote><p><strong>The sky is the limit, but with us you can let your imagination FLY<\/strong> !<\/p><\/blockquote><\/figure>\n\n\n\n<div class=\"wp-block-columns is-layout-flex wp-container-core-columns-is-layout-0defc3be wp-block-columns-is-layout-flex\">\n<div class=\"wp-block-column is-layout-flow wp-block-column-is-layout-flow\">\n<figure class=\"wp-block-image size-large\"><img loading=\"lazy\" decoding=\"async\" width=\"768\" height=\"1024\" data-tippy-content=\"IMG_9893-1\" src=\"https:\/\/www.sainttropez.aeroport.fr\/app\/uploads\/2024\/01\/IMG_9893-1-768x1024.jpg\" alt=\"\" class=\"wp-image-2401\" style=\"aspect-ratio:3\/2;object-fit:cover\" srcset=\"https:\/\/www.sainttropez.aeroport.fr\/app\/uploads\/2024\/01\/IMG_9893-1-768x1024.jpg 768w, https:\/\/www.sainttropez.aeroport.fr\/app\/uploads\/2024\/01\/IMG_9893-1-225x300.jpg 225w, https:\/\/www.sainttropez.aeroport.fr\/app\/uploads\/2024\/01\/IMG_9893-1-1152x1536.jpg 1152w, https:\/\/www.sainttropez.aeroport.fr\/app\/uploads\/2024\/01\/IMG_9893-1-1536x2048.jpg 1536w, https:\/\/www.sainttropez.aeroport.fr\/app\/uploads\/2024\/01\/IMG_9893-1-scaled.jpg 1920w\" sizes=\"auto, (max-width: 768px) 100vw, 768px\" \/><\/figure>\n<\/div>\n\n\n\n<div class=\"wp-block-column is-layout-flow wp-block-column-is-layout-flow\">\n<figure class=\"wp-block-image size-large\"><img loading=\"lazy\" decoding=\"async\" width=\"1024\" height=\"576\" data-tippy-content=\"A28I0015\" src=\"https:\/\/www.sainttropez.aeroport.fr\/app\/uploads\/2026\/01\/A28I0015-1024x576.jpg\" alt=\"\" class=\"wp-image-3776\" style=\"aspect-ratio:3\/2;object-fit:cover\" srcset=\"https:\/\/www.sainttropez.aeroport.fr\/app\/uploads\/2026\/01\/A28I0015-1024x576.jpg 1024w, https:\/\/www.sainttropez.aeroport.fr\/app\/uploads\/2026\/01\/A28I0015-300x169.jpg 300w, https:\/\/www.sainttropez.aeroport.fr\/app\/uploads\/2026\/01\/A28I0015-768x432.jpg 768w, https:\/\/www.sainttropez.aeroport.fr\/app\/uploads\/2026\/01\/A28I0015-1536x864.jpg 1536w, https:\/\/www.sainttropez.aeroport.fr\/app\/uploads\/2026\/01\/A28I0015-2048x1152.jpg 2048w\" sizes=\"auto, (max-width: 1024px) 100vw, 1024px\" \/><\/figure>\n<\/div>\n\n\n\n<div class=\"wp-block-column is-layout-flow wp-block-column-is-layout-flow\">\n<figure class=\"wp-block-image size-large is-resized\"><img loading=\"lazy\" decoding=\"async\" width=\"1024\" height=\"683\" data-tippy-content=\"AA3R3780\" src=\"https:\/\/www.sainttropez.aeroport.fr\/app\/uploads\/2023\/04\/AA3R3780-1024x683.jpg\" alt=\"\" class=\"wp-image-2209\" style=\"aspect-ratio:3\/2;object-fit:cover\" srcset=\"https:\/\/www.sainttropez.aeroport.fr\/app\/uploads\/2023\/04\/AA3R3780-1024x683.jpg 1024w, https:\/\/www.sainttropez.aeroport.fr\/app\/uploads\/2023\/04\/AA3R3780-300x200.jpg 300w, https:\/\/www.sainttropez.aeroport.fr\/app\/uploads\/2023\/04\/AA3R3780-768x512.jpg 768w, https:\/\/www.sainttropez.aeroport.fr\/app\/uploads\/2023\/04\/AA3R3780-1536x1024.jpg 1536w, https:\/\/www.sainttropez.aeroport.fr\/app\/uploads\/2023\/04\/AA3R3780-2048x1365.jpg 2048w\" sizes=\"auto, (max-width: 1024px) 100vw, 1024px\" \/><\/figure>\n<\/div>\n<\/div>\n\n\n\n<div style=\"height:60px\" aria-hidden=\"true\" class=\"wp-block-spacer\"><\/div>\n\n\n\n<div class=\"wp-block-buttons is-horizontal is-content-justification-center is-layout-flex wp-container-core-buttons-is-layout-c4d143bb wp-block-buttons-is-layout-flex\">\n<div class=\"wp-block-button\"><a class=\"wp-block-button__link wp-element-button\" href=\"https:\/\/www.sainttropez.aeroport.fr\/app\/uploads\/2023\/04\/H16-AGST-05042016.pdf\" target=\"_blank\" rel=\"noreferrer noopener\">En savoir plus FR<\/a><\/div>\n\n\n\n<div class=\"wp-block-button\"><a class=\"wp-block-button__link wp-element-button\" href=\"https:\/\/www.sainttropez.aeroport.fr\/app\/uploads\/2023\/04\/H16-AGST-interactive-EN.pdf\" target=\"_blank\" rel=\"noreferrer noopener\">En savoir plus ENG<\/a><\/div>\n<\/div>\n<\/div>\n","protected":false},"excerpt":{"rendered":"<p>VOS PROJETS AUDIOVISUELS ET \u00c9V\u00c8NEMENTIELS Avec l\u2019A\u00e9roport du Golfe de Saint Tropez, donnez corps \u00e0 vos projets d\u2019exception :Lancement de produit, soir\u00e9e de gala, convention, shooting, tournage\u2026 L\u2019A\u00e9roport du golfe de Saint-Tropez a d\u00e9velopp\u00e9 un vrai savoir-faire dans les domaines de l\u2019\u00e9v\u00e9nementiel et de l\u2019audiovisuel. Une expertise port\u00e9e par notre p\u00f4le \u00e9v\u00e8nementiel, le service d\u00e9di\u00e9&#8230;<\/p>\n","protected":false},"author":1,"featured_media":2406,"parent":0,"menu_order":42,"comment_status":"closed","ping_status":"closed","template":"","meta":{"_acf_changed":false,"_crdt_document":"","footnotes":""},"class_list":["post-1979","page","type-page","status-publish","has-post-thumbnail","hentry"],"acf":{"address":false,"subtitle":"","autoplay":false,"delay":"","video_mp4":false,"video_webm":false,"poster_image":false,"nugget":false,"partner":false,"tab":false,"title_alignement":"alignwide"},"_links":{"self":[{"href":"https:\/\/www.sainttropez.aeroport.fr\/fr\/wp-json\/wp\/v2\/pages\/1979","targetHints":{"allow":["GET"]}}],"collection":[{"href":"https:\/\/www.sainttropez.aeroport.fr\/fr\/wp-json\/wp\/v2\/pages"}],"about":[{"href":"https:\/\/www.sainttropez.aeroport.fr\/fr\/wp-json\/wp\/v2\/types\/page"}],"author":[{"embeddable":true,"href":"https:\/\/www.sainttropez.aeroport.fr\/fr\/wp-json\/wp\/v2\/users\/1"}],"replies":[{"embeddable":true,"href":"https:\/\/www.sainttropez.aeroport.fr\/fr\/wp-json\/wp\/v2\/comments?post=1979"}],"version-history":[{"count":28,"href":"https:\/\/www.sainttropez.aeroport.fr\/fr\/wp-json\/wp\/v2\/pages\/1979\/revisions"}],"predecessor-version":[{"id":3908,"href":"https:\/\/www.sainttropez.aeroport.fr\/fr\/wp-json\/wp\/v2\/pages\/1979\/revisions\/3908"}],"wp:featuredmedia":[{"embeddable":true,"href":"https:\/\/www.sainttropez.aeroport.fr\/fr\/wp-json\/wp\/v2\/media\/2406"}],"wp:attachment":[{"href":"https:\/\/www.sainttropez.aeroport.fr\/fr\/wp-json\/wp\/v2\/media?parent=1979"}],"curies":[{"name":"wp","href":"https:\/\/api.w.org\/{rel}","templated":true}]}}