{"id":1982,"date":"2023-03-10T21:16:57","date_gmt":"2023-03-10T20:16:57","guid":{"rendered":"https:\/\/www.sainttropez.aeroport.fr\/?page_id=1982"},"modified":"2026-02-06T14:38:13","modified_gmt":"2026-02-06T13:38:13","slug":"my-handling","status":"publish","type":"page","link":"https:\/\/www.sainttropez.aeroport.fr\/fr\/pilotes-compagnies\/my-handling","title":{"rendered":"My Handling"},"content":{"rendered":"\n<div class=\"wp-block-group alignwide has-w-background-color has-background is-layout-flow wp-block-group-is-layout-flow\">\n<div class=\"wp-block-media-text is-stacked-on-mobile is-image-fill-element\"><figure class=\"wp-block-media-text__media\"><img loading=\"lazy\" decoding=\"async\" width=\"768\" height=\"1024\" src=\"https:\/\/www.sainttropez.aeroport.fr\/app\/uploads\/2023\/03\/92-768x1024.jpg\" alt=\"\" class=\"wp-image-2007 size-full\" style=\"object-position:48% 77%\" srcset=\"https:\/\/www.sainttropez.aeroport.fr\/app\/uploads\/2023\/03\/92-768x1024.jpg 768w, https:\/\/www.sainttropez.aeroport.fr\/app\/uploads\/2023\/03\/92-225x300.jpg 225w, https:\/\/www.sainttropez.aeroport.fr\/app\/uploads\/2023\/03\/92-1152x1536.jpg 1152w, https:\/\/www.sainttropez.aeroport.fr\/app\/uploads\/2023\/03\/92-1536x2048.jpg 1536w, https:\/\/www.sainttropez.aeroport.fr\/app\/uploads\/2023\/03\/92-scaled.jpg 1920w\" sizes=\"auto, (max-width: 768px) 100vw, 768px\" \/><\/figure><div class=\"wp-block-media-text__content\">\n<div class=\"wp-block-group is-layout-constrained wp-block-group-is-layout-constrained\">\n<p class=\"wp-block-paragraph\">Pour toute demande d\u2019assistance, l\u2019A\u00e9roport du Golfe de Saint &#8211; Tropez vous invite \u00e0 vous connecter et \u00e0 cr\u00e9er un compte sur \u00ab MY HANDLING \u00bb .<\/p>\n\n\n\n<p class=\"wp-block-paragraph\"><strong>My Handling<\/strong> vous permet de saisir directement votre demande et de g\u00e9rer rapidement les informations li\u00e9es au vol et les services souhait\u00e9s.<\/p>\n\n\n\n<p class=\"wp-block-paragraph\">My Handling, une interface simple et efficace entre vos exigences et le raffinement d\u2019un accueil VIP.<\/p>\n\n\n\n<p class=\"wp-block-paragraph\">Assistance FBO A\u00e9roport Golfe de Saint &#8211; Tropez<\/p>\n\n\n\n<p class=\"has-text-align-center wp-block-paragraph\">Touch&rsquo;N Go pour l\u2019aviation l\u00e9g\u00e8re sur notre a\u00e9roport<\/p>\n\n\n\n<div class=\"wp-block-buttons is-content-justification-center is-layout-flex wp-container-core-buttons-is-layout-9b3e53d3 wp-block-buttons-is-layout-flex\">\n<div class=\"wp-block-button\"><a class=\"wp-block-button__link has-primary-background-color has-background wp-element-button\" href=\"https:\/\/www.touchngo.fr\/\" target=\"_blank\" rel=\"noreferrer noopener\">TOUCH AND GO<\/a><\/div>\n<\/div>\n<\/div>\n<\/div><\/div>\n\n\n\n<div class=\"wp-block-group is-layout-constrained wp-block-group-is-layout-constrained\" style=\"margin-top:var(--wp--preset--spacing--80);margin-bottom:var(--wp--preset--spacing--80)\">\n<p class=\"has-text-align-center wp-block-paragraph\">Nous utilisons MyHandling software pour traiter vos demandes avec plus de facilit\u00e9s.  Veuillez faire vos demandes sur cette plateforme.<\/p>\n\n\n\n<div class=\"wp-block-buttons is-content-justification-center is-layout-flex wp-container-core-buttons-is-layout-9b3e53d3 wp-block-buttons-is-layout-flex\">\n<div class=\"wp-block-button\"><a class=\"wp-block-button__link has-primary-background-color has-background wp-element-button\" href=\"https:\/\/cy.myhandlingsoftware.com\" target=\"_blank\" rel=\"noreferrer noopener\">MY HANDLING<\/a><\/div>\n<\/div>\n<\/div>\n\n\n\n<div class=\"wp-block-buttons is-content-justification-center is-layout-flex wp-container-core-buttons-is-layout-9b3e53d3 wp-block-buttons-is-layout-flex\">\n<div class=\"wp-block-button\"><a class=\"wp-block-button__link has-green-500-background-color has-background wp-element-button\" href=\"https:\/\/www.sainttropez.aeroport.fr\/app\/uploads\/2023\/03\/CGV-AGST-SGHA-01022019-v2-ENG.pdf\" target=\"_blank\" rel=\"noreferrer noopener\">GENERAL TERMS AND CONDITIONS OF SALE<\/a><\/div>\n\n\n\n<div class=\"wp-block-button\"><a class=\"wp-block-button__link has-green-500-background-color has-background wp-element-button\" href=\"https:\/\/www.sainttropez.aeroport.fr\/app\/uploads\/2023\/03\/CGV-AGST-SGHA-01022019-v2-FR-2.pdf\" target=\"_blank\" rel=\"noreferrer noopener\">CONDITIONS GENERALES DE VENTE<\/a><\/div>\n<\/div>\n<\/div>\n","protected":false},"excerpt":{"rendered":"<p>Pour toute demande d\u2019assistance, l\u2019A\u00e9roport du Golfe de Saint &#8211; Tropez vous invite \u00e0 vous connecter et \u00e0 cr\u00e9er un compte sur \u00ab MY HANDLING \u00bb . My Handling vous permet de saisir directement votre demande et de g\u00e9rer rapidement les informations li\u00e9es au vol et les services souhait\u00e9s. My Handling, une interface simple et&#8230;<\/p>\n","protected":false},"author":4,"featured_media":0,"parent":39,"menu_order":35,"comment_status":"closed","ping_status":"closed","template":"","meta":{"_acf_changed":false,"_crdt_document":"","footnotes":""},"class_list":["post-1982","page","type-page","status-publish","hentry"],"acf":{"address":false,"subtitle":"","autoplay":false,"delay":"","video_mp4":false,"video_webm":false,"poster_image":false,"nugget":false,"partner":false,"tab":false,"title_alignement":"alignwide"},"_links":{"self":[{"href":"https:\/\/www.sainttropez.aeroport.fr\/fr\/wp-json\/wp\/v2\/pages\/1982","targetHints":{"allow":["GET"]}}],"collection":[{"href":"https:\/\/www.sainttropez.aeroport.fr\/fr\/wp-json\/wp\/v2\/pages"}],"about":[{"href":"https:\/\/www.sainttropez.aeroport.fr\/fr\/wp-json\/wp\/v2\/types\/page"}],"author":[{"embeddable":true,"href":"https:\/\/www.sainttropez.aeroport.fr\/fr\/wp-json\/wp\/v2\/users\/4"}],"replies":[{"embeddable":true,"href":"https:\/\/www.sainttropez.aeroport.fr\/fr\/wp-json\/wp\/v2\/comments?post=1982"}],"version-history":[{"count":21,"href":"https:\/\/www.sainttropez.aeroport.fr\/fr\/wp-json\/wp\/v2\/pages\/1982\/revisions"}],"predecessor-version":[{"id":3793,"href":"https:\/\/www.sainttropez.aeroport.fr\/fr\/wp-json\/wp\/v2\/pages\/1982\/revisions\/3793"}],"up":[{"embeddable":true,"href":"https:\/\/www.sainttropez.aeroport.fr\/fr\/wp-json\/wp\/v2\/pages\/39"}],"wp:attachment":[{"href":"https:\/\/www.sainttropez.aeroport.fr\/fr\/wp-json\/wp\/v2\/media?parent=1982"}],"curies":[{"name":"wp","href":"https:\/\/api.w.org\/{rel}","templated":true}]}}