{"id":2032,"date":"2023-04-07T15:37:53","date_gmt":"2023-04-07T14:37:53","guid":{"rendered":"https:\/\/www.sainttropez.aeroport.fr\/?page_id=2032"},"modified":"2026-02-25T17:58:20","modified_gmt":"2026-02-25T16:58:20","slug":"environnement","status":"publish","type":"page","link":"https:\/\/www.sainttropez.aeroport.fr\/fr\/environnement","title":{"rendered":"Environnement"},"content":{"rendered":"\n<div class=\"wp-block-group alignwide has-w-background-color has-background is-layout-flow wp-block-group-is-layout-flow\">\n<h2 class=\"wp-block-heading\">BIODIVERSITE<\/h2>\n\n\n\n<p class=\"has-lg-font-size wp-block-paragraph\"><strong>La BIODIVERSITE SUR un a\u00e9roport <\/strong>oui mais pourquoi ?<\/p>\n\n\n\n<figure class=\"wp-block-video\"><video height=\"1080\" style=\"aspect-ratio: 1920 \/ 1080;\" width=\"1920\" controls poster=\"https:\/\/www.sainttropez.aeroport.fr\/app\/uploads\/2026\/02\/aerobio.jpg\" src=\"https:\/\/www.sainttropez.aeroport.fr\/app\/uploads\/2025\/05\/aerobio-v1-1.mp4\"><\/video><\/figure>\n\n\n\n<p class=\"wp-block-paragraph\"><strong>L\u2019a\u00e9roport du Golfe de Saint-Tropez a re\u00e7u en juin 2023 le label a\u00e9robio pour ses engagements et ses actions en faveur de la nature.<\/strong><\/p>\n\n\n\n<p class=\"wp-block-paragraph\">Ce label, initi\u00e9 par l\u2019<strong>association A\u00e9robiodiversit\u00e9<\/strong> en 2020, a pour objectif d\u2019inscrire les programmes en faveur de la biodiversit\u00e9 sur le long terme des a\u00e9roports et des a\u00e9rodromes. La d\u00e9cision d\u2019attribution du label, comprenant trois niveaux, est pr\u00e9-analys\u00e9e par les \u00e9quipes d\u2019A\u00e9ro Biodiversit\u00e9 avant d\u2019\u00eatre d\u00e9cid\u00e9e, de fa\u00e7on ind\u00e9pendante et \u00e9thique, par le <strong>Conseil scientifique issu du Mus\u00e9um national d\u2019Histoire naturelle (MNHN)<\/strong>.<\/p>\n\n\n\n<div style=\"height:60px\" aria-hidden=\"true\" class=\"wp-block-spacer\"><\/div>\n\n\n\n<div class=\"wp-block-columns is-layout-flex wp-container-core-columns-is-layout-0defc3be wp-block-columns-is-layout-flex\">\n<div class=\"wp-block-column is-layout-flow wp-block-column-is-layout-flow\">\n<figure class=\"wp-block-image alignfull size-full\"><img loading=\"lazy\" decoding=\"async\" width=\"413\" height=\"551\" data-tippy-content=\"Newspaper-AERO-BIO\" src=\"https:\/\/www.sainttropez.aeroport.fr\/app\/uploads\/2024\/01\/Newspaper-AERO-BIO.jpg\" alt=\"\" class=\"wp-image-2445\" srcset=\"https:\/\/www.sainttropez.aeroport.fr\/app\/uploads\/2024\/01\/Newspaper-AERO-BIO.jpg 413w, https:\/\/www.sainttropez.aeroport.fr\/app\/uploads\/2024\/01\/Newspaper-AERO-BIO-225x300.jpg 225w\" sizes=\"auto, (max-width: 413px) 100vw, 413px\" \/><\/figure>\n<\/div>\n\n\n\n<div class=\"wp-block-column is-layout-flow wp-block-column-is-layout-flow\">\n<figure class=\"wp-block-image size-large\"><img loading=\"lazy\" decoding=\"async\" width=\"683\" height=\"1024\" data-tippy-content=\"DSCF9725\" src=\"https:\/\/www.sainttropez.aeroport.fr\/app\/uploads\/2026\/01\/DSCF9725-683x1024.jpg\" alt=\"\" class=\"wp-image-3758\" style=\"aspect-ratio:3\/4;object-fit:cover\" srcset=\"https:\/\/www.sainttropez.aeroport.fr\/app\/uploads\/2026\/01\/DSCF9725-683x1024.jpg 683w, https:\/\/www.sainttropez.aeroport.fr\/app\/uploads\/2026\/01\/DSCF9725-200x300.jpg 200w, https:\/\/www.sainttropez.aeroport.fr\/app\/uploads\/2026\/01\/DSCF9725-768x1152.jpg 768w, https:\/\/www.sainttropez.aeroport.fr\/app\/uploads\/2026\/01\/DSCF9725-1024x1536.jpg 1024w, https:\/\/www.sainttropez.aeroport.fr\/app\/uploads\/2026\/01\/DSCF9725-1365x2048.jpg 1365w, https:\/\/www.sainttropez.aeroport.fr\/app\/uploads\/2026\/01\/DSCF9725-scaled.jpg 1707w\" sizes=\"auto, (max-width: 683px) 100vw, 683px\" \/><\/figure>\n<\/div>\n<\/div>\n\n\n\n<div style=\"height:60px\" aria-hidden=\"true\" class=\"wp-block-spacer\"><\/div>\n\n\n\n<h2 class=\"wp-block-heading\">Les trois niveaux du label aerobio<\/h2>\n\n\n\n<ul class=\"wp-block-list\">\n<li>Niveau 1 : Conna\u00eetre la biodiversit\u00e9<\/li>\n\n\n\n<li><strong>Niveau 2 : Suivre et am\u00e9liorer la biodiversit\u00e9<\/strong><\/li>\n\n\n\n<li>Niveau 3 : Int\u00e9grer durablement et promouvoir la biodiversit\u00e9<\/li>\n<\/ul>\n\n\n\n<p class=\"wp-block-paragraph\">Le label couvre quatre enjeux de biodiversit\u00e9 : la biodiversit\u00e9, l\u2019investissement du personnel, la communication et l\u2019ancrage territorial.<\/p>\n\n\n\n<p class=\"wp-block-paragraph\">L\u2019a\u00e9roport du Golfe de Saint-Tropez a obtenu le label de niveau 2 en d\u00e9montrant tant la connaissance de ses milieux, la maitrise de sa gestion des espaces que sa forte volont\u00e9 de transmission et de sensibilisation \u00e0 la biodiversit\u00e9.<\/p>\n\n\n\n<div style=\"height:60px\" aria-hidden=\"true\" class=\"wp-block-spacer\"><\/div>\n\n\n\n<div class=\"wp-block-group is-layout-constrained wp-block-group-is-layout-constrained\">\n<div class=\"wp-block-columns is-layout-flex wp-container-core-columns-is-layout-0defc3be wp-block-columns-is-layout-flex\">\n<div class=\"wp-block-column is-layout-flow wp-block-column-is-layout-flow\" style=\"flex-basis:50%\">\n<figure class=\"wp-block-image size-full\"><img decoding=\"async\" data-tippy-content=\"695A2334\" src=\"https:\/\/www.sainttropez.aeroport.fr\/app\/uploads\/2023\/09\/695A2334.jpg\" alt=\"\" class=\"wp-image-2318\" style=\"aspect-ratio:1;object-fit:cover\"\/><\/figure>\n<\/div>\n\n\n\n<div class=\"wp-block-column is-layout-flow wp-block-column-is-layout-flow\" style=\"flex-basis:50%\">\n<figure class=\"wp-block-image size-large\"><img loading=\"lazy\" decoding=\"async\" width=\"1024\" height=\"532\" data-tippy-content=\"420A5501\" src=\"https:\/\/www.sainttropez.aeroport.fr\/app\/uploads\/2023\/09\/420A5501-1024x532.jpg\" alt=\"\" class=\"wp-image-2320\" style=\"aspect-ratio:1;object-fit:cover\" srcset=\"https:\/\/www.sainttropez.aeroport.fr\/app\/uploads\/2023\/09\/420A5501-1024x532.jpg 1024w, https:\/\/www.sainttropez.aeroport.fr\/app\/uploads\/2023\/09\/420A5501-300x156.jpg 300w, https:\/\/www.sainttropez.aeroport.fr\/app\/uploads\/2023\/09\/420A5501-768x399.jpg 768w, https:\/\/www.sainttropez.aeroport.fr\/app\/uploads\/2023\/09\/420A5501-1536x798.jpg 1536w, https:\/\/www.sainttropez.aeroport.fr\/app\/uploads\/2023\/09\/420A5501-2048x1064.jpg 2048w\" sizes=\"auto, (max-width: 1024px) 100vw, 1024px\" \/><\/figure>\n<\/div>\n<\/div>\n<\/div>\n\n\n\n<div style=\"height:60px\" aria-hidden=\"true\" class=\"wp-block-spacer\"><\/div>\n\n\n\n<h2 class=\"wp-block-heading\">Particularit\u00e9 de l\u2019a\u00e9roport en termes de biodiversit\u00e9<\/h2>\n\n\n\n<p class=\"wp-block-paragraph\">Au sein de la ripisylve, diff\u00e9rentes esp\u00e8ces v\u00e9g\u00e9tales sont pr\u00e9sentes telles que le Narcisse des po\u00e8tes (Narcissus poeticus), l\u2019Ail \u00e0 trois angles (Allium triquetrum), la Fritillaire \u00e0 involucre (Fritillaria involucrata).<br>Plusieurs rapaces survolent la plateforme comme le Circa\u00e8te Jean-le-Blanc (Circaetus gallicus) ou le Milan noir (Milvus migrans), mais ce sont notamment les haies qui repr\u00e9sentent un enjeu particulier pour de nombreux passereaux comme la Fauvette \u00e0 lunettes (Sylvia conspicillata), esp\u00e8ce consid\u00e9r\u00e9e \u00ab&nbsp;En Danger&nbsp;\u00bb dans la r\u00e9gion PACA et qui a \u00e9t\u00e9 inventori\u00e9e sur la plateforme en 2022. Un papillon prot\u00e9g\u00e9 au niveau national, la Diane (Zerynthia polyxena), est pr\u00e9sent sur la plateforme majoritairement au niveau de la ripisylve o\u00f9 plusieurs stations d\u2019Aristoloche \u00e0 feuilles rondes (Aristolochia rotundifolia), sa plante h\u00f4te, ont \u00e9t\u00e9 observ\u00e9es. L\u2019observation r\u00e9currente d\u2019\u0153ufs de cette esp\u00e8ce atteste de sa reproduction sur la site. Plusieurs zones ont ainsi \u00e9t\u00e9 mise en d\u00e9fend pour prot\u00e9ger le cycle de d\u00e9veloppement de l\u2019esp\u00e8ce.<\/p>\n\n\n\n<div style=\"height:60px\" aria-hidden=\"true\" class=\"wp-block-spacer\"><\/div>\n\n\n\n<div class=\"wp-block-columns is-layout-flex wp-container-core-columns-is-layout-0defc3be wp-block-columns-is-layout-flex\">\n<div class=\"wp-block-column is-layout-flow wp-block-column-is-layout-flow\" style=\"flex-basis:50%\">\n<figure class=\"wp-block-image aligncenter size-large\"><img loading=\"lazy\" decoding=\"async\" width=\"823\" height=\"1024\" data-tippy-content=\"Processed with VSCO with al3 preset\" data-caption=\"Processed with VSCO with al3 preset\" src=\"https:\/\/www.sainttropez.aeroport.fr\/app\/uploads\/2023\/09\/7A0EAAFF-4E00-4C6B-8DCC-60384B33422C-823x1024.jpg\" alt=\"\" class=\"wp-image-2322\" style=\"aspect-ratio:1;object-fit:cover\" srcset=\"https:\/\/www.sainttropez.aeroport.fr\/app\/uploads\/2023\/09\/7A0EAAFF-4E00-4C6B-8DCC-60384B33422C-823x1024.jpg 823w, https:\/\/www.sainttropez.aeroport.fr\/app\/uploads\/2023\/09\/7A0EAAFF-4E00-4C6B-8DCC-60384B33422C-241x300.jpg 241w, https:\/\/www.sainttropez.aeroport.fr\/app\/uploads\/2023\/09\/7A0EAAFF-4E00-4C6B-8DCC-60384B33422C-768x956.jpg 768w, https:\/\/www.sainttropez.aeroport.fr\/app\/uploads\/2023\/09\/7A0EAAFF-4E00-4C6B-8DCC-60384B33422C.jpg 1170w\" sizes=\"auto, (max-width: 823px) 100vw, 823px\" \/><\/figure>\n<\/div>\n\n\n\n<div class=\"wp-block-column is-layout-flow wp-block-column-is-layout-flow\" style=\"flex-basis:50%\">\n<figure class=\"wp-block-image aligncenter size-large\"><img loading=\"lazy\" decoding=\"async\" width=\"576\" height=\"1024\" data-tippy-content=\"Processed with VSCO with al3 preset\" data-caption=\"Processed with VSCO with al3 preset\" src=\"https:\/\/www.sainttropez.aeroport.fr\/app\/uploads\/2023\/09\/6A033A72-032F-4C5F-9D0B-DB1D28EDD37F-576x1024.jpg\" alt=\"\" class=\"wp-image-2324\" style=\"aspect-ratio:1;object-fit:cover\" srcset=\"https:\/\/www.sainttropez.aeroport.fr\/app\/uploads\/2023\/09\/6A033A72-032F-4C5F-9D0B-DB1D28EDD37F-576x1024.jpg 576w, https:\/\/www.sainttropez.aeroport.fr\/app\/uploads\/2023\/09\/6A033A72-032F-4C5F-9D0B-DB1D28EDD37F-169x300.jpg 169w, https:\/\/www.sainttropez.aeroport.fr\/app\/uploads\/2023\/09\/6A033A72-032F-4C5F-9D0B-DB1D28EDD37F.jpg 750w\" sizes=\"auto, (max-width: 576px) 100vw, 576px\" \/><\/figure>\n<\/div>\n<\/div>\n<\/div>\n","protected":false},"excerpt":{"rendered":"<p>BIODIVERSITE La BIODIVERSITE SUR un a\u00e9roport oui mais pourquoi ? L\u2019a\u00e9roport du Golfe de Saint-Tropez a re\u00e7u en juin 2023 le label a\u00e9robio pour ses engagements et ses actions en faveur de la nature. Ce label, initi\u00e9 par l\u2019association A\u00e9robiodiversit\u00e9 en 2020, a pour objectif d\u2019inscrire les programmes en faveur de la biodiversit\u00e9 sur le&#8230;<\/p>\n","protected":false},"author":4,"featured_media":0,"parent":0,"menu_order":40,"comment_status":"closed","ping_status":"closed","template":"","meta":{"_acf_changed":false,"_crdt_document":"","footnotes":""},"class_list":["post-2032","page","type-page","status-publish","hentry"],"acf":{"address":false,"subtitle":"","autoplay":false,"delay":"","video_mp4":false,"video_webm":false,"poster_image":false,"nugget":false,"partner":true,"tab":false,"title_alignement":"alignwide"},"_links":{"self":[{"href":"https:\/\/www.sainttropez.aeroport.fr\/fr\/wp-json\/wp\/v2\/pages\/2032","targetHints":{"allow":["GET"]}}],"collection":[{"href":"https:\/\/www.sainttropez.aeroport.fr\/fr\/wp-json\/wp\/v2\/pages"}],"about":[{"href":"https:\/\/www.sainttropez.aeroport.fr\/fr\/wp-json\/wp\/v2\/types\/page"}],"author":[{"embeddable":true,"href":"https:\/\/www.sainttropez.aeroport.fr\/fr\/wp-json\/wp\/v2\/users\/4"}],"replies":[{"embeddable":true,"href":"https:\/\/www.sainttropez.aeroport.fr\/fr\/wp-json\/wp\/v2\/comments?post=2032"}],"version-history":[{"count":27,"href":"https:\/\/www.sainttropez.aeroport.fr\/fr\/wp-json\/wp\/v2\/pages\/2032\/revisions"}],"predecessor-version":[{"id":3847,"href":"https:\/\/www.sainttropez.aeroport.fr\/fr\/wp-json\/wp\/v2\/pages\/2032\/revisions\/3847"}],"wp:attachment":[{"href":"https:\/\/www.sainttropez.aeroport.fr\/fr\/wp-json\/wp\/v2\/media?parent=2032"}],"curies":[{"name":"wp","href":"https:\/\/api.w.org\/{rel}","templated":true}]}}