{"id":3800,"date":"2026-02-23T22:27:45","date_gmt":"2026-02-23T21:27:45","guid":{"rendered":"https:\/\/www.sainttropez.aeroport.fr\/?page_id=3800"},"modified":"2026-02-25T18:00:45","modified_gmt":"2026-02-25T17:00:45","slug":"bien-preparer-ses-bagages","status":"publish","type":"page","link":"https:\/\/www.sainttropez.aeroport.fr\/fr\/services\/bien-preparer-ses-bagages","title":{"rendered":"Bien pr\u00e9parer ses bagages"},"content":{"rendered":"\n<div class=\"wp-block-group alignwide has-w-background-color has-background is-layout-constrained wp-block-group-is-layout-constrained\">\n<div data-wp-context=\"{ &quot;autoclose&quot;: false, &quot;accordionItems&quot;: [] }\" data-wp-interactive=\"core\/accordion\" role=\"group\" class=\"wp-block-accordion alignfull is-layout-flow wp-block-accordion-is-layout-flow\">\n<div data-wp-class--is-open=\"state.isOpen\" data-wp-context=\"{ &quot;id&quot;: &quot;accordion-item-1&quot;, &quot;openByDefault&quot;: true }\" data-wp-init=\"callbacks.initAccordionItems\" data-wp-on-window--hashchange=\"callbacks.hashChange\" class=\"wp-block-accordion-item is-open is-layout-flow wp-block-accordion-item-is-layout-flow\">\n<h3 class=\"wp-block-accordion-heading\"><button aria-expanded=\"true\" aria-controls=\"accordion-item-1-panel\" data-wp-bind--aria-expanded=\"state.isOpen\" data-wp-on--click=\"actions.toggle\" id=\"accordion-item-1\" type=\"button\" class=\"wp-block-accordion-heading__toggle\"><span class=\"wp-block-accordion-heading__toggle-title\">Bagages en soute<\/span><span class=\"wp-block-accordion-heading__toggle-icon\" aria-hidden=\"true\">+<\/span><\/button><\/h3>\n\n\n\n<div aria-labelledby=\"accordion-item-1\" data-wp-bind--inert=\"!state.isOpen\" id=\"accordion-item-1-panel\" role=\"region\" class=\"wp-block-accordion-panel is-layout-flow wp-block-accordion-panel-is-layout-flow\">\n<p class=\"wp-block-paragraph\">Lors de votre passage \u00e0 l\u2019a\u00e9roport, afin de garantir votre s\u00e9curit\u00e9 et celle des autres passagers, vous serez soumis \u00e0 une r\u00e9glementation stricte. Celle-ci concerne notamment le transport de vos bagages de soute. Voici quelques conseils qui vous permettront de bien pr\u00e9parer votre voyage et vous faciliteront le processus de contr\u00f4le s\u00fbret\u00e9 de l\u2019a\u00e9roport.<\/p>\n\n\n\n<p class=\"wp-block-paragraph\">Pour plus d\u2019information, nous vous invitons \u00e0 consulter<a href=\"https:\/\/www.ecologique-solidaire.gouv.fr\/articles-reglementes-ou-interdits-en-avion-et-en-helicoptere\" target=\"_blank\" rel=\"noreferrer noopener\">&nbsp;le site du minist\u00e8re Ici&nbsp;<\/a>ou \u00e0 contacter votre compagnie a\u00e9rienne<\/p>\n\n\n\n<hr class=\"wp-block-separator has-alpha-channel-opacity\"\/>\n\n\n\n<h4 class=\"wp-block-heading\">Sont interdits en soute :<\/h4>\n\n\n\n<ul class=\"wp-block-list\">\n<li>Les explosifs, munitions, p\u00e9tards&#8230;<\/li>\n\n\n\n<li>Les gaz<\/li>\n\n\n\n<li>Les substances corrosives, oxydants, irritants (javel\u2026)<\/li>\n\n\n\n<li>Les liquides, solides ou gaz inflammables (white-spirit, butane\u2026)<\/li>\n\n\n\n<li>Les mati\u00e8res radioactives<\/li>\n\n\n\n<li>Les masses magn\u00e9tiques<\/li>\n\n\n\n<li>Les produits toxiques, poison.<\/li>\n<\/ul>\n\n\n\n<p class=\"wp-block-paragraph\"><strong>Vos bagages de soute doivent \u00eatre&nbsp;tous \u00e9tiquet\u00e9s \u00e0 votre nom.<\/strong><\/p>\n\n\n\n<p class=\"wp-block-paragraph\">Nous vous conseillons de conserver dans vos bagages de cabine vos films photographiques ainsi que vos m\u00e9dicaments.<\/p>\n<\/div>\n<\/div>\n\n\n\n<div data-wp-class--is-open=\"state.isOpen\" data-wp-context=\"{ &quot;id&quot;: &quot;accordion-item-2&quot;, &quot;openByDefault&quot;: true }\" data-wp-init=\"callbacks.initAccordionItems\" data-wp-on-window--hashchange=\"callbacks.hashChange\" class=\"wp-block-accordion-item is-open is-layout-flow wp-block-accordion-item-is-layout-flow\">\n<h3 class=\"wp-block-accordion-heading\"><button aria-expanded=\"true\" aria-controls=\"accordion-item-2-panel\" data-wp-bind--aria-expanded=\"state.isOpen\" data-wp-on--click=\"actions.toggle\" id=\"accordion-item-2\" type=\"button\" class=\"wp-block-accordion-heading__toggle\"><span class=\"wp-block-accordion-heading__toggle-title\">Bagages en cabine<\/span><span class=\"wp-block-accordion-heading__toggle-icon\" aria-hidden=\"true\">+<\/span><\/button><\/h3>\n\n\n\n<div aria-labelledby=\"accordion-item-2\" data-wp-bind--inert=\"!state.isOpen\" id=\"accordion-item-2-panel\" role=\"region\" class=\"wp-block-accordion-panel is-layout-flow wp-block-accordion-panel-is-layout-flow\">\n<p class=\"wp-block-paragraph\">Lors de votre passage \u00e0 l\u2019a\u00e9roport, afin de garantir votre s\u00e9curit\u00e9 et celle des autres passagers, vous serez soumis \u00e0 une r\u00e9glementation stricte. Celle-ci concerne notamment le transport des bagages qui vous accompagneront en cabine.&nbsp;<strong>Voici quelques conseils<\/strong>&nbsp;qui vous permettront de bien pr\u00e9parer votre voyage et vous faciliteront le processus de contr\u00f4le s\u00fbret\u00e9 de l\u2019a\u00e9roport.<\/p>\n\n\n\n<p class=\"wp-block-paragraph\">Pour plus d\u2019information, nous vous invitons \u00e0 consulter le&nbsp;<a href=\"https:\/\/www.ecologique-solidaire.gouv.fr\/articles-reglementes-ou-interdits-en-avion-et-en-helicoptere\" target=\"_blank\" rel=\"noreferrer noopener\">site du minist\u00e8re Ici&nbsp;<\/a>ou \u00e0 contacter votre compagnie a\u00e9rienne.<\/p>\n\n\n\n<p class=\"wp-block-paragraph\">Lors de votre passage au contr\u00f4le de s\u00fbret\u00e9, vous disposez d\u2019un service de consigne afin d\u2019\u00e9viter la destruction des diff\u00e9rents objets interdits. Ces derniers seront conserv\u00e9s au Centre de Services jusqu\u2019\u00e0 votre prochaine visite, selon modalit\u00e9s.<\/p>\n\n\n\n<h5 class=\"wp-block-heading\">Sont interdits en cabine (liste non exhaustive) :<\/h5>\n\n\n\n<ul class=\"wp-block-list\">\n<li>Armes \u00e9mettant des projectiles (armes \u00e0 feux, harpons, arcs \u2026)<\/li>\n\n\n\n<li>Tout imitation d\u2019armes (jouets, d\u00e9coration, poings am\u00e9ricain sur sac \u00e0 main, porte-clefs \u00ab munition \u00bb \u2026)<\/li>\n\n\n\n<li>Armes d\u2019arts martiaux (nunchaku, katana, tonfa \u2026)<\/li>\n\n\n\n<li>Les lames de + de 6cm sont retir\u00e9es syst\u00e9matiquement<\/li>\n\n\n\n<li>Les lames de \u2013 de 6cm peuvent \u00eatre autoris\u00e9es* sauf les crans d&rsquo;arr\u00eat, les lames nues (cutter, armes blanches \u2026)<\/li>\n<\/ul>\n\n\n\n<p class=\"wp-block-paragraph\"><em>*Attention, suivant votre destination, les lames quelles que soient leurs tailles peuvent \u00eatre retir\u00e9es. Se renseigner aupr\u00e8s de votre compagnie<\/em><\/p>\n\n\n\n<ul class=\"wp-block-list\">\n<li>Objets contondants : qui peuvent engendrer des blessures graves (club de golf, batte de baseball, boules de p\u00e9tanque, \u2026)<\/li>\n\n\n\n<li>Explosifs, munitions, liquides inflammables et produits corrosifs (bombe, javel, alcool \u00e0 br\u00fbler \u2026)<\/li>\n\n\n\n<li>Outils (renseignez-vous ou enregistrez-les en soute)<\/li>\n<\/ul>\n\n\n\n<p class=\"wp-block-paragraph\">Articles neutralisants ou incapacitants (gaz lacrymog\u00e8ne, taser \u2026)<br>Les produits LAG* Liquides, gels, a\u00e9rosols de + de 100ml ou + de 100 gr&nbsp;<br><br>Veillez lors de la confection de vos bagages \u00e0 ne pas les emporter. En cas de doute, n\u2019h\u00e9sitez pas \u00e0 les enregistrer dans votre bagage de soute.<\/p>\n<\/div>\n<\/div>\n<\/div>\n<\/div>\n\n\n\n<p class=\"wp-block-paragraph\"><\/p>\n","protected":false},"excerpt":{"rendered":"","protected":false},"author":1,"featured_media":0,"parent":36,"menu_order":24,"comment_status":"closed","ping_status":"closed","template":"","meta":{"_acf_changed":false,"_crdt_document":"","footnotes":""},"class_list":["post-3800","page","type-page","status-publish","hentry"],"acf":{"title_alignement":"alignwide","address":false,"subtitle":"","autoplay":false,"delay":"","video_mp4":false,"video_webm":false,"poster_image":false,"nugget":false,"partner":false,"tab":false},"_links":{"self":[{"href":"https:\/\/www.sainttropez.aeroport.fr\/fr\/wp-json\/wp\/v2\/pages\/3800","targetHints":{"allow":["GET"]}}],"collection":[{"href":"https:\/\/www.sainttropez.aeroport.fr\/fr\/wp-json\/wp\/v2\/pages"}],"about":[{"href":"https:\/\/www.sainttropez.aeroport.fr\/fr\/wp-json\/wp\/v2\/types\/page"}],"author":[{"embeddable":true,"href":"https:\/\/www.sainttropez.aeroport.fr\/fr\/wp-json\/wp\/v2\/users\/1"}],"replies":[{"embeddable":true,"href":"https:\/\/www.sainttropez.aeroport.fr\/fr\/wp-json\/wp\/v2\/comments?post=3800"}],"version-history":[{"count":6,"href":"https:\/\/www.sainttropez.aeroport.fr\/fr\/wp-json\/wp\/v2\/pages\/3800\/revisions"}],"predecessor-version":[{"id":3849,"href":"https:\/\/www.sainttropez.aeroport.fr\/fr\/wp-json\/wp\/v2\/pages\/3800\/revisions\/3849"}],"up":[{"embeddable":true,"href":"https:\/\/www.sainttropez.aeroport.fr\/fr\/wp-json\/wp\/v2\/pages\/36"}],"wp:attachment":[{"href":"https:\/\/www.sainttropez.aeroport.fr\/fr\/wp-json\/wp\/v2\/media?parent=3800"}],"curies":[{"name":"wp","href":"https:\/\/api.w.org\/{rel}","templated":true}]}}