{"id":3812,"date":"2026-02-23T22:36:05","date_gmt":"2026-02-23T21:36:05","guid":{"rendered":"https:\/\/www.sainttropez.aeroport.fr\/?page_id=3812"},"modified":"2026-02-25T18:02:09","modified_gmt":"2026-02-25T17:02:09","slug":"documents-de-voyages-et-formalites","status":"publish","type":"page","link":"https:\/\/www.sainttropez.aeroport.fr\/fr\/services\/documents-de-voyages-et-formalites","title":{"rendered":"Documents et formalit\u00e9s"},"content":{"rendered":"\n<div class=\"wp-block-group alignwide has-w-background-color has-background is-layout-flow wp-block-group-is-layout-flow\">\n<h2 class=\"wp-block-heading\">V\u00e9rifiez bien vos papiers avant de voyager<\/h2>\n\n\n\n<p class=\"wp-block-paragraph\">Nous conseillons aux voyageurs de v\u00e9rifier quels sont les documents requis (carte nationale d\u2019identit\u00e9, passeport, visa, demande d\u2019autorisation etc\u2026) et formalit\u00e9s pour l\u2019entr\u00e9e et le s\u00e9jour dans leur pays de destination aupr\u00e8s de l\u2019ambassade et du consulat de ce pays en France.<\/p>\n\n\n\n<p class=\"wp-block-paragraph\"><strong>Sans ces documents, l\u2019acc\u00e8s \u00e0 bord peut vous \u00eatre refus\u00e9.&nbsp;<\/strong><\/p>\n\n\n\n<h3 class=\"wp-block-heading\">Carte d&rsquo;identit\u00e9<\/h3>\n\n\n\n<p class=\"wp-block-paragraph\">Une carte d\u2019identit\u00e9 valide vous suffit pour voyager vers les pays de l&rsquo;Union Europ\u00e9enne et la Suisse.<\/p>\n\n\n\n<h3 class=\"wp-block-heading\">Passeport<\/h3>\n\n\n\n<p class=\"wp-block-paragraph\">Un passeport en cours de validit\u00e9 est n\u00e9cessaire pour les autres destinations<br>La validit\u00e9 du passeport doit \u00eatre d&rsquo;au moins 6 mois apr\u00e8s votre date d&rsquo;entr\u00e9e ou de sortie du territoire dans les pays suivants: Br\u00e9sil, Chine, \u00c9gypte, \u00cele Maurice, Inde, Indon\u00e9sie, Japon, Kenya, Philippines, Tha\u00eflande et Vietnam.<\/p>\n\n\n\n<h3 class=\"wp-block-heading\">Visa<\/h3>\n\n\n\n<p class=\"wp-block-paragraph\">Hors UE la plupart des pays exigent un visa, en plus de votre passeport.<br>Renseignez-vous aupr\u00e8s de votre agence de voyages, de votre compagnie a\u00e9rienne ou du consulat de votre pays de destination.<\/p>\n\n\n\n<h3 class=\"wp-block-heading\">Autres formalit\u00e9s<\/h3>\n\n\n\n<p class=\"wp-block-paragraph\">Pour plus d\u2019informations sur les formalit\u00e9s d\u2019entr\u00e9e dans votre pays de destination ou de correspondance nous vous invitons \u00e0 consulter le site web de son consulat ou le site France Diplomatie .<\/p>\n\n\n\n<hr class=\"wp-block-separator has-alpha-channel-opacity\"\/>\n\n\n\n<h4 class=\"wp-block-heading\">Enfants mineurs, pr\u00e9voyez l\u2019autorisation de sortie du territoire<\/h4>\n\n\n\n<p class=\"wp-block-paragraph\">Depuis le 15 janvier 2017, un enfant mineur qui vit en France et voyage \u00e0 l&rsquo;\u00e9tranger seul ou sans \u00eatre accompagn\u00e9 de l&rsquo;un de ses parents doit \u00eatre muni d&rsquo;une autorisation de sortie du territoire (AST). Il s&rsquo;agit d&rsquo;un formulaire \u00e9tabli et sign\u00e9 par un parent (ou responsable l\u00e9gal). Le formulaire doit \u00eatre accompagn\u00e9 de la photocopie d&rsquo;une pi\u00e8ce d&rsquo;identit\u00e9 du parent signataire. Pour plus d&rsquo;information,&nbsp;<a href=\"https:\/\/www.service-public.fr\/particuliers\/vosdroits\/F1359\" target=\"_blank\" rel=\"noreferrer noopener\">consultez le site du gouvernement<\/a>&nbsp;.<\/p>\n<\/div>\n","protected":false},"excerpt":{"rendered":"<p>V\u00e9rifiez bien vos papiers avant de voyager Nous conseillons aux voyageurs de v\u00e9rifier quels sont les documents requis (carte nationale d\u2019identit\u00e9, passeport, visa, demande d\u2019autorisation etc\u2026) et formalit\u00e9s pour l\u2019entr\u00e9e et le s\u00e9jour dans leur pays de destination aupr\u00e8s de l\u2019ambassade et du consulat de ce pays en France. Sans ces documents, l\u2019acc\u00e8s \u00e0 bord&#8230;<\/p>\n","protected":false},"author":1,"featured_media":0,"parent":36,"menu_order":27,"comment_status":"closed","ping_status":"closed","template":"","meta":{"_acf_changed":false,"_crdt_document":"","footnotes":""},"class_list":["post-3812","page","type-page","status-publish","hentry"],"acf":{"title_alignement":"alignwide","address":false,"subtitle":"","autoplay":false,"delay":"","video_mp4":false,"video_webm":false,"poster_image":false,"nugget":false,"partner":false,"tab":false},"_links":{"self":[{"href":"https:\/\/www.sainttropez.aeroport.fr\/fr\/wp-json\/wp\/v2\/pages\/3812","targetHints":{"allow":["GET"]}}],"collection":[{"href":"https:\/\/www.sainttropez.aeroport.fr\/fr\/wp-json\/wp\/v2\/pages"}],"about":[{"href":"https:\/\/www.sainttropez.aeroport.fr\/fr\/wp-json\/wp\/v2\/types\/page"}],"author":[{"embeddable":true,"href":"https:\/\/www.sainttropez.aeroport.fr\/fr\/wp-json\/wp\/v2\/users\/1"}],"replies":[{"embeddable":true,"href":"https:\/\/www.sainttropez.aeroport.fr\/fr\/wp-json\/wp\/v2\/comments?post=3812"}],"version-history":[{"count":4,"href":"https:\/\/www.sainttropez.aeroport.fr\/fr\/wp-json\/wp\/v2\/pages\/3812\/revisions"}],"predecessor-version":[{"id":3852,"href":"https:\/\/www.sainttropez.aeroport.fr\/fr\/wp-json\/wp\/v2\/pages\/3812\/revisions\/3852"}],"up":[{"embeddable":true,"href":"https:\/\/www.sainttropez.aeroport.fr\/fr\/wp-json\/wp\/v2\/pages\/36"}],"wp:attachment":[{"href":"https:\/\/www.sainttropez.aeroport.fr\/fr\/wp-json\/wp\/v2\/media?parent=3812"}],"curies":[{"name":"wp","href":"https:\/\/api.w.org\/{rel}","templated":true}]}}